{"id":526670,"date":"2026-03-25T22:55:28","date_gmt":"2026-03-25T21:55:28","guid":{"rendered":"https:\/\/www.speedcube.nl\/?post_type=product&#038;p=526670"},"modified":"2026-05-10T05:05:16","modified_gmt":"2026-05-10T03:05:16","slug":"qiyi-warrior-5x5-magnetisch-uv","status":"publish","type":"product","link":"https:\/\/www.speedcube.nl\/de\/speedcube-de\/5x5-de\/qiyi-warrior-5x5-magnetisch-uv\/","title":{"rendered":"QiYi Warrior 5&#215;5 Magnetisch UV"},"content":{"rendered":"<p data-start=\"0\" data-end=\"167\">Bringen Sie Ihre W\u00fcrfelk\u00fcnste auf die n\u00e4chste Stufe mit dem QiYi Warrior 5&#215;5 (Magnetisch + UV). Als Teil der bekannten Warrior-Serie von QiYi kombiniert dieser 5&#215;5 Geschwindigkeit, Stabilit\u00e4t und Kontrolle mit hochwertiger Verarbeitung. Dank des leistungsstarken Dreifach-Magnetsystems (nicht weniger als 240 Magnete) bleiben die Schichten perfekt ausgerichtet und sorgen f\u00fcr reibungslose und pr\u00e4zise Drehungen bei jeder L\u00f6sung  <\/p>\n<p data-start=\"489\" data-end=\"792\">Der W\u00fcrfel wurde mit einem optimierten Eckenschnitt und breiteren Au\u00dfenschichten entwickelt, die ihm ein stabiles Spielgef\u00fchl und m\u00fchelosen Spin verleihen, unabh\u00e4ngig von Ihrem W\u00fcrfelspielstil. Intelligente Anti-Haft-Rillen und raffinierte Komponenten an den Kanten und in der Mitte reduzieren Blockierungen und geben Ihnen maximale Kontrolle mit einem schlanken, modernen Gef\u00fchl. Die UV-beschichtete Au\u00dfenseite verleiht dem W\u00fcrfel einen gl\u00e4nzenden, hochwertigen Look und sch\u00fctzt ihn vor Kratzern und Schrammen. Au\u00dferdem sorgen die leuchtenden, aufkleberfreien Farben f\u00fcr eine schnelle und klare Erkennung bei der Aufl\u00f6sung. Mit seiner kompakten Gr\u00f6\u00dfe von 59 mm und dem geringen Gewicht von nur 110 Gramm liegt der W\u00fcrfel gut in der Hand, ideal f\u00fcr lange Trainingseinheiten und Wettk\u00e4mpfe.    <\/p>\n","protected":false},"excerpt":{"rendered":"<p>QIYI<\/p>\n","protected":false},"featured_media":526671,"template":"","meta":{"_improvement_type_select":"improve_an_existing","_thumb_yes_seoaic":false,"_frame_yes_seoaic":false,"seoaic_generate_description":"","seoaic_improve_instructions_prompt":"","seoaic_rollback_content_improvement":"","seoaic_idea_thumbnail_generator":"","thumbnail_generated":false,"thumbnail_generate_prompt":"","seoaic_article_description":"","product-afmeting-lengte-mm":"","product-afmeting-breedte-mm":"","product-afmeting-hoogte-mm":""},"product_brand":[],"product_cat":[1872,1235,1211],"product_tag":[],"class_list":{"0":"post-526670","1":"product","2":"type-product","3":"status-publish","4":"has-post-thumbnail","6":"product_cat-5x5-de","7":"product_cat-qiyi-de","8":"product_cat-speedcube-de","9":"pa_merken-qiyi-de","11":"first","12":"instock","13":"taxable","14":"shipping-taxable","15":"purchasable","16":"product-type-simple"},"df_price":16.99,"df_sale_price":"","df_regular_price":16.99,"df_image_link":"https:\/\/www.speedcube.nl\/wp-content\/uploads\/2026\/03\/Productvisuals_Speedcubes-QiYi-Warrior-5x5-Magnetic-UV--285x300.jpg","_links":{"self":[{"href":"https:\/\/www.speedcube.nl\/de\/wp-json\/wp\/v2\/product\/526670","targetHints":{"allow":["GET"]}}],"collection":[{"href":"https:\/\/www.speedcube.nl\/de\/wp-json\/wp\/v2\/product"}],"about":[{"href":"https:\/\/www.speedcube.nl\/de\/wp-json\/wp\/v2\/types\/product"}],"version-history":[{"count":1,"href":"https:\/\/www.speedcube.nl\/de\/wp-json\/wp\/v2\/product\/526670\/revisions"}],"predecessor-version":[{"id":526692,"href":"https:\/\/www.speedcube.nl\/de\/wp-json\/wp\/v2\/product\/526670\/revisions\/526692"}],"wp:featuredmedia":[{"embeddable":true,"href":"https:\/\/www.speedcube.nl\/de\/wp-json\/wp\/v2\/media\/526671"}],"wp:attachment":[{"href":"https:\/\/www.speedcube.nl\/de\/wp-json\/wp\/v2\/media?parent=526670"}],"wp:term":[{"taxonomy":"product_brand","embeddable":true,"href":"https:\/\/www.speedcube.nl\/de\/wp-json\/wp\/v2\/product_brand?post=526670"},{"taxonomy":"product_cat","embeddable":true,"href":"https:\/\/www.speedcube.nl\/de\/wp-json\/wp\/v2\/product_cat?post=526670"},{"taxonomy":"product_tag","embeddable":true,"href":"https:\/\/www.speedcube.nl\/de\/wp-json\/wp\/v2\/product_tag?post=526670"}],"curies":[{"name":"wp","href":"https:\/\/api.w.org\/{rel}","templated":true}]}}