{"id":526630,"date":"2026-03-25T22:55:28","date_gmt":"2026-03-25T21:55:28","guid":{"rendered":"https:\/\/www.speedcube.nl\/?post_type=product&#038;p=526630"},"modified":"2026-05-10T05:05:16","modified_gmt":"2026-05-10T03:05:16","slug":"gan-v100-magnetbahn-mattiert","status":"publish","type":"product","link":"https:\/\/www.speedcube.nl\/de\/speedcube-de\/gan-de\/gan-v100-magnetbahn-mattiert\/","title":{"rendered":"GAN V100 Magnetbahn mattiert"},"content":{"rendered":"<p data-start=\"0\" data-end=\"160\">Erleben Sie den neuesten GAN V100 MagLev 3&#215;3 Frosted. Ein Premium-W\u00fcrfel, der Spitzenleistung mit einem schlanken, modernen Design kombiniert. Dieser fortschrittliche 3&#215;3-W\u00fcrfel von GAN verf\u00fcgt \u00fcber eine elegante matte (gefrostete) Oberfl\u00e4che, die nicht nur f\u00fcr zus\u00e4tzlichen Halt sorgt, sondern ihm auch einen eleganten Look verleiht. Mit einer kompakten Gr\u00f6\u00dfe von 55 mm liegt der W\u00fcrfel perfekt in der Hand und bietet optimale Kontrolle f\u00fcr jeden W\u00fcrfler, unabh\u00e4ngig von Ihrem Niveau oder Stil.   <\/p>\n<p data-start=\"475\" data-end=\"761\">Das innovative MagLev-System, das von 76 strategisch platzierten Magneten unterst\u00fctzt wird, ersetzt die herk\u00f6mmlichen Federn und reduziert die Reibung auf ein Minimum. Das Ergebnis ist eine extrem sanfte, leise und gleichm\u00e4\u00dfige Rotation. Genau das, was Sie f\u00fcr schnelle und pr\u00e4zise L\u00f6sungen brauchen. Dank des ber\u00fchmten GAN16-Einstellmechanismus k\u00f6nnen Sie den W\u00fcrfel ganz nach Ihren W\u00fcnschen einstellen, und zwar in 72 verschiedenen Konfigurationen. So k\u00f6nnen Sie m\u00fchelos Ihr ideales Gleichgewicht zwischen Geschwindigkeit, Stabilit\u00e4t und Kontrolle herstellen. Mit einem Gewicht von nur 64 Gramm ist der W\u00fcrfel ultraleicht, was die Erm\u00fcdung bei langen oder intensiven Trainingseinheiten minimiert. Die schwarzen Komponenten im Inneren des W\u00fcrfels sorgen au\u00dferdem f\u00fcr einen besonders luxuri\u00f6sen und unverwechselbaren Look.      <\/p>\n<p data-start=\"1219\" data-end=\"1233\">\n","protected":false},"excerpt":{"rendered":"<p>GAN<\/p>\n","protected":false},"featured_media":526631,"template":"","meta":{"_improvement_type_select":"improve_an_existing","_thumb_yes_seoaic":false,"_frame_yes_seoaic":false,"seoaic_generate_description":"","seoaic_improve_instructions_prompt":"","seoaic_rollback_content_improvement":"","seoaic_idea_thumbnail_generator":"","thumbnail_generated":false,"thumbnail_generate_prompt":"","seoaic_article_description":"","product-afmeting-lengte-mm":"","product-afmeting-breedte-mm":"","product-afmeting-hoogte-mm":""},"product_brand":[],"product_cat":[1221,1270,1211],"product_tag":[],"class_list":{"0":"post-526630","1":"product","2":"type-product","3":"status-publish","4":"has-post-thumbnail","6":"product_cat-3x3-de","7":"product_cat-gan-de","8":"product_cat-speedcube-de","9":"pa_merken-gan-de","11":"first","12":"outofstock","13":"taxable","14":"shipping-taxable","15":"purchasable","16":"product-type-simple"},"df_price":37.99,"df_sale_price":"","df_regular_price":37.99,"df_image_link":"https:\/\/www.speedcube.nl\/wp-content\/uploads\/2026\/03\/Productvisuals_Speedcubes-GAN-i4--285x300.jpg","_links":{"self":[{"href":"https:\/\/www.speedcube.nl\/de\/wp-json\/wp\/v2\/product\/526630","targetHints":{"allow":["GET"]}}],"collection":[{"href":"https:\/\/www.speedcube.nl\/de\/wp-json\/wp\/v2\/product"}],"about":[{"href":"https:\/\/www.speedcube.nl\/de\/wp-json\/wp\/v2\/types\/product"}],"version-history":[{"count":1,"href":"https:\/\/www.speedcube.nl\/de\/wp-json\/wp\/v2\/product\/526630\/revisions"}],"predecessor-version":[{"id":526691,"href":"https:\/\/www.speedcube.nl\/de\/wp-json\/wp\/v2\/product\/526630\/revisions\/526691"}],"wp:featuredmedia":[{"embeddable":true,"href":"https:\/\/www.speedcube.nl\/de\/wp-json\/wp\/v2\/media\/526631"}],"wp:attachment":[{"href":"https:\/\/www.speedcube.nl\/de\/wp-json\/wp\/v2\/media?parent=526630"}],"wp:term":[{"taxonomy":"product_brand","embeddable":true,"href":"https:\/\/www.speedcube.nl\/de\/wp-json\/wp\/v2\/product_brand?post=526630"},{"taxonomy":"product_cat","embeddable":true,"href":"https:\/\/www.speedcube.nl\/de\/wp-json\/wp\/v2\/product_cat?post=526630"},{"taxonomy":"product_tag","embeddable":true,"href":"https:\/\/www.speedcube.nl\/de\/wp-json\/wp\/v2\/product_tag?post=526630"}],"curies":[{"name":"wp","href":"https:\/\/api.w.org\/{rel}","templated":true}]}}