{"id":526589,"date":"2026-03-25T22:55:27","date_gmt":"2026-03-25T21:55:27","guid":{"rendered":"https:\/\/www.speedcube.nl\/?post_type=product&#038;p=526589"},"modified":"2026-05-10T05:05:16","modified_gmt":"2026-05-10T03:05:16","slug":"gan-356-i-carry-4-intelligenter-wurfel","status":"publish","type":"product","link":"https:\/\/www.speedcube.nl\/de\/speedcube-de\/smartcubes-de\/gan-356-i-carry-4-intelligenter-wurfel\/","title":{"rendered":"GAN 356 i Carry 4 (intelligenter W\u00fcrfel)"},"content":{"rendered":"<p data-start=\"0\" data-end=\"151\">Treten Sie ein in die Zukunft des Speedcubing mit dem GAN356 i Carry 4 3&#215;3. Ein intelligenter Speedtube, der Technologie und Spitzenleistung nahtlos miteinander verbindet. Dieser intelligente W\u00fcrfel der neuesten Generation von GAN hebt das interaktive Cubing auf die n\u00e4chste Stufe. Durch die vollst\u00e4ndige Integration in die CubeStation App haben Sie Zugriff auf umfassende Statistiken, Trainingsoptionen, Online-Battles und eine globale Cubing-Community.   <\/p>\n<p data-start=\"540\" data-end=\"792\">Unter der Haube liefert das i Carry 4 pure Leistung. Das 48-Magnet-System sorgt f\u00fcr schnelle, stabile und extrem sanfte Drehungen. Der W\u00fcrfel ist mit einem fortschrittlichen 72-Positionen-Einstellsystem ausgestattet, mit dem Sie Spannung und Elastizit\u00e4t ganz nach Ihrem Geschmack einstellen k\u00f6nnen. In Kombination mit dem omnidirektionalen Kugelkern und der Wabenstruktur f\u00fcr optimale Schmierung genie\u00dfen Sie eine reibungslose und konsistente Leistung direkt nach dem Auspacken. Mit einem 90\u00b0-Eckenschnitt und einem kompakteren Kerndesign bietet dieser W\u00fcrfel hervorragende Toleranz, zus\u00e4tzliche Stabilit\u00e4t und verbesserte Reaktionsf\u00e4higkeit. Die effizientere Konstruktion sorgt auch f\u00fcr eine l\u00e4ngere Lebensdauer der Batterie, ideal f\u00fcr lange Trainingseinheiten.     <\/p>\n<p data-start=\"540\" data-end=\"792\">Der GAN356 i Carry 4 3&#215;3 ist die perfekte Wahl f\u00fcr W\u00fcrfler, die ihre F\u00e4higkeiten mit intelligenter Technologie verbessern wollen, ohne dabei Kompromisse bei Geschwindigkeit und Gef\u00fchl einzugehen. Entdecken Sie eine neue Dimension des W\u00fcrfelns und verbinden, analysieren und verbessern Sie sich wie nie zuvor. <\/p>\n","protected":false},"excerpt":{"rendered":"<p>GAN<\/p>\n","protected":false},"featured_media":526591,"template":"","meta":{"_improvement_type_select":"improve_an_existing","_thumb_yes_seoaic":false,"_frame_yes_seoaic":false,"seoaic_generate_description":"","seoaic_improve_instructions_prompt":"","seoaic_rollback_content_improvement":"","seoaic_idea_thumbnail_generator":"","thumbnail_generated":false,"thumbnail_generate_prompt":"","seoaic_article_description":"","product-afmeting-lengte-mm":"","product-afmeting-breedte-mm":"","product-afmeting-hoogte-mm":""},"product_brand":[],"product_cat":[1221,1270,1564,1211],"product_tag":[],"class_list":{"0":"post-526589","1":"product","2":"type-product","3":"status-publish","4":"has-post-thumbnail","6":"product_cat-3x3-de","7":"product_cat-gan-de","8":"product_cat-smartcubes-de","9":"product_cat-speedcube-de","10":"pa_merken-gan-de","12":"first","13":"outofstock","14":"taxable","15":"shipping-taxable","16":"purchasable","17":"product-type-simple"},"df_price":34.99,"df_sale_price":"","df_regular_price":34.99,"df_image_link":"https:\/\/www.speedcube.nl\/wp-content\/uploads\/2026\/03\/Productvisuals_Speedcubes-GAN356-i-Carry-4--285x300.jpg","_links":{"self":[{"href":"https:\/\/www.speedcube.nl\/de\/wp-json\/wp\/v2\/product\/526589","targetHints":{"allow":["GET"]}}],"collection":[{"href":"https:\/\/www.speedcube.nl\/de\/wp-json\/wp\/v2\/product"}],"about":[{"href":"https:\/\/www.speedcube.nl\/de\/wp-json\/wp\/v2\/types\/product"}],"version-history":[{"count":1,"href":"https:\/\/www.speedcube.nl\/de\/wp-json\/wp\/v2\/product\/526589\/revisions"}],"predecessor-version":[{"id":526696,"href":"https:\/\/www.speedcube.nl\/de\/wp-json\/wp\/v2\/product\/526589\/revisions\/526696"}],"wp:featuredmedia":[{"embeddable":true,"href":"https:\/\/www.speedcube.nl\/de\/wp-json\/wp\/v2\/media\/526591"}],"wp:attachment":[{"href":"https:\/\/www.speedcube.nl\/de\/wp-json\/wp\/v2\/media?parent=526589"}],"wp:term":[{"taxonomy":"product_brand","embeddable":true,"href":"https:\/\/www.speedcube.nl\/de\/wp-json\/wp\/v2\/product_brand?post=526589"},{"taxonomy":"product_cat","embeddable":true,"href":"https:\/\/www.speedcube.nl\/de\/wp-json\/wp\/v2\/product_cat?post=526589"},{"taxonomy":"product_tag","embeddable":true,"href":"https:\/\/www.speedcube.nl\/de\/wp-json\/wp\/v2\/product_tag?post=526589"}],"curies":[{"name":"wp","href":"https:\/\/api.w.org\/{rel}","templated":true}]}}