{"id":526534,"date":"2026-03-25T22:55:27","date_gmt":"2026-03-25T21:55:27","guid":{"rendered":"https:\/\/www.speedcube.nl\/?post_type=product&#038;p=526534"},"modified":"2026-05-10T05:05:18","modified_gmt":"2026-05-10T03:05:18","slug":"gan-swift-3x3-super-magnetschwebebahn-uv","status":"publish","type":"product","link":"https:\/\/www.speedcube.nl\/de\/speedcube-de\/gan-de\/gan-swift-3x3-super-magnetschwebebahn-uv\/","title":{"rendered":"GAN Swift 3&#215;3 Super Magnetschwebebahn UV"},"content":{"rendered":"<p data-start=\"156\" data-end=\"431\">Dieser moderne Speed Cube verf\u00fcgt \u00fcber die fortschrittliche MagLev-Technologie, bei der magnetische Absto\u00dfung und Anziehung die traditionellen Federn ersetzen. Dies sorgt f\u00fcr minimale Reibung und extrem schnelle, gleichm\u00e4\u00dfige Drehungen, so dass Sie das Beste aus jeder L\u00f6sung herausholen k\u00f6nnen. Mit 76 strategisch platzierten Magneten und einem innovativen Doppelringsystem genie\u00dfen Sie eine hervorragende Stabilit\u00e4t, eine perfekte Ausrichtung der Ebenen und praktisch keine Blockierungen. Das Ergebnis: ein zuverl\u00e4ssiges und konsistentes W\u00fcrfelerlebnis, selbst bei hoher Geschwindigkeit. Dank des GES-Spannsystems k\u00f6nnen Sie aus 8 verschiedenen Einstellungen w\u00e4hlen und so den W\u00fcrfel ganz nach Ihren W\u00fcnschen in Bezug auf Kontrolle und Geschwindigkeit anpassen. Die UV-beschichtete Au\u00dfenseite verleiht nicht nur einen luxuri\u00f6sen Glanz, sondern sorgt auch f\u00fcr zus\u00e4tzlichen Halt und Haltbarkeit bei starker Beanspruchung. Das intelligente, konkave Design mit omnidirektionalem Kugelkern und flexibler Innenstruktur reduziert die Reibung und erm\u00f6glicht beeindruckende Kurvenschnitte bis zu 90\u00b0. Mit einem Gewicht von nur 71 Gramm ist der W\u00fcrfel leicht und komfortabel, ohne dabei an Robustheit einzub\u00fc\u00dfen, dank der patentierten Kerntechnologie von GAN.       <\/p>\n","protected":false},"excerpt":{"rendered":"<p>GAN<\/p>\n","protected":false},"featured_media":526535,"template":"","meta":{"_improvement_type_select":"improve_an_existing","_thumb_yes_seoaic":false,"_frame_yes_seoaic":false,"seoaic_generate_description":"","seoaic_improve_instructions_prompt":"","seoaic_rollback_content_improvement":"","seoaic_idea_thumbnail_generator":"","thumbnail_generated":false,"thumbnail_generate_prompt":"","seoaic_article_description":"","product-afmeting-lengte-mm":"","product-afmeting-breedte-mm":"","product-afmeting-hoogte-mm":""},"product_brand":[],"product_cat":[1221,1270,1211],"product_tag":[],"class_list":{"0":"post-526534","1":"product","2":"type-product","3":"status-publish","4":"has-post-thumbnail","6":"product_cat-3x3-de","7":"product_cat-gan-de","8":"product_cat-speedcube-de","9":"pa_merken-gan-de","11":"first","12":"instock","13":"taxable","14":"shipping-taxable","15":"purchasable","16":"product-type-simple"},"df_price":24.99,"df_sale_price":"","df_regular_price":24.99,"df_image_link":"https:\/\/www.speedcube.nl\/wp-content\/uploads\/2026\/03\/Productvisuals_Speedcubes-GAN-Swift-3x3-Super-Maglev-UV--285x300.jpg","_links":{"self":[{"href":"https:\/\/www.speedcube.nl\/de\/wp-json\/wp\/v2\/product\/526534","targetHints":{"allow":["GET"]}}],"collection":[{"href":"https:\/\/www.speedcube.nl\/de\/wp-json\/wp\/v2\/product"}],"about":[{"href":"https:\/\/www.speedcube.nl\/de\/wp-json\/wp\/v2\/types\/product"}],"version-history":[{"count":1,"href":"https:\/\/www.speedcube.nl\/de\/wp-json\/wp\/v2\/product\/526534\/revisions"}],"predecessor-version":[{"id":526694,"href":"https:\/\/www.speedcube.nl\/de\/wp-json\/wp\/v2\/product\/526534\/revisions\/526694"}],"wp:featuredmedia":[{"embeddable":true,"href":"https:\/\/www.speedcube.nl\/de\/wp-json\/wp\/v2\/media\/526535"}],"wp:attachment":[{"href":"https:\/\/www.speedcube.nl\/de\/wp-json\/wp\/v2\/media?parent=526534"}],"wp:term":[{"taxonomy":"product_brand","embeddable":true,"href":"https:\/\/www.speedcube.nl\/de\/wp-json\/wp\/v2\/product_brand?post=526534"},{"taxonomy":"product_cat","embeddable":true,"href":"https:\/\/www.speedcube.nl\/de\/wp-json\/wp\/v2\/product_cat?post=526534"},{"taxonomy":"product_tag","embeddable":true,"href":"https:\/\/www.speedcube.nl\/de\/wp-json\/wp\/v2\/product_tag?post=526534"}],"curies":[{"name":"wp","href":"https:\/\/api.w.org\/{rel}","templated":true}]}}