{"id":525933,"date":"2026-03-19T18:14:34","date_gmt":"2026-03-19T17:14:34","guid":{"rendered":"https:\/\/www.speedcube.nl\/?post_type=product&#038;p=525933"},"modified":"2026-05-04T05:15:42","modified_gmt":"2026-05-04T03:15:42","slug":"metall-erde-falke-u-s-air-force","status":"publish","type":"product","link":"https:\/\/www.speedcube.nl\/de\/modellbau\/modellflugzeuge\/metall-erde-falke-u-s-air-force\/","title":{"rendered":"Metall Erde Falke U.S. Air Force"},"content":{"rendered":"<p data-start=\"0\" data-end=\"409\"><a href=\"https:\/\/www.speedcube.nl\/de\/modellbau\/metall-erde\/\"><span class=\"hover:entity-accent entity-underline inline cursor-pointer align-baseline\"><span class=\"whitespace-normal\">Metal Earth<\/span><\/span><\/a> setzt die ikonische F-16 Fighting Falcon\u00ae in ein detailliertes Modell aus <a href=\"https:\/\/www.speedcube.nl\/de\/modellbau\/metallbaukasten\/\">Metall<\/a> um. Dieses leichte, einmotorige Kampfflugzeug kann Geschwindigkeiten von bis zum Doppelten der Schallgeschwindigkeit erreichen. Das Flugzeug wurde urspr\u00fcnglich entwickelt von <span class=\"hover:entity-accent entity-underline inline cursor-pointer align-baseline\"><span class=\"whitespace-normal\">General Dynamics<\/span><\/span> entwickelt und sp\u00e4ter produziert von <span class=\"hover:entity-accent entity-underline inline cursor-pointer align-baseline\"><span class=\"whitespace-normal\">Lockheed Martin<\/span><\/span> und anderen Lizenznehmern hergestellt. Heute ist die F-16 eines der meistgenutzten Milit\u00e4rflugzeuge der Welt und geh\u00f6rt zu den Luftstreitkr\u00e4ften von mehr als 25 L\u00e4ndern. Dank seiner Geschwindigkeit, Man\u00f6vrierf\u00e4higkeit und Vielseitigkeit ist das Flugzeug zu einer Ikone der modernen Luftfahrt und zu einem beliebten Thema f\u00fcr den <a href=\"https:\/\/www.speedcube.nl\/de\/modellbau\/\">Metallmodellbau<\/a> geworden.    <\/p>\n<p>Dieses Modell besteht aus 3 Bl\u00e4ttern.<\/p>\n","protected":false},"excerpt":{"rendered":"<p>METALLERDE<\/p>\n","protected":false},"featured_media":525934,"template":"","meta":{"_improvement_type_select":"improve_an_existing","_thumb_yes_seoaic":false,"_frame_yes_seoaic":false,"seoaic_generate_description":"","seoaic_improve_instructions_prompt":"","seoaic_rollback_content_improvement":"","seoaic_idea_thumbnail_generator":"","thumbnail_generated":false,"thumbnail_generate_prompt":"","seoaic_article_description":"","product-afmeting-lengte-mm":"155","product-afmeting-breedte-mm":"107","product-afmeting-hoogte-mm":"66"},"product_brand":[],"product_cat":[1500,1714,1720,1499,1709,1978],"product_tag":[],"class_list":{"0":"post-525933","1":"product","2":"type-product","3":"status-publish","4":"has-post-thumbnail","6":"product_cat-baukasten-fur-erwachsene","7":"product_cat-metall-erde","8":"product_cat-metallbaukasten","9":"product_cat-modellbau","10":"product_cat-modellfahrzeuge","11":"product_cat-modellflugzeuge","12":"pa_merken-metallerde","14":"first","15":"instock","16":"taxable","17":"shipping-taxable","18":"purchasable","19":"product-type-simple"},"df_price":24.95,"df_sale_price":"","df_regular_price":24.95,"df_image_link":"https:\/\/www.speedcube.nl\/wp-content\/uploads\/2026\/03\/Productvisuals_Modelbouw-Metal-Earth-Falcon-U.S.-Air-Force--285x300.jpg","_links":{"self":[{"href":"https:\/\/www.speedcube.nl\/de\/wp-json\/wp\/v2\/product\/525933","targetHints":{"allow":["GET"]}}],"collection":[{"href":"https:\/\/www.speedcube.nl\/de\/wp-json\/wp\/v2\/product"}],"about":[{"href":"https:\/\/www.speedcube.nl\/de\/wp-json\/wp\/v2\/types\/product"}],"version-history":[{"count":1,"href":"https:\/\/www.speedcube.nl\/de\/wp-json\/wp\/v2\/product\/525933\/revisions"}],"predecessor-version":[{"id":525948,"href":"https:\/\/www.speedcube.nl\/de\/wp-json\/wp\/v2\/product\/525933\/revisions\/525948"}],"wp:featuredmedia":[{"embeddable":true,"href":"https:\/\/www.speedcube.nl\/de\/wp-json\/wp\/v2\/media\/525934"}],"wp:attachment":[{"href":"https:\/\/www.speedcube.nl\/de\/wp-json\/wp\/v2\/media?parent=525933"}],"wp:term":[{"taxonomy":"product_brand","embeddable":true,"href":"https:\/\/www.speedcube.nl\/de\/wp-json\/wp\/v2\/product_brand?post=525933"},{"taxonomy":"product_cat","embeddable":true,"href":"https:\/\/www.speedcube.nl\/de\/wp-json\/wp\/v2\/product_cat?post=525933"},{"taxonomy":"product_tag","embeddable":true,"href":"https:\/\/www.speedcube.nl\/de\/wp-json\/wp\/v2\/product_tag?post=525933"}],"curies":[{"name":"wp","href":"https:\/\/api.w.org\/{rel}","templated":true}]}}