{"id":525921,"date":"2026-03-19T18:14:35","date_gmt":"2026-03-19T17:14:35","guid":{"rendered":"https:\/\/www.speedcube.nl\/?post_type=product&#038;p=525921"},"modified":"2026-05-04T05:15:42","modified_gmt":"2026-05-04T03:15:42","slug":"metall-erde-lockheed-sr-71-blackbird","status":"publish","type":"product","link":"https:\/\/www.speedcube.nl\/de\/modellbau\/modellflugzeuge\/metall-erde-lockheed-sr-71-blackbird\/","title":{"rendered":"Metall Erde Lockheed SR-71 Blackbird"},"content":{"rendered":"<p>Die Blackbird war ein strategisches Langstrecken-Aufkl\u00e4rungsflugzeug, das von <span class=\"hover:entity-accent entity-underline inline cursor-pointer align-baseline\"><span class=\"whitespace-normal\">Lockheed<\/span><\/span> und der geheimen Entwicklungsabteilung <span class=\"hover:entity-accent entity-underline inline cursor-pointer align-baseline\"><span class=\"whitespace-normal\">Skunk Works<\/span><\/span>. Mit einer H\u00f6chstgeschwindigkeit von \u00fcber Mach 3,5 geh\u00f6rte sie zu den schnellsten jemals gebauten Flugzeugen. Bemerkenswert ist, dass das Flugzeug gr\u00f6\u00dftenteils aus Titan gebaut wurde, was zu dieser Zeit sehr fortschrittlich war. Bei H\u00f6chstgeschwindigkeit stieg die Au\u00dfentemperatur auf \u00fcber 260 \u00b0C. Insgesamt absolvierte die Blackbird 3.551 Eins\u00e4tze, ohne jemals durch feindliches Feuer abgeschossen zu werden. Skunk Works ist bekannt f\u00fcr die geheime Entwicklung fortschrittlicher Milit\u00e4rflugzeuge, eine Tradition, die bis in den Zweiten Weltkrieg zur\u00fcckreicht.     <\/p>\n<p>Dieses beeindruckende Design lebt heute in der Welt des <a href=\"https:\/\/www.speedcube.nl\/de\/modellbau\/\">Modellbaus<\/a> weiter, zum Beispiel in detaillierten Metallbaus\u00e4tzen von <a href=\"https:\/\/www.speedcube.nl\/de\/modellbau\/metall-erde\/\"><span class=\"hover:entity-accent entity-underline inline cursor-pointer align-baseline\"><span class=\"whitespace-normal\">Metall Erde<\/span><\/span><\/a>. Mit diesen k\u00f6nnen Sie selbst eine Miniaturversion dieses ikonischen Flugzeugs aus <a href=\"https:\/\/www.speedcube.nl\/de\/modellbau\/metallbaukasten\/\">Metall<\/a> nachbauen und so Technik und Geschichte miteinander verbinden. <\/p>\n<p>Dieses Modell besteht aus 2,5 Bl\u00e4ttern.<\/p>\n","protected":false},"excerpt":{"rendered":"<p>METALLERDE<\/p>\n","protected":false},"featured_media":525922,"template":"","meta":{"_improvement_type_select":"improve_an_existing","_thumb_yes_seoaic":false,"_frame_yes_seoaic":false,"seoaic_generate_description":"","seoaic_improve_instructions_prompt":"","seoaic_rollback_content_improvement":"","seoaic_idea_thumbnail_generator":"","thumbnail_generated":false,"thumbnail_generate_prompt":"","seoaic_article_description":"","product-afmeting-lengte-mm":"173","product-afmeting-breedte-mm":"92","product-afmeting-hoogte-mm":"20"},"product_brand":[],"product_cat":[1500,1714,1720,1499,1709,1978],"product_tag":[],"class_list":{"0":"post-525921","1":"product","2":"type-product","3":"status-publish","4":"has-post-thumbnail","6":"product_cat-baukasten-fur-erwachsene","7":"product_cat-metall-erde","8":"product_cat-metallbaukasten","9":"product_cat-modellbau","10":"product_cat-modellfahrzeuge","11":"product_cat-modellflugzeuge","12":"pa_merken-metallerde","14":"first","15":"instock","16":"taxable","17":"shipping-taxable","18":"purchasable","19":"product-type-simple"},"df_price":19.95,"df_sale_price":"","df_regular_price":19.95,"df_image_link":"https:\/\/www.speedcube.nl\/wp-content\/uploads\/2026\/03\/Productvisuals_Modelbouw-Metal-Earth-Lockheed-SR-71-Blackbird-285x300.jpg","_links":{"self":[{"href":"https:\/\/www.speedcube.nl\/de\/wp-json\/wp\/v2\/product\/525921","targetHints":{"allow":["GET"]}}],"collection":[{"href":"https:\/\/www.speedcube.nl\/de\/wp-json\/wp\/v2\/product"}],"about":[{"href":"https:\/\/www.speedcube.nl\/de\/wp-json\/wp\/v2\/types\/product"}],"version-history":[{"count":1,"href":"https:\/\/www.speedcube.nl\/de\/wp-json\/wp\/v2\/product\/525921\/revisions"}],"predecessor-version":[{"id":525950,"href":"https:\/\/www.speedcube.nl\/de\/wp-json\/wp\/v2\/product\/525921\/revisions\/525950"}],"wp:featuredmedia":[{"embeddable":true,"href":"https:\/\/www.speedcube.nl\/de\/wp-json\/wp\/v2\/media\/525922"}],"wp:attachment":[{"href":"https:\/\/www.speedcube.nl\/de\/wp-json\/wp\/v2\/media?parent=525921"}],"wp:term":[{"taxonomy":"product_brand","embeddable":true,"href":"https:\/\/www.speedcube.nl\/de\/wp-json\/wp\/v2\/product_brand?post=525921"},{"taxonomy":"product_cat","embeddable":true,"href":"https:\/\/www.speedcube.nl\/de\/wp-json\/wp\/v2\/product_cat?post=525921"},{"taxonomy":"product_tag","embeddable":true,"href":"https:\/\/www.speedcube.nl\/de\/wp-json\/wp\/v2\/product_tag?post=525921"}],"curies":[{"name":"wp","href":"https:\/\/api.w.org\/{rel}","templated":true}]}}