{"id":525886,"date":"2026-03-19T18:14:34","date_gmt":"2026-03-19T17:14:34","guid":{"rendered":"https:\/\/www.speedcube.nl\/?post_type=product&#038;p=525886"},"modified":"2026-05-04T05:15:42","modified_gmt":"2026-05-04T03:15:42","slug":"metallerde-1969-pontiac-gto-judge","status":"publish","type":"product","link":"https:\/\/www.speedcube.nl\/de\/modellbau\/modellautos\/metallerde-1969-pontiac-gto-judge\/","title":{"rendered":"Metallerde 1969 Pontiac GTO Judge"},"content":{"rendered":"<p data-start=\"0\" data-end=\"318\">F\u00fcr Fans von Modellbau und <a href=\"https:\/\/www.speedcube.nl\/de\/modellbau\/metallbaukasten\/\">Metall<\/a> ist die <a href=\"https:\/\/www.speedcube.nl\/de\/modellbau\/metall-erde\/\"><span class=\"hover:entity-accent entity-underline inline cursor-pointer align-baseline\"><span class=\"whitespace-normal\">Metall Erde<\/span><\/span><\/a> <span class=\"hover:entity-accent entity-underline inline cursor-pointer align-baseline\"><span class=\"whitespace-normal\">Pontiac GTO Judge 1969<\/span><\/span> ist ein echter Blickfang zum Nachbauen. Dieses ikonische Muscle-Car wurde von Anfang an mit einem robusten und ausgepr\u00e4gten Charakter entworfen, um aufzufallen. Der Wagen verf\u00fcgte \u00fcber einen leistungsstarken V8-Motor und erkennbare Designelemente wie markante Streifen, einen schwarz lackierten K\u00fchlergrill mit optionalen versteckten Scheinwerfern und einen Heckspoiler. Der ber\u00fchmte &#8218;The Judge&#8216;-Schriftzug vervollst\u00e4ndigte den Look und hob diese Version von anderen Muscle Cars der damaligen Zeit ab.   <\/p>\n<p>Dieses Modell besteht aus 3,5 Bl\u00e4ttern.<\/p>\n","protected":false},"excerpt":{"rendered":"<p>METALLERDE<\/p>\n","protected":false},"featured_media":525893,"template":"","meta":{"_improvement_type_select":"improve_an_existing","_thumb_yes_seoaic":false,"_frame_yes_seoaic":false,"seoaic_generate_description":"","seoaic_improve_instructions_prompt":"","seoaic_rollback_content_improvement":"","seoaic_idea_thumbnail_generator":"","thumbnail_generated":false,"thumbnail_generate_prompt":"","seoaic_article_description":"","product-afmeting-lengte-mm":"118","product-afmeting-breedte-mm":"50","product-afmeting-hoogte-mm":"36"},"product_brand":[],"product_cat":[1500,1714,1720,1844,1499,1709],"product_tag":[],"class_list":{"0":"post-525886","1":"product","2":"type-product","3":"status-publish","4":"has-post-thumbnail","6":"product_cat-baukasten-fur-erwachsene","7":"product_cat-metall-erde","8":"product_cat-metallbaukasten","9":"product_cat-modellautos","10":"product_cat-modellbau","11":"product_cat-modellfahrzeuge","12":"pa_merken-metallerde","14":"first","15":"instock","16":"taxable","17":"shipping-taxable","18":"purchasable","19":"product-type-simple"},"df_price":29.95,"df_sale_price":"","df_regular_price":29.95,"df_image_link":"https:\/\/www.speedcube.nl\/wp-content\/uploads\/2026\/03\/Productvisuals_Modelbouw-Metal-Earth-1969-Pontiac-GTO-Judge--285x300.jpg","_links":{"self":[{"href":"https:\/\/www.speedcube.nl\/de\/wp-json\/wp\/v2\/product\/525886","targetHints":{"allow":["GET"]}}],"collection":[{"href":"https:\/\/www.speedcube.nl\/de\/wp-json\/wp\/v2\/product"}],"about":[{"href":"https:\/\/www.speedcube.nl\/de\/wp-json\/wp\/v2\/types\/product"}],"version-history":[{"count":1,"href":"https:\/\/www.speedcube.nl\/de\/wp-json\/wp\/v2\/product\/525886\/revisions"}],"predecessor-version":[{"id":525946,"href":"https:\/\/www.speedcube.nl\/de\/wp-json\/wp\/v2\/product\/525886\/revisions\/525946"}],"wp:featuredmedia":[{"embeddable":true,"href":"https:\/\/www.speedcube.nl\/de\/wp-json\/wp\/v2\/media\/525893"}],"wp:attachment":[{"href":"https:\/\/www.speedcube.nl\/de\/wp-json\/wp\/v2\/media?parent=525886"}],"wp:term":[{"taxonomy":"product_brand","embeddable":true,"href":"https:\/\/www.speedcube.nl\/de\/wp-json\/wp\/v2\/product_brand?post=525886"},{"taxonomy":"product_cat","embeddable":true,"href":"https:\/\/www.speedcube.nl\/de\/wp-json\/wp\/v2\/product_cat?post=525886"},{"taxonomy":"product_tag","embeddable":true,"href":"https:\/\/www.speedcube.nl\/de\/wp-json\/wp\/v2\/product_tag?post=525886"}],"curies":[{"name":"wp","href":"https:\/\/api.w.org\/{rel}","templated":true}]}}