{"id":525879,"date":"2026-03-19T18:14:32","date_gmt":"2026-03-19T17:14:32","guid":{"rendered":"https:\/\/www.speedcube.nl\/?post_type=product&#038;p=525879"},"modified":"2026-05-09T05:01:17","modified_gmt":"2026-05-09T03:01:17","slug":"metall-erde-harry-potter-ungarischer-hornschwanz","status":"publish","type":"product","link":"https:\/\/www.speedcube.nl\/de\/modellbau\/film-de\/metall-erde-harry-potter-ungarischer-hornschwanz\/","title":{"rendered":"Metall Erde Harry Potter Ungarischer Hornschwanz"},"content":{"rendered":"<p data-start=\"0\" data-end=\"309\">Erleben Sie die Magie der zauberhaften Welt mit der <a href=\"https:\/\/www.speedcube.nl\/de\/modellbau\/metall-erde\/\"><span class=\"hover:entity-accent entity-underline inline cursor-pointer align-baseline\"><span class=\"whitespace-normal\">Metall-Erde<\/span><\/span><\/a> Modellbausatz des <span class=\"hover:entity-accent entity-underline inline cursor-pointer align-baseline\"><span class=\"whitespace-normal\">Ungarischen Hornschwanzes<\/span><\/span>. Mit diesem detaillierten Metallbausatz k\u00f6nnen Sie einen der furchterregendsten Drachen aus der Harry Potter-Reihe nachbauen, komplett mit scharfen H\u00f6rnern, feurigem Schwanz und beeindruckenden Fl\u00fcgeln. Das Endergebnis ist ein spektakul\u00e4res Ausstellungsst\u00fcck, das Pr\u00e4zision und Fantasie vereint und perfekt f\u00fcr Harry Potter-Fans und Liebhaber einzigartiger <a href=\"https:\/\/www.speedcube.nl\/de\/modellbau\/\">Metallmodelle<\/a> ist. Mit diesem Set k\u00f6nnen Sie die Macht und Bedrohung des Ungarischen Hornschwanzes in Ihrer eigenen Sammlung zum Leben erwecken.   <\/p>\n<p>Dieses Modell besteht aus 3 Bl\u00e4ttern.<\/p>\n","protected":false},"excerpt":{"rendered":"<p>METALLERDE<\/p>\n","protected":false},"featured_media":525880,"template":"","meta":{"_improvement_type_select":"improve_an_existing","_thumb_yes_seoaic":false,"_frame_yes_seoaic":false,"seoaic_generate_description":"","seoaic_improve_instructions_prompt":"","seoaic_rollback_content_improvement":"","seoaic_idea_thumbnail_generator":"","thumbnail_generated":false,"thumbnail_generate_prompt":"","seoaic_article_description":"","product-afmeting-lengte-mm":"241","product-afmeting-breedte-mm":"203","product-afmeting-hoogte-mm":"150"},"product_brand":[],"product_cat":[1500,1724,1714,1720,1499],"product_tag":[],"class_list":{"0":"post-525879","1":"product","2":"type-product","3":"status-publish","4":"has-post-thumbnail","6":"product_cat-baukasten-fur-erwachsene","7":"product_cat-film-de","8":"product_cat-metall-erde","9":"product_cat-metallbaukasten","10":"product_cat-modellbau","11":"pa_merken-metallerde","13":"first","14":"instock","15":"taxable","16":"shipping-taxable","17":"purchasable","18":"product-type-simple"},"df_price":44.95,"df_sale_price":"","df_regular_price":44.95,"df_image_link":"https:\/\/www.speedcube.nl\/wp-content\/uploads\/2026\/03\/Productvisuals_Modelbouw-Metal-Earth-Harry-Potter-Hungarian-Horntail--285x300.jpg","_links":{"self":[{"href":"https:\/\/www.speedcube.nl\/de\/wp-json\/wp\/v2\/product\/525879","targetHints":{"allow":["GET"]}}],"collection":[{"href":"https:\/\/www.speedcube.nl\/de\/wp-json\/wp\/v2\/product"}],"about":[{"href":"https:\/\/www.speedcube.nl\/de\/wp-json\/wp\/v2\/types\/product"}],"version-history":[{"count":1,"href":"https:\/\/www.speedcube.nl\/de\/wp-json\/wp\/v2\/product\/525879\/revisions"}],"predecessor-version":[{"id":525940,"href":"https:\/\/www.speedcube.nl\/de\/wp-json\/wp\/v2\/product\/525879\/revisions\/525940"}],"wp:featuredmedia":[{"embeddable":true,"href":"https:\/\/www.speedcube.nl\/de\/wp-json\/wp\/v2\/media\/525880"}],"wp:attachment":[{"href":"https:\/\/www.speedcube.nl\/de\/wp-json\/wp\/v2\/media?parent=525879"}],"wp:term":[{"taxonomy":"product_brand","embeddable":true,"href":"https:\/\/www.speedcube.nl\/de\/wp-json\/wp\/v2\/product_brand?post=525879"},{"taxonomy":"product_cat","embeddable":true,"href":"https:\/\/www.speedcube.nl\/de\/wp-json\/wp\/v2\/product_cat?post=525879"},{"taxonomy":"product_tag","embeddable":true,"href":"https:\/\/www.speedcube.nl\/de\/wp-json\/wp\/v2\/product_tag?post=525879"}],"curies":[{"name":"wp","href":"https:\/\/api.w.org\/{rel}","templated":true}]}}