{"id":525719,"date":"2026-03-18T18:32:12","date_gmt":"2026-03-18T17:32:12","guid":{"rendered":"https:\/\/www.speedcube.nl\/?post_type=product&#038;p=525719"},"modified":"2026-05-03T05:26:23","modified_gmt":"2026-05-03T03:26:23","slug":"teching-mini-turbotriebwerk-dm122","status":"publish","type":"product","link":"https:\/\/www.speedcube.nl\/de\/modellbau\/teching-de\/teching-mini-turbotriebwerk-dm122\/","title":{"rendered":"Teching Mini-Turbotriebwerk DM122"},"content":{"rendered":"<p data-start=\"0\" data-end=\"468\">Das <strong>Mini-Turbofan-Triebwerk DM122<\/strong> von Teching bringt die Funktionsweise eines Turbofan-Triebwerks in einem kompakten und lehrreichen Modell zum Leben. Mit sorgf\u00e4ltig nachgebildeten Teilen wie dem Gebl\u00e4se, dem Verdichter, der Brennkammer und der Turbine zeigt es, wie die Luft durch das Triebwerk str\u00f6mt und f\u00fcr den Vortrieb sorgt. Dank eines elektrischen Antriebs werden die Ventilatorschaufeln in Bewegung gesetzt und das Innenleben ist durch das transparente Geh\u00e4use, das dem Ganzen auch noch einen eleganten Look verleiht, leicht zu verfolgen.  <\/p>\n<p data-start=\"470\" data-end=\"811\">Mit mehr als 170 pr\u00e4zisen Teilen bietet das Modell ein umfassendes Bauerlebnis und eignet sich besonders f\u00fcr den Unterricht und die technische Vertiefung. Die robuste Konstruktion und die Metallteile sorgen f\u00fcr eine lange Lebensdauer des Modells, w\u00e4hrend seine kompakte Gr\u00f6\u00dfe es ideal f\u00fcr das Klassenzimmer, eine Vitrine oder als Sammlerst\u00fcck macht. <\/p>\n<p data-start=\"813\" data-end=\"1187\" data-is-last-node=\"\" data-is-only-node=\"\">Turbofan-Triebwerke bilden die Grundlage moderner Flugzeuge und sind bekannt f\u00fcr ihre effiziente Kombination aus Leistung und Treibstoffeffizienz. Dieses ma\u00dfstabsgetreue Modell zeigt auf anschauliche Weise, wie alle Teile zusammenarbeiten. Das macht es nicht nur zu einem ansprechenden Bauprojekt, sondern auch zu einem wertvollen und stilvollen Lernmittel f\u00fcr alle, die sich f\u00fcr Luftfahrt und Technik interessieren. <\/p>\n<table border=\"0\" width=\"434\" cellspacing=\"0\" cellpadding=\"0\">\n<colgroup>\n<col width=\"199\">\n<col width=\"235\"><\/colgroup>\n<tbody>\n<tr>\n<td class=\"xl66\" width=\"199\" height=\"21\"><strong>Produktmerkmale<\/strong><\/td>\n<td width=\"235\"><\/td>\n<\/tr>\n<tr>\n<td height=\"21\">Anzahl der Teile<\/td>\n<td>Mehr als 170 Teile<\/td>\n<\/tr>\n<tr>\n<td height=\"21\">Material<\/td>\n<td>Aluminiumlegierung, Zinklegierung und technische Kunststoffe<\/td>\n<\/tr>\n<tr>\n<td height=\"21\">Abmessungen<\/td>\n<td>18 x 7,7 x 11,2 cm<\/td>\n<\/tr>\n<tr>\n<td height=\"21\">Produktgewicht<\/td>\n<td>560 Gramm<\/td>\n<\/tr>\n<tr>\n<td height=\"21\">Ma\u00dfstab<\/td>\n<td class=\"xl65\">1:14<\/td>\n<\/tr>\n<tr>\n<td height=\"21\">Schwierigkeitsgrad<\/td>\n<td>Mittel<\/td>\n<\/tr>\n<tr>\n<td height=\"21\">Altersempfehlung<\/td>\n<td>16 Jahre und \u00e4lter<\/td>\n<\/tr>\n<tr>\n<td height=\"21\">Montagezeit<\/td>\n<td>ca. 2 Stunden oder l\u00e4nger<\/td>\n<\/tr>\n<\/tbody>\n<\/table>\n","protected":false},"excerpt":{"rendered":"<p>TECHING<\/p>\n","protected":false},"featured_media":525720,"template":"","meta":{"_improvement_type_select":"improve_an_existing","_thumb_yes_seoaic":false,"_frame_yes_seoaic":false,"seoaic_generate_description":"","seoaic_improve_instructions_prompt":"","seoaic_rollback_content_improvement":"","seoaic_idea_thumbnail_generator":"","thumbnail_generated":false,"thumbnail_generate_prompt":"","seoaic_article_description":"","product-afmeting-lengte-mm":"","product-afmeting-breedte-mm":"","product-afmeting-hoogte-mm":""},"product_brand":[],"product_cat":[1500,1720,1499,1978,2324],"product_tag":[],"class_list":{"0":"post-525719","1":"product","2":"type-product","3":"status-publish","4":"has-post-thumbnail","6":"product_cat-baukasten-fur-erwachsene","7":"product_cat-metallbaukasten","8":"product_cat-modellbau","9":"product_cat-modellflugzeuge","10":"product_cat-teching-de","11":"pa_merken-teching-de","13":"first","14":"instock","15":"taxable","16":"shipping-taxable","17":"purchasable","18":"product-type-simple"},"df_price":149.99,"df_sale_price":"","df_regular_price":149.99,"df_image_link":"https:\/\/www.speedcube.nl\/wp-content\/uploads\/2026\/03\/Productvisuals_Modelbouw-Teching-Mini-Turbofan-Engine-DM122--285x300.jpg","_links":{"self":[{"href":"https:\/\/www.speedcube.nl\/de\/wp-json\/wp\/v2\/product\/525719","targetHints":{"allow":["GET"]}}],"collection":[{"href":"https:\/\/www.speedcube.nl\/de\/wp-json\/wp\/v2\/product"}],"about":[{"href":"https:\/\/www.speedcube.nl\/de\/wp-json\/wp\/v2\/types\/product"}],"version-history":[{"count":1,"href":"https:\/\/www.speedcube.nl\/de\/wp-json\/wp\/v2\/product\/525719\/revisions"}],"predecessor-version":[{"id":525763,"href":"https:\/\/www.speedcube.nl\/de\/wp-json\/wp\/v2\/product\/525719\/revisions\/525763"}],"wp:featuredmedia":[{"embeddable":true,"href":"https:\/\/www.speedcube.nl\/de\/wp-json\/wp\/v2\/media\/525720"}],"wp:attachment":[{"href":"https:\/\/www.speedcube.nl\/de\/wp-json\/wp\/v2\/media?parent=525719"}],"wp:term":[{"taxonomy":"product_brand","embeddable":true,"href":"https:\/\/www.speedcube.nl\/de\/wp-json\/wp\/v2\/product_brand?post=525719"},{"taxonomy":"product_cat","embeddable":true,"href":"https:\/\/www.speedcube.nl\/de\/wp-json\/wp\/v2\/product_cat?post=525719"},{"taxonomy":"product_tag","embeddable":true,"href":"https:\/\/www.speedcube.nl\/de\/wp-json\/wp\/v2\/product_tag?post=525719"}],"curies":[{"name":"wp","href":"https:\/\/api.w.org\/{rel}","templated":true}]}}