{"id":525699,"date":"2026-03-18T18:32:11","date_gmt":"2026-03-18T17:32:11","guid":{"rendered":"https:\/\/www.speedcube.nl\/?post_type=product&#038;p=525699"},"modified":"2026-05-03T05:26:23","modified_gmt":"2026-05-03T03:26:23","slug":"teching-v12-motor-dm109","status":"publish","type":"product","link":"https:\/\/www.speedcube.nl\/de\/modellbau\/teching-de\/teching-v12-motor-dm109\/","title":{"rendered":"Teching V12 Motor DM109"},"content":{"rendered":"<section class=\"text-token-text-primary w-full focus:outline-none [--shadow-height:45px] has-data-writing-block:pointer-events-none has-data-writing-block:-mt-(--shadow-height) has-data-writing-block:pt-(--shadow-height) [&amp;:has([data-writing-block])&gt;*]:pointer-events-auto scroll-mt-(--header-height)\" dir=\"auto\" style=\"font-style: normal; font-variant-caps: normal; font-weight: 400; letter-spacing: normal; orphans: auto; text-align: start; text-indent: 0px; text-transform: none; white-space: normal; widows: auto; word-spacing: 0px; -webkit-text-stroke-width: 0px; text-decoration: none; caret-color: #000000; color: #000000;\" data-turn-id=\"a3675f38-e94f-499d-849a-c08b25de308a\" data-testid=\"conversation-turn-7\" data-scroll-anchor=\"false\" data-turn=\"user\">\n<div class=\"text-base my-auto mx-auto pt-12 [--thread-content-margin:var(--thread-content-margin-xs,calc(var(--spacing)*4))] @w-sm\/main:[--thread-content-margin:var(--thread-content-margin-sm,calc(var(--spacing)*6))] @w-lg\/main:[--thread-content-margin:var(--thread-content-margin-lg,calc(var(--spacing)*16))] px-(--thread-content-margin)\">\n<div class=\"[--thread-content-max-width:40rem] @w-lg\/main:[--thread-content-max-width:48rem] mx-auto max-w-(--thread-content-max-width) flex-1 group\/turn-messages focus-visible:outline-hidden relative flex w-full min-w-0 flex-col\">\n<div class=\"flex max-w-full flex-col gap-4 grow\">\n<div class=\"min-h-8 text-message relative flex w-full flex-col items-end gap-2 text-start break-words whitespace-normal outline-none keyboard-focused:focus-ring [.text-message+&amp;]:mt-1\" dir=\"auto\" data-message-author-role=\"user\" data-message-id=\"a3675f38-e94f-499d-849a-c08b25de308a\">\n<div class=\"flex w-full flex-col gap-1 empty:hidden items-end rtl:items-start\">\n<div class=\"user-message-bubble-color corner-superellipse\/0.98 relative rounded-[22px] px-4 py-2.5 leading-6 max-w-(--user-chat-width,70%)\">\n<div class=\"whitespace-pre-wrap\">Der <strong>Teching V12 Motor DM109<\/strong> vereint die Kraft und Eleganz eines klassischen V12-Motors in einem kompakten Metallmodell. Dieses ikonische Motorlayout mit 12 Zylindern, die auf zwei Reihen verteilt sind, ist f\u00fcr seine Laufruhe und nat\u00fcrliche Balance bekannt. Vibrationen werden bereits ohne zus\u00e4tzliche Hilfsmittel stark reduziert, was den V12 zu einem Musterbeispiel f\u00fcr raffinierte Technik macht.  <\/div>\n<\/div>\n<\/div>\n<\/div>\n<\/div>\n<\/div>\n<\/div>\n<\/section>\n<section class=\"text-token-text-primary w-full focus:outline-none [--shadow-height:45px] has-data-writing-block:pointer-events-none has-data-writing-block:-mt-(--shadow-height) has-data-writing-block:pt-(--shadow-height) [&amp;:has([data-writing-block])&gt;*]:pointer-events-auto scroll-mt-[calc(var(--header-height)+min(200px,max(70px,20svh)))]\" dir=\"auto\" style=\"font-style: normal; font-variant-caps: normal; font-weight: 400; letter-spacing: normal; orphans: auto; text-align: start; text-indent: 0px; text-transform: none; white-space: normal; widows: auto; word-spacing: 0px; -webkit-text-stroke-width: 0px; text-decoration: none; caret-color: #000000; color: #000000;\" data-turn-id=\"request-WEB:220cfa65-cdaa-4b07-a7a9-43237fa72aeb-3\" data-testid=\"conversation-turn-8\" data-scroll-anchor=\"true\" data-turn=\"assistant\">\n<div class=\"text-base my-auto mx-auto pb-10 [--thread-content-margin:var(--thread-content-margin-xs,calc(var(--spacing)*4))] @w-sm\/main:[--thread-content-margin:var(--thread-content-margin-sm,calc(var(--spacing)*6))] @w-lg\/main:[--thread-content-margin:var(--thread-content-margin-lg,calc(var(--spacing)*16))] px-(--thread-content-margin)\">\n<div class=\"[--thread-content-max-width:40rem] @w-lg\/main:[--thread-content-max-width:48rem] mx-auto max-w-(--thread-content-max-width) flex-1 group\/turn-messages focus-visible:outline-hidden relative flex w-full min-w-0 flex-col agent-turn\">\n<div class=\"flex max-w-full flex-col gap-4 grow\">\n<div class=\"min-h-8 text-message relative flex w-full flex-col items-end gap-2 text-start break-words whitespace-normal outline-none keyboard-focused:focus-ring [.text-message+&amp;]:mt-1\" dir=\"auto\" tabindex=\"0\" data-message-author-role=\"assistant\" data-message-id=\"e6caa11b-c789-4266-a56b-3461b84c9c3e\" data-message-model-slug=\"gpt-5-3\" data-turn-start-message=\"true\">\n<div class=\"flex w-full flex-col gap-1 empty:hidden\">\n<div class=\"markdown prose dark:prose-invert w-full wrap-break-word light markdown-new-styling\">\n<p data-start=\"373\" data-end=\"674\">Dieser Motortyp wird haupts\u00e4chlich in exklusiven Sportwagen und Luxusautos verwendet, wo Leistung und Komfort Hand in Hand gehen. Das Modell bietet einen detaillierten und realistischen Einblick in das Innenleben und erm\u00f6glicht es Ihnen, die Komplexit\u00e4t und Pr\u00e4zision dieses technischen Meisterwerks hautnah zu erleben. <\/p>\n<p data-start=\"676\" data-end=\"999\" data-is-last-node=\"\" data-is-only-node=\"\">Mit Merkmalen wie einem klassischen V12-Design, realistischer Ventilbet\u00e4tigung und einer pr\u00e4zise angetriebenen Nockenwelle zeigt dieser Bausatz, wie alle Teile perfekt zusammenarbeiten. Das Ergebnis ist nicht nur ein faszinierendes Bauprojekt, sondern auch ein stilvolles Modell, das die Essenz der hochwertigen Motorentechnik zum Leben erweckt. <\/p>\n<\/div>\n<\/div>\n<\/div>\n<\/div>\n<\/div>\n<\/div>\n<\/section>\n<table border=\"0\" width=\"434\" cellspacing=\"0\" cellpadding=\"0\">\n<colgroup>\n<col width=\"199\">\n<col width=\"235\"><\/colgroup>\n<tbody>\n<tr>\n<td class=\"xl65\" width=\"199\" height=\"21\"><strong>Produktmerkmale<\/strong><\/td>\n<td width=\"235\"><\/td>\n<\/tr>\n<tr>\n<td height=\"21\">Anzahl der Teile<\/td>\n<td>Mehr als 800 Teile<\/td>\n<\/tr>\n<tr>\n<td height=\"21\">Material<\/td>\n<td>Aluminiumlegierung &amp; Edelstahl<\/td>\n<\/tr>\n<tr>\n<td height=\"21\">Abmessungen<\/td>\n<td>24 x 25 x 21 cm<\/td>\n<\/tr>\n<tr>\n<td height=\"21\">Produktgewicht<\/td>\n<td>800 Gramm<\/td>\n<\/tr>\n<tr>\n<td height=\"21\">Schwierigkeitsgrad<\/td>\n<td>Fortgeschritten &#8211; technisch anspruchsvoll<\/td>\n<\/tr>\n<tr>\n<td height=\"21\">Altersempfehlung<\/td>\n<td>16 Jahre und \u00e4lter<\/td>\n<\/tr>\n<tr>\n<td height=\"21\">Montagezeit<\/td>\n<td>etwa 4 Stunden oder l\u00e4nger<\/td>\n<\/tr>\n<\/tbody>\n<\/table>\n","protected":false},"excerpt":{"rendered":"<p>TECHING<\/p>\n","protected":false},"featured_media":525700,"template":"","meta":{"_improvement_type_select":"improve_an_existing","_thumb_yes_seoaic":false,"_frame_yes_seoaic":false,"seoaic_generate_description":"","seoaic_improve_instructions_prompt":"","seoaic_rollback_content_improvement":"","seoaic_idea_thumbnail_generator":"","thumbnail_generated":false,"thumbnail_generate_prompt":"","seoaic_article_description":"","product-afmeting-lengte-mm":"","product-afmeting-breedte-mm":"","product-afmeting-hoogte-mm":""},"product_brand":[],"product_cat":[1500,1720,1499,1501,2324],"product_tag":[],"class_list":{"0":"post-525699","1":"product","2":"type-product","3":"status-publish","4":"has-post-thumbnail","6":"product_cat-baukasten-fur-erwachsene","7":"product_cat-metallbaukasten","8":"product_cat-modellbau","9":"product_cat-modellmotoren","10":"product_cat-teching-de","11":"pa_merken-teching-de","13":"first","14":"instock","15":"taxable","16":"shipping-taxable","17":"purchasable","18":"product-type-simple"},"df_price":949.99,"df_sale_price":"","df_regular_price":949.99,"df_image_link":"https:\/\/www.speedcube.nl\/wp-content\/uploads\/2026\/03\/Productvisuals_Modelbouw-Teching-V12-Engine-DM109--285x300.jpg","_links":{"self":[{"href":"https:\/\/www.speedcube.nl\/de\/wp-json\/wp\/v2\/product\/525699","targetHints":{"allow":["GET"]}}],"collection":[{"href":"https:\/\/www.speedcube.nl\/de\/wp-json\/wp\/v2\/product"}],"about":[{"href":"https:\/\/www.speedcube.nl\/de\/wp-json\/wp\/v2\/types\/product"}],"version-history":[{"count":1,"href":"https:\/\/www.speedcube.nl\/de\/wp-json\/wp\/v2\/product\/525699\/revisions"}],"predecessor-version":[{"id":525770,"href":"https:\/\/www.speedcube.nl\/de\/wp-json\/wp\/v2\/product\/525699\/revisions\/525770"}],"wp:featuredmedia":[{"embeddable":true,"href":"https:\/\/www.speedcube.nl\/de\/wp-json\/wp\/v2\/media\/525700"}],"wp:attachment":[{"href":"https:\/\/www.speedcube.nl\/de\/wp-json\/wp\/v2\/media?parent=525699"}],"wp:term":[{"taxonomy":"product_brand","embeddable":true,"href":"https:\/\/www.speedcube.nl\/de\/wp-json\/wp\/v2\/product_brand?post=525699"},{"taxonomy":"product_cat","embeddable":true,"href":"https:\/\/www.speedcube.nl\/de\/wp-json\/wp\/v2\/product_cat?post=525699"},{"taxonomy":"product_tag","embeddable":true,"href":"https:\/\/www.speedcube.nl\/de\/wp-json\/wp\/v2\/product_tag?post=525699"}],"curies":[{"name":"wp","href":"https:\/\/api.w.org\/{rel}","templated":true}]}}