{"id":525638,"date":"2026-03-18T18:32:11","date_gmt":"2026-03-18T17:32:11","guid":{"rendered":"https:\/\/www.speedcube.nl\/?post_type=product&#038;p=525638"},"modified":"2026-05-04T05:19:08","modified_gmt":"2026-05-04T03:19:08","slug":"yoyofactory-dv888","status":"publish","type":"product","link":"https:\/\/www.speedcube.nl\/de\/yo-yos\/aluminium-de\/yoyofactory-dv888\/","title":{"rendered":"YoYoFactory DV888"},"content":{"rendered":"<p data-start=\"0\" data-end=\"326\">Das DV888 ist jetzt in einer aktualisierten Version mit speziellen DNA Fingerspin-Kappen erh\u00e4ltlich. Dieses Yo-Yo ist aus stabilem 6061er Aluminium gefertigt, das f\u00fcr eine lang anhaltende Leistung und ein solides Gef\u00fchl in der Hand sorgt. Die glatte, eloxierte Oberfl\u00e4che sorgt f\u00fcr ein elegantes Finish und optimale Kontrolle beim Spielen. Dank des reaktionsschnellen Half SPEC C-Lagers und des Silikon-Response-Systems, das auch in den Top-Modellen verwendet wird, reagiert das DV888 sanft und zuverl\u00e4ssig. Egal, ob Sie gerade erst anfangen oder bereits erfahren und bereit f\u00fcr einen Auftritt sind, dieses Yo-Yo bietet die Leistung und Pr\u00e4zision, auf die Sie z\u00e4hlen k\u00f6nnen.    <\/p>\n<p data-start=\"328\" data-end=\"621\" data-is-last-node=\"\" data-is-only-node=\"\"><strong><em>Spezifikationen<\/em><\/strong><br \/>\nLager: Half SPEC C<br \/>\nGewicht: 67.3 Gramm<br \/>\nDurchmesser: 50 mm<br \/>\nBreite: 38 mm<br \/>\n(un)responsive: Responsive<\/p>\n<p data-start=\"328\" data-end=\"621\" data-is-last-node=\"\" data-is-only-node=\"\">\n<p>&nbsp;<\/p>\n","protected":false},"excerpt":{"rendered":"<p>YOYOFACTORY<\/p>\n","protected":false},"featured_media":525639,"template":"","meta":{"_improvement_type_select":"improve_an_existing","_thumb_yes_seoaic":false,"_frame_yes_seoaic":false,"seoaic_generate_description":"","seoaic_improve_instructions_prompt":"","seoaic_rollback_content_improvement":"","seoaic_idea_thumbnail_generator":"","thumbnail_generated":false,"thumbnail_generate_prompt":"","seoaic_article_description":"","product-afmeting-lengte-mm":"","product-afmeting-breedte-mm":"","product-afmeting-hoogte-mm":""},"product_brand":[],"product_cat":[1572,1419,1238,1462],"product_tag":[],"class_list":{"0":"post-525638","1":"product","2":"type-product","3":"status-publish","4":"has-post-thumbnail","6":"product_cat-aluminium-de","7":"product_cat-ansprechbar","8":"product_cat-yo-yos","9":"product_cat-yoyofactory-de","10":"pa_merken-yoyofactory-de","12":"first","13":"instock","14":"taxable","15":"shipping-taxable","16":"purchasable","17":"product-type-variable"},"df_price":24.99,"df_sale_price":"","df_regular_price":24.99,"df_image_link":"https:\/\/www.speedcube.nl\/wp-content\/uploads\/2026\/03\/Productvisuals_yoyo-YoYoFactory-DV888-new--285x300.jpg","_links":{"self":[{"href":"https:\/\/www.speedcube.nl\/de\/wp-json\/wp\/v2\/product\/525638","targetHints":{"allow":["GET"]}}],"collection":[{"href":"https:\/\/www.speedcube.nl\/de\/wp-json\/wp\/v2\/product"}],"about":[{"href":"https:\/\/www.speedcube.nl\/de\/wp-json\/wp\/v2\/types\/product"}],"version-history":[{"count":1,"href":"https:\/\/www.speedcube.nl\/de\/wp-json\/wp\/v2\/product\/525638\/revisions"}],"predecessor-version":[{"id":525662,"href":"https:\/\/www.speedcube.nl\/de\/wp-json\/wp\/v2\/product\/525638\/revisions\/525662"}],"wp:featuredmedia":[{"embeddable":true,"href":"https:\/\/www.speedcube.nl\/de\/wp-json\/wp\/v2\/media\/525639"}],"wp:attachment":[{"href":"https:\/\/www.speedcube.nl\/de\/wp-json\/wp\/v2\/media?parent=525638"}],"wp:term":[{"taxonomy":"product_brand","embeddable":true,"href":"https:\/\/www.speedcube.nl\/de\/wp-json\/wp\/v2\/product_brand?post=525638"},{"taxonomy":"product_cat","embeddable":true,"href":"https:\/\/www.speedcube.nl\/de\/wp-json\/wp\/v2\/product_cat?post=525638"},{"taxonomy":"product_tag","embeddable":true,"href":"https:\/\/www.speedcube.nl\/de\/wp-json\/wp\/v2\/product_tag?post=525638"}],"curies":[{"name":"wp","href":"https:\/\/api.w.org\/{rel}","templated":true}]}}