{"id":525612,"date":"2026-03-18T18:32:10","date_gmt":"2026-03-18T17:32:10","guid":{"rendered":"https:\/\/www.speedcube.nl\/?post_type=product&#038;p=525612"},"modified":"2026-05-03T05:26:23","modified_gmt":"2026-05-03T03:26:23","slug":"yoyofactory-balle","status":"publish","type":"product","link":"https:\/\/www.speedcube.nl\/de\/yo-yos\/aluminium-de\/yoyofactory-balle\/","title":{"rendered":"YoYoFactory B\u00e4lle"},"content":{"rendered":"<p data-start=\"0\" data-end=\"164\">Das BALLS Yo-Yo ist alles andere als Standard. Mit seinem einzigartigen Design aus zwei perfekt runden Aluminiumkugeln sieht es eher wie ein Kunstobjekt als ein traditionelles Jojo aus. Doch diese auff\u00e4llige Form ist ganz auf Leistung ausgerichtet. Das BALLS ist ein unempfindliches Aluminium-Yoyo, das mit einem Center Trac C-Lager und d\u00fcnnen Silikonpads ausgestattet ist, um ein reibungsloses und konsistentes Spielerlebnis auf hohem Niveau zu gew\u00e4hrleisten. Von Binds \u00fcber Whips bis hin zu komplexen Tricks, dieses Yo-Yo kann alles m\u00fchelos bew\u00e4ltigen. Dank seines extrabreiten Profils bietet das BALLS eine \u00fcberraschend hohe Stabilit\u00e4t und lange Spinzeiten. Das Ergebnis ist ein spielerisches und dennoch kraftvolles Yo-Yo, das Design und Leistung auf einzigartige Weise verbindet.      <\/p>\n<p data-start=\"328\" data-end=\"621\" data-is-last-node=\"\" data-is-only-node=\"\"><strong><em>Spezifikationen<\/em><\/strong><br \/>\nLager: Center Trac C<br \/>\nGewicht: 72.5 Gramm<br \/>\nDurchmesser: 50 mm<br \/>\nBreite: 100 mm<br \/>\n(un)responsive: Un-responsive<\/p>\n<p>&nbsp;<\/p>\n","protected":false},"excerpt":{"rendered":"<p>YOYOFACTORY<\/p>\n","protected":false},"featured_media":525613,"template":"","meta":{"_improvement_type_select":"improve_an_existing","_thumb_yes_seoaic":false,"_frame_yes_seoaic":false,"seoaic_generate_description":"","seoaic_improve_instructions_prompt":"","seoaic_rollback_content_improvement":"","seoaic_idea_thumbnail_generator":"","thumbnail_generated":false,"thumbnail_generate_prompt":"","seoaic_article_description":"","product-afmeting-lengte-mm":"","product-afmeting-breedte-mm":"","product-afmeting-hoogte-mm":""},"product_brand":[],"product_cat":[1572,1255,1238,1462],"product_tag":[],"class_list":{"0":"post-525612","1":"product","2":"type-product","3":"status-publish","4":"has-post-thumbnail","6":"product_cat-aluminium-de","7":"product_cat-nicht-ansprechbar","8":"product_cat-yo-yos","9":"product_cat-yoyofactory-de","10":"pa_merken-yoyofactory-de","12":"first","13":"instock","14":"taxable","15":"shipping-taxable","16":"purchasable","17":"product-type-simple"},"df_price":49.99,"df_sale_price":"","df_regular_price":49.99,"df_image_link":"https:\/\/www.speedcube.nl\/wp-content\/uploads\/2026\/03\/Productvisuals_yoyo-YoYoFactory-Balls-Fuzzy-Silver--285x300.jpg","_links":{"self":[{"href":"https:\/\/www.speedcube.nl\/de\/wp-json\/wp\/v2\/product\/525612","targetHints":{"allow":["GET"]}}],"collection":[{"href":"https:\/\/www.speedcube.nl\/de\/wp-json\/wp\/v2\/product"}],"about":[{"href":"https:\/\/www.speedcube.nl\/de\/wp-json\/wp\/v2\/types\/product"}],"version-history":[{"count":1,"href":"https:\/\/www.speedcube.nl\/de\/wp-json\/wp\/v2\/product\/525612\/revisions"}],"predecessor-version":[{"id":525767,"href":"https:\/\/www.speedcube.nl\/de\/wp-json\/wp\/v2\/product\/525612\/revisions\/525767"}],"wp:featuredmedia":[{"embeddable":true,"href":"https:\/\/www.speedcube.nl\/de\/wp-json\/wp\/v2\/media\/525613"}],"wp:attachment":[{"href":"https:\/\/www.speedcube.nl\/de\/wp-json\/wp\/v2\/media?parent=525612"}],"wp:term":[{"taxonomy":"product_brand","embeddable":true,"href":"https:\/\/www.speedcube.nl\/de\/wp-json\/wp\/v2\/product_brand?post=525612"},{"taxonomy":"product_cat","embeddable":true,"href":"https:\/\/www.speedcube.nl\/de\/wp-json\/wp\/v2\/product_cat?post=525612"},{"taxonomy":"product_tag","embeddable":true,"href":"https:\/\/www.speedcube.nl\/de\/wp-json\/wp\/v2\/product_tag?post=525612"}],"curies":[{"name":"wp","href":"https:\/\/api.w.org\/{rel}","templated":true}]}}