{"id":519303,"date":"2025-11-26T20:41:48","date_gmt":"2025-11-26T19:41:48","guid":{"rendered":"https:\/\/www.speedcube.nl\/?post_type=product&#038;p=519303"},"modified":"2026-05-10T05:05:16","modified_gmt":"2026-05-10T03:05:16","slug":"schleimige-puffy-cotton-in-zip-folie-lollipop","status":"publish","type":"product","link":"https:\/\/www.speedcube.nl\/de\/aanbieding-de\/schleimige-puffy-cotton-in-zip-folie-lollipop\/","title":{"rendered":"Schleimige Puffy Cotton in Zip-Folie Lollipop"},"content":{"rendered":"<p data-start=\"59\" data-end=\"468\">Der Puffy Cotton Lollipop f\u00fchlt sich seidig weich an, fast wie echte Seide! Dehnen, formen und gestalten Sie den luftigen Puffy Cotton Schleim, wie Sie m\u00f6chten. Er riecht auch gro\u00dfartig! Dieser neonfarbene Schleim ist superleicht in der Konsistenz und hat einen s\u00fc\u00dfen, angenehmen Duft. Er f\u00fchlt sich besonders luftig und weich an und macht das Spielen besonders angenehm. Der Puffy Cotton Lollipop ist in f\u00fcnf verschiedenen Farben erh\u00e4ltlich: orange, blau, pink, lila und gelb. Bitte beachten Sie, dass die Farbe nach dem Zufallsprinzip ausgew\u00e4hlt wird, so dass jeder Kauf eine lustige \u00dcberraschung ist.      <\/p>\n<p data-start=\"1020\" data-end=\"1145\" data-is-last-node=\"\" data-is-only-node=\"\">Um ein Austrocknen zu vermeiden, bewahren Sie den Schleim nach dem Spielen am besten in der Originalverpackung oder in einem wiederverschlie\u00dfbaren Beutel auf.<\/p>\n","protected":false},"excerpt":{"rendered":"<p>SLIMY<\/p>\n","protected":false},"featured_media":519305,"template":"","meta":{"_improvement_type_select":"improve_an_existing","_thumb_yes_seoaic":false,"_frame_yes_seoaic":false,"seoaic_generate_description":"","seoaic_improve_instructions_prompt":"","seoaic_rollback_content_improvement":"","seoaic_idea_thumbnail_generator":"","thumbnail_generated":false,"thumbnail_generate_prompt":"","seoaic_article_description":"","product-afmeting-lengte-mm":"140","product-afmeting-breedte-mm":"10","product-afmeting-hoogte-mm":"220"},"product_brand":[],"product_cat":[1552,2558,1752],"product_tag":[],"class_list":{"0":"post-519303","1":"product","2":"type-product","3":"status-publish","4":"has-post-thumbnail","6":"product_cat-kitt","7":"product_cat-aanbieding-de","8":"product_cat-schleimig","9":"pa_merken-slimy-de","11":"first","12":"instock","13":"sale","14":"taxable","15":"shipping-taxable","16":"purchasable","17":"product-type-simple"},"df_price":2.39,"df_sale_price":2.39,"df_regular_price":3.99,"df_image_link":"https:\/\/www.speedcube.nl\/wp-content\/uploads\/2025\/11\/Productvisuals_putty-SLIMY-Puffy-Cotton-in-Zip-Foil-Lollipop--285x300.jpg","_links":{"self":[{"href":"https:\/\/www.speedcube.nl\/de\/wp-json\/wp\/v2\/product\/519303","targetHints":{"allow":["GET"]}}],"collection":[{"href":"https:\/\/www.speedcube.nl\/de\/wp-json\/wp\/v2\/product"}],"about":[{"href":"https:\/\/www.speedcube.nl\/de\/wp-json\/wp\/v2\/types\/product"}],"version-history":[{"count":1,"href":"https:\/\/www.speedcube.nl\/de\/wp-json\/wp\/v2\/product\/519303\/revisions"}],"predecessor-version":[{"id":519313,"href":"https:\/\/www.speedcube.nl\/de\/wp-json\/wp\/v2\/product\/519303\/revisions\/519313"}],"wp:featuredmedia":[{"embeddable":true,"href":"https:\/\/www.speedcube.nl\/de\/wp-json\/wp\/v2\/media\/519305"}],"wp:attachment":[{"href":"https:\/\/www.speedcube.nl\/de\/wp-json\/wp\/v2\/media?parent=519303"}],"wp:term":[{"taxonomy":"product_brand","embeddable":true,"href":"https:\/\/www.speedcube.nl\/de\/wp-json\/wp\/v2\/product_brand?post=519303"},{"taxonomy":"product_cat","embeddable":true,"href":"https:\/\/www.speedcube.nl\/de\/wp-json\/wp\/v2\/product_cat?post=519303"},{"taxonomy":"product_tag","embeddable":true,"href":"https:\/\/www.speedcube.nl\/de\/wp-json\/wp\/v2\/product_tag?post=519303"}],"curies":[{"name":"wp","href":"https:\/\/api.w.org\/{rel}","templated":true}]}}