{"id":519287,"date":"2025-11-26T20:41:50","date_gmt":"2025-11-26T19:41:50","guid":{"rendered":"https:\/\/www.speedcube.nl\/?post_type=product&#038;p=519287"},"modified":"2026-04-19T05:02:08","modified_gmt":"2026-04-19T03:02:08","slug":"schleimige-klassiker-2025-sonderausgabe","status":"publish","type":"product","link":"https:\/\/www.speedcube.nl\/de\/aanbieding-de\/schleimige-klassiker-2025-sonderausgabe\/","title":{"rendered":"Schleimige Klassiker 2025 Sonderausgabe"},"content":{"rendered":"<p>Slimy bietet endlosen schleimigen Spielspa\u00df! Die Masse f\u00fchlt sich weich, dehnbar und \u00fcberraschend an, so dass Kinder sie immer wieder kneten, ziehen und erforschen wollen. Verpackt in der kultigen Slimy Geisterdose, komplett mit einem praktischen Clip, mit dem die Dose einfach an einem G\u00fcrtel oder einer G\u00fcrtelschnalle befestigt werden kann. So k\u00f6nnen Kinder ihr Slimy \u00fcberallhin mitnehmen: in die Schule, auf Reisen oder beim Spielen im Freien.   <\/p>\n<p>Eine zus\u00e4tzliche lustige \u00dcberraschung: Sie wissen im Voraus nicht, welche Farbe Sie erhalten werden. Das macht das \u00d6ffnen des P\u00e4ckchens noch spannender! Geeignet f\u00fcr Kinder ab 3 Jahren und perfekt, um die Fantasie und die Feinmotorik zu stimulieren.  <\/p>\n","protected":false},"excerpt":{"rendered":"<p>SLIMY<\/p>\n","protected":false},"featured_media":519298,"template":"","meta":{"_improvement_type_select":"improve_an_existing","_thumb_yes_seoaic":false,"_frame_yes_seoaic":false,"seoaic_generate_description":"","seoaic_improve_instructions_prompt":"","seoaic_rollback_content_improvement":"","seoaic_idea_thumbnail_generator":"","thumbnail_generated":false,"thumbnail_generate_prompt":"","seoaic_article_description":"","product-afmeting-lengte-mm":"","product-afmeting-breedte-mm":"","product-afmeting-hoogte-mm":""},"product_brand":[],"product_cat":[1552,1752,2558],"product_tag":[],"class_list":{"0":"post-519287","1":"product","2":"type-product","3":"status-publish","4":"has-post-thumbnail","6":"product_cat-kitt","7":"product_cat-schleimig","8":"product_cat-aanbieding-de","9":"pa_merken-slimy-de","11":"first","12":"instock","13":"sale","14":"taxable","15":"shipping-taxable","16":"purchasable","17":"product-type-simple"},"df_price":5.99,"df_sale_price":5.99,"df_regular_price":7.99,"df_image_link":"https:\/\/www.speedcube.nl\/wp-content\/uploads\/2025\/11\/Productvisuals_putty-SLIMY-Classics-2025-Special-Edition--285x300.jpg","_links":{"self":[{"href":"https:\/\/www.speedcube.nl\/de\/wp-json\/wp\/v2\/product\/519287","targetHints":{"allow":["GET"]}}],"collection":[{"href":"https:\/\/www.speedcube.nl\/de\/wp-json\/wp\/v2\/product"}],"about":[{"href":"https:\/\/www.speedcube.nl\/de\/wp-json\/wp\/v2\/types\/product"}],"version-history":[{"count":1,"href":"https:\/\/www.speedcube.nl\/de\/wp-json\/wp\/v2\/product\/519287\/revisions"}],"predecessor-version":[{"id":519311,"href":"https:\/\/www.speedcube.nl\/de\/wp-json\/wp\/v2\/product\/519287\/revisions\/519311"}],"wp:featuredmedia":[{"embeddable":true,"href":"https:\/\/www.speedcube.nl\/de\/wp-json\/wp\/v2\/media\/519298"}],"wp:attachment":[{"href":"https:\/\/www.speedcube.nl\/de\/wp-json\/wp\/v2\/media?parent=519287"}],"wp:term":[{"taxonomy":"product_brand","embeddable":true,"href":"https:\/\/www.speedcube.nl\/de\/wp-json\/wp\/v2\/product_brand?post=519287"},{"taxonomy":"product_cat","embeddable":true,"href":"https:\/\/www.speedcube.nl\/de\/wp-json\/wp\/v2\/product_cat?post=519287"},{"taxonomy":"product_tag","embeddable":true,"href":"https:\/\/www.speedcube.nl\/de\/wp-json\/wp\/v2\/product_tag?post=519287"}],"curies":[{"name":"wp","href":"https:\/\/api.w.org\/{rel}","templated":true}]}}