{"id":519277,"date":"2025-11-26T20:41:49","date_gmt":"2025-11-26T19:41:49","guid":{"rendered":"https:\/\/www.speedcube.nl\/?post_type=product&#038;p=519277"},"modified":"2026-04-30T05:11:48","modified_gmt":"2026-04-30T03:11:48","slug":"schleimiger-original-adventskalender-limited-edition","status":"publish","type":"product","link":"https:\/\/www.speedcube.nl\/de\/aanbieding-de\/schleimiger-original-adventskalender-limited-edition\/","title":{"rendered":"Schleimiger Original Adventskalender Limited Edition"},"content":{"rendered":"<p>Der neue Original SLIMY Adventskalender Limited Edition ist vollgepackt mit 24 verschiedenen, erstaunlichen Schleim-\u00dcberraschungen! Das ideale Original Slime-Geschenkset f\u00fcr Kinder, voller weihnachtlichem Spa\u00df mit Schleim in einem Adventskalender. Mit exklusiven SLIMY-Artikeln, die nur in diesem Kalender erh\u00e4ltlich sind, und einem fantastischen Highlight am 24. Dezember!  <\/p>\n","protected":false},"excerpt":{"rendered":"<p>SLIMY<\/p>\n","protected":false},"featured_media":519278,"template":"","meta":{"_improvement_type_select":"improve_an_existing","_thumb_yes_seoaic":false,"_frame_yes_seoaic":false,"seoaic_generate_description":"","seoaic_improve_instructions_prompt":"","seoaic_rollback_content_improvement":"","seoaic_idea_thumbnail_generator":"","thumbnail_generated":false,"thumbnail_generate_prompt":"","seoaic_article_description":"","product-afmeting-lengte-mm":"","product-afmeting-breedte-mm":"","product-afmeting-hoogte-mm":""},"product_brand":[],"product_cat":[1552,1752,2558],"product_tag":[],"class_list":{"0":"post-519277","1":"product","2":"type-product","3":"status-publish","4":"has-post-thumbnail","6":"product_cat-kitt","7":"product_cat-schleimig","8":"product_cat-aanbieding-de","9":"pa_merken-slimy-de","11":"first","12":"instock","13":"sale","14":"taxable","15":"shipping-taxable","16":"purchasable","17":"product-type-simple"},"df_price":29.99,"df_sale_price":29.99,"df_regular_price":39.99,"df_image_link":"https:\/\/www.speedcube.nl\/wp-content\/uploads\/2025\/11\/Productvisuals_putty-SLIMY-Original-Advent-Calendar-Limited-Edition--285x300.jpg","_links":{"self":[{"href":"https:\/\/www.speedcube.nl\/de\/wp-json\/wp\/v2\/product\/519277","targetHints":{"allow":["GET"]}}],"collection":[{"href":"https:\/\/www.speedcube.nl\/de\/wp-json\/wp\/v2\/product"}],"about":[{"href":"https:\/\/www.speedcube.nl\/de\/wp-json\/wp\/v2\/types\/product"}],"version-history":[{"count":1,"href":"https:\/\/www.speedcube.nl\/de\/wp-json\/wp\/v2\/product\/519277\/revisions"}],"predecessor-version":[{"id":519314,"href":"https:\/\/www.speedcube.nl\/de\/wp-json\/wp\/v2\/product\/519277\/revisions\/519314"}],"wp:featuredmedia":[{"embeddable":true,"href":"https:\/\/www.speedcube.nl\/de\/wp-json\/wp\/v2\/media\/519278"}],"wp:attachment":[{"href":"https:\/\/www.speedcube.nl\/de\/wp-json\/wp\/v2\/media?parent=519277"}],"wp:term":[{"taxonomy":"product_brand","embeddable":true,"href":"https:\/\/www.speedcube.nl\/de\/wp-json\/wp\/v2\/product_brand?post=519277"},{"taxonomy":"product_cat","embeddable":true,"href":"https:\/\/www.speedcube.nl\/de\/wp-json\/wp\/v2\/product_cat?post=519277"},{"taxonomy":"product_tag","embeddable":true,"href":"https:\/\/www.speedcube.nl\/de\/wp-json\/wp\/v2\/product_tag?post=519277"}],"curies":[{"name":"wp","href":"https:\/\/api.w.org\/{rel}","templated":true}]}}