{"id":519172,"date":"2025-11-25T22:17:47","date_gmt":"2025-11-25T21:17:47","guid":{"rendered":"https:\/\/www.speedcube.nl\/?post_type=product&#038;p=519172"},"modified":"2026-05-01T05:02:03","modified_gmt":"2026-05-01T03:02:03","slug":"ugears-star-wars-anakin-skywalkers-podracer","status":"publish","type":"product","link":"https:\/\/www.speedcube.nl\/de\/ugears\/ugears-star-wars-anakin-skywalkers-podracer\/","title":{"rendered":"Ugears Star Wars Anakin Skywalker&#8217;s Podracer"},"content":{"rendered":"<p data-start=\"76\" data-end=\"479\">Erleben Sie den Boonta Eve Classic mit Anakin Skywalkers Podracer\u2122 aus dem <a href=\"https:\/\/www.speedcube.nl\/de\/modellbau\/film-de\/\">Film<\/a> Star Wars\u2122: Die dunkle Bedrohung. Dieses ikonische Fahrzeug hat zwei leistungsstarke Triebwerke, die durch einen leuchtenden Energiebogen verbunden sind. Hinter den Triebwerken befindet sich ein kleines Cockpit, in dem Anakin sitzt. Mit diesem Podracer gewann der junge Anakin seine Freiheit auf den sandigen Ebenen von Tatooine. Er hat das Fahrzeug selbst entworfen und gebaut.    <\/p>\n<p data-start=\"481\" data-end=\"792\">Der Racer kombiniert Kraft, Geschwindigkeit und den Wagemut eines zuk\u00fcnftigen Jedi. Das Modell von <a href=\"https:\/\/www.speedcube.nl\/de\/modellbau\/ugears-modellbau\/\">Ugears<\/a> zeigt die Action von Pod-Rennen. Ein spezieller Gleichgewichtsmechanismus erm\u00f6glicht es dem Fahrzeug, sich zu neigen, zu schaukeln und zu drehen, als ob es wirklich schweben w\u00fcrde. Anakins Cockpit l\u00e4sst sich \u00f6ffnen und schlie\u00dfen und die Seitenluke ist manuell zu bedienen. Die beiden Motoren sind mit flexiblen, batteriebetriebenen LED-Dr\u00e4hten verbunden. So entsteht der ber\u00fchmte elektrische Boost-Effekt aus dem Film. Schalten Sie den Schalter unter den Motoren ein, um die Lichter einzuschalten. Ist die Batterie leer? Dann k\u00f6nnen Sie sie ganz einfach austauschen.        <\/p>\n<p data-start=\"1071\" data-end=\"1281\">Der Podracer besteht aus hochwertigem farbigem Sperrholz und ist so konstruiert, dass er perfekt im Gleichgewicht bleibt. Dieser <a href=\"https:\/\/www.speedcube.nl\/de\/modellbau\/baukasten-aus-holz\/\">Modellbausatz aus Holz<\/a> ist ein tolles Sammlerst\u00fcck f\u00fcr Star Wars Fans und Modellbau-Enthusiasten. <\/p>\n<p data-start=\"1071\" data-end=\"1281\"><strong>Hauptmerkmale:<\/strong><br \/>\n+ Balancebasierter St\u00e4nder f\u00fcr schwebende und schaukelnde Bewegungen<br \/>\n+ Flexible LED-Dr\u00e4hte ahmen den charakteristischen Lichtbogen nach<br \/>\n+ Schalter an der Unterseite aktiviert die Lichtbogenbeleuchtung<br \/>\n+ Offene Cockpitt\u00fcr<br \/>\n+ Zwei optionale Anakin-Figuren: Vorderansicht und Dreiviertelansicht<\/p>\n","protected":false},"excerpt":{"rendered":"<p>UGEARS<\/p>\n","protected":false},"featured_media":519173,"template":"","meta":{"_improvement_type_select":"improve_an_existing","_thumb_yes_seoaic":false,"_frame_yes_seoaic":false,"seoaic_generate_description":"","seoaic_improve_instructions_prompt":"","seoaic_rollback_content_improvement":"","seoaic_idea_thumbnail_generator":"","thumbnail_generated":false,"thumbnail_generate_prompt":"","seoaic_article_description":"","product-afmeting-lengte-mm":"311","product-afmeting-breedte-mm":"154","product-afmeting-hoogte-mm":"136"},"product_brand":[],"product_cat":[1499,5352,2558],"product_tag":[],"class_list":{"0":"post-519172","1":"product","2":"type-product","3":"status-publish","4":"has-post-thumbnail","6":"product_cat-modellbau","7":"product_cat-ugears","8":"product_cat-aanbieding-de","9":"pa_merken-ugears-de","11":"first","12":"instock","13":"sale","14":"taxable","15":"shipping-taxable","16":"purchasable","17":"product-type-simple"},"df_price":44.96,"df_sale_price":44.96,"df_regular_price":59.95,"df_image_link":"https:\/\/www.speedcube.nl\/wp-content\/uploads\/2025\/11\/Productvisuals_Modelbouw-Ugears-Star-Wars-Anakin-Skywalkers-Podracer--285x300.jpg","_links":{"self":[{"href":"https:\/\/www.speedcube.nl\/de\/wp-json\/wp\/v2\/product\/519172","targetHints":{"allow":["GET"]}}],"collection":[{"href":"https:\/\/www.speedcube.nl\/de\/wp-json\/wp\/v2\/product"}],"about":[{"href":"https:\/\/www.speedcube.nl\/de\/wp-json\/wp\/v2\/types\/product"}],"version-history":[{"count":1,"href":"https:\/\/www.speedcube.nl\/de\/wp-json\/wp\/v2\/product\/519172\/revisions"}],"predecessor-version":[{"id":519195,"href":"https:\/\/www.speedcube.nl\/de\/wp-json\/wp\/v2\/product\/519172\/revisions\/519195"}],"wp:featuredmedia":[{"embeddable":true,"href":"https:\/\/www.speedcube.nl\/de\/wp-json\/wp\/v2\/media\/519173"}],"wp:attachment":[{"href":"https:\/\/www.speedcube.nl\/de\/wp-json\/wp\/v2\/media?parent=519172"}],"wp:term":[{"taxonomy":"product_brand","embeddable":true,"href":"https:\/\/www.speedcube.nl\/de\/wp-json\/wp\/v2\/product_brand?post=519172"},{"taxonomy":"product_cat","embeddable":true,"href":"https:\/\/www.speedcube.nl\/de\/wp-json\/wp\/v2\/product_cat?post=519172"},{"taxonomy":"product_tag","embeddable":true,"href":"https:\/\/www.speedcube.nl\/de\/wp-json\/wp\/v2\/product_tag?post=519172"}],"curies":[{"name":"wp","href":"https:\/\/api.w.org\/{rel}","templated":true}]}}