{"id":519126,"date":"2025-11-25T22:17:48","date_gmt":"2025-11-25T21:17:48","guid":{"rendered":"https:\/\/www.speedcube.nl\/?post_type=product&#038;p=519126"},"modified":"2026-05-01T05:02:03","modified_gmt":"2026-05-01T03:02:03","slug":"ugears-star-wars-luke-skywalkers-x-wing-starfighter","status":"publish","type":"product","link":"https:\/\/www.speedcube.nl\/de\/ugears\/ugears-star-wars-luke-skywalkers-x-wing-starfighter\/","title":{"rendered":"Ugears Star Wars Luke Skywalker&#8217;s X-Wing Starfighter"},"content":{"rendered":"<p data-start=\"80\" data-end=\"449\">M\u00f6chten Sie an den Schlachten um den Todesstern teilnehmen? Dann bauen Sie Luke Skywalkers X-Wing Starfighter\u2122 von <a href=\"https:\/\/www.speedcube.nl\/de\/modellbau\/ugears-modellbau\/\">Ugears<\/a> aus der offiziellen Star Wars Kollektion. Der X-Wing war die letzte Verteidigung gegen die Superwaffe des Galaktischen Imperiums und erhielt seinen Namen von den S-Foils, die sich im Angriffsmodus befinden. Weichen Sie den TIE Fightern aus und nutzen Sie die Macht, um das Universum zu retten!   <\/p>\n<p data-start=\"451\" data-end=\"773\">Dieses <a href=\"https:\/\/www.speedcube.nl\/de\/modellbau\/baukasten-aus-holz\/\">Holzmodell<\/a> hat zwei Funktionen in einem: das Raumschiff und einen St\u00e4nder, der der Oberfl\u00e4che des Todessterns \u00e4hnelt. Der St\u00e4nder enth\u00e4lt einen motorisierten Schaukelmechanismus, der die Bewegungen des X-Wing nachahmt, wie im Film. Das Raumschiff und der St\u00e4nder sind magnetisch miteinander verbunden und k\u00f6nnen leicht abgenommen werden. Viele bewegliche Teile sorgen f\u00fcr zus\u00e4tzlichen Realismus: Die Cockpitklappe l\u00e4sst sich \u00f6ffnen, das vordere und hintere Fahrwerk kann ausgefahren werden und ein Knopf in Form von R2-D2 \u00f6ffnet eine Klappe an der Unterseite des Schiffes. Das wichtigste mechanische Highlight sind die S-Foils, die sich aufklappen und in Angriffsposition verriegeln lassen.    <\/p>\n<p data-start=\"1090\" data-end=\"1406\">Das Modell l\u00e4uft mit drei AA-Batterien oder \u00fcber einen USB Typ-C-Anschluss (Batterien und Kabel nicht enthalten). Luke Skywalkers X-Wing Fighter kann auch mit dem TIE Fighter Modell aus der Ugears <a href=\"https:\/\/www.speedcube.nl\/de\/modellbau\/film-de\/\">Star Wars Kollektion<\/a> verbunden werden, um eine gr\u00f6\u00dfere Oberfl\u00e4che des Todessterns zu schaffen, genau wie in der ikonischen Trench Run Szene. <\/p>\n<p data-start=\"1090\" data-end=\"1406\"><strong>Hauptmerkmale:<\/strong><br \/>\n+ Doppelmodell: Raumj\u00e4ger und St\u00e4nder mit batteriebetriebenem Motor<br \/>\n+ Seitliche Bewegung des Schiffs<br \/>\n+ Magnetische Befestigung am St\u00e4nder<br \/>\n+ St\u00e4nder mit realistischer Todesstern-Oberfl\u00e4che<br \/>\n+ S-Foils \u00f6ffnen und verriegeln in Angriffsposition<br \/>\n+ Cockpit-Luke \u00f6ffnet sich, R2-D2-Taste \u00f6ffnet untere Luke<\/p>\n","protected":false},"excerpt":{"rendered":"<p>UGEARS<\/p>\n","protected":false},"featured_media":519139,"template":"","meta":{"_improvement_type_select":"improve_an_existing","_thumb_yes_seoaic":false,"_frame_yes_seoaic":false,"seoaic_generate_description":"","seoaic_improve_instructions_prompt":"","seoaic_rollback_content_improvement":"","seoaic_idea_thumbnail_generator":"","thumbnail_generated":false,"thumbnail_generate_prompt":"","seoaic_article_description":"","product-afmeting-lengte-mm":"190","product-afmeting-breedte-mm":"175","product-afmeting-hoogte-mm":"260"},"product_brand":[],"product_cat":[1617,1500,1636,1499,5352,1713],"product_tag":[],"class_list":{"0":"post-519126","1":"product","2":"type-product","3":"status-publish","4":"has-post-thumbnail","6":"product_cat-baukasten-aus-holz","7":"product_cat-baukasten-fur-erwachsene","8":"product_cat-baukasten-fur-kinder","9":"product_cat-modellbau","10":"product_cat-ugears","11":"product_cat-ugears-modellbau","12":"pa_merken-ugears-de","14":"first","15":"instock","16":"taxable","17":"shipping-taxable","18":"purchasable","19":"product-type-simple"},"df_price":89.95,"df_sale_price":"","df_regular_price":89.95,"df_image_link":"https:\/\/www.speedcube.nl\/wp-content\/uploads\/2025\/11\/Productvisuals_Modelbouw-Ugears-Star-Wars-Luke-Skywalkers-X-Wing-Starfighter--285x300.jpg","_links":{"self":[{"href":"https:\/\/www.speedcube.nl\/de\/wp-json\/wp\/v2\/product\/519126","targetHints":{"allow":["GET"]}}],"collection":[{"href":"https:\/\/www.speedcube.nl\/de\/wp-json\/wp\/v2\/product"}],"about":[{"href":"https:\/\/www.speedcube.nl\/de\/wp-json\/wp\/v2\/types\/product"}],"version-history":[{"count":1,"href":"https:\/\/www.speedcube.nl\/de\/wp-json\/wp\/v2\/product\/519126\/revisions"}],"predecessor-version":[{"id":519197,"href":"https:\/\/www.speedcube.nl\/de\/wp-json\/wp\/v2\/product\/519126\/revisions\/519197"}],"wp:featuredmedia":[{"embeddable":true,"href":"https:\/\/www.speedcube.nl\/de\/wp-json\/wp\/v2\/media\/519139"}],"wp:attachment":[{"href":"https:\/\/www.speedcube.nl\/de\/wp-json\/wp\/v2\/media?parent=519126"}],"wp:term":[{"taxonomy":"product_brand","embeddable":true,"href":"https:\/\/www.speedcube.nl\/de\/wp-json\/wp\/v2\/product_brand?post=519126"},{"taxonomy":"product_cat","embeddable":true,"href":"https:\/\/www.speedcube.nl\/de\/wp-json\/wp\/v2\/product_cat?post=519126"},{"taxonomy":"product_tag","embeddable":true,"href":"https:\/\/www.speedcube.nl\/de\/wp-json\/wp\/v2\/product_tag?post=519126"}],"curies":[{"name":"wp","href":"https:\/\/api.w.org\/{rel}","templated":true}]}}