{"id":519125,"date":"2025-11-25T22:17:47","date_gmt":"2025-11-25T21:17:47","guid":{"rendered":"https:\/\/www.speedcube.nl\/?post_type=product&#038;p=519125"},"modified":"2026-05-01T05:02:04","modified_gmt":"2026-05-01T03:02:04","slug":"ugears-star-wars-millennium-falke","status":"publish","type":"product","link":"https:\/\/www.speedcube.nl\/de\/ugears\/ugears-star-wars-millennium-falke\/","title":{"rendered":"Ugears Star Wars Millennium Falke"},"content":{"rendered":"<p data-start=\"86\" data-end=\"359\">Bauen Sie den Kessel Run in weniger als zw\u00f6lf Parsecs nach mit dem Star Wars\u2122 Millennium Falcon\u2122 Modell von <a href=\"https:\/\/www.speedcube.nl\/de\/modellbau\/ugears-modellbau\/\">Ugears<\/a>. Als Teil der lizenzierten Star Wars-Kollektion ist dieses Modell das gr\u00f6\u00dfte und detaillierteste Modell im Ma\u00dfstab 1:75, das Ugears je geschaffen hat. <\/p>\n<p data-start=\"361\" data-end=\"664\">Der Millennium Falke ist das ber\u00fchmte Schiff der Schmuggler Han Solo und Chewbacca und spielte eine wichtige Rolle in den Schlachten gegen das Galaktische Imperium. Das Schiff ging durch viele H\u00e4nde, bis Rey Skywalker es in <em data-start=\"596\" data-end=\"615\">The Force Awakens<\/em> (2015) benutzte, bevor Han und Chewie es zur\u00fcckholten. <\/p>\n<p data-start=\"666\" data-end=\"909\">Das Modell hat detaillierte, farbige Teile innen und au\u00dfen, so dass es genau wie das Schiff aus den Filmen aussieht. Dar\u00fcber hinaus verf\u00fcgt es \u00fcber batteriebetriebene blaue LED-Lichter, die das Gl\u00fchen des Hyperantriebs nachahmen. Viele Teile sind beweglich, wie z.B. die Einstiegsrampe, die Frachtraumt\u00fcr, das Fahrwerk, die Gesch\u00fctzt\u00fcrme, die drehbare Antenne und das einziehbare Dach, das den Blick auf den Innenraum freigibt. Robuste Materialien wie hochwertige Faserplatten und Karton sorgen f\u00fcr Details und Haltbarkeit.   <\/p>\n<p data-start=\"1203\" data-end=\"1344\">Mit diesem <a href=\"https:\/\/www.speedcube.nl\/de\/modellbau\/baukasten-aus-holz\/\">3D-Holzmodell<\/a> des Millennium Falken holen Sie sich ein St\u00fcck <a href=\"https:\/\/www.speedcube.nl\/de\/modellbau\/film-de\/\">Filmgeschichte<\/a>in Ihr Zuhause. Es ist ein echter Blickfang f\u00fcr jeden Star Wars-Fan! <\/p>\n<p data-start=\"1346\" data-end=\"1376\"><strong data-start=\"1346\" data-end=\"1374\">Hauptmerkmale:<br \/>\n<\/strong>+ LED-Lichter, die den Hyperantrieb zum Gl\u00fchen bringen<br \/>\n+ Einziehbares Dach mit Details im Inneren<br \/>\n+ Laderaumt\u00fcr l\u00e4sst sich \u00f6ffnen und schlie\u00dfen<br \/>\n+ Einstiegsrampe kann abgesenkt und angehoben werden<br \/>\n+ Bewegliche Gesch\u00fctzt\u00fcrme oben und unten<br \/>\n+ 360\u00b0 drehbare Antenne<\/p>\n","protected":false},"excerpt":{"rendered":"<p>UGEARS<\/p>\n","protected":false},"featured_media":519137,"template":"","meta":{"_improvement_type_select":"improve_an_existing","_thumb_yes_seoaic":false,"_frame_yes_seoaic":false,"seoaic_generate_description":"","seoaic_improve_instructions_prompt":"","seoaic_rollback_content_improvement":"","seoaic_idea_thumbnail_generator":"","thumbnail_generated":false,"thumbnail_generate_prompt":"","seoaic_article_description":"","product-afmeting-lengte-mm":"460","product-afmeting-breedte-mm":"340","product-afmeting-hoogte-mm":"145"},"product_brand":[],"product_cat":[1617,1500,1636,1499,5352,1713],"product_tag":[],"class_list":{"0":"post-519125","1":"product","2":"type-product","3":"status-publish","4":"has-post-thumbnail","6":"product_cat-baukasten-aus-holz","7":"product_cat-baukasten-fur-erwachsene","8":"product_cat-baukasten-fur-kinder","9":"product_cat-modellbau","10":"product_cat-ugears","11":"product_cat-ugears-modellbau","12":"pa_merken-ugears-de","14":"first","15":"instock","16":"taxable","17":"shipping-taxable","18":"purchasable","19":"product-type-simple"},"df_price":179.95,"df_sale_price":"","df_regular_price":179.95,"df_image_link":"https:\/\/www.speedcube.nl\/wp-content\/uploads\/2025\/11\/Productvisuals_Modelbouw-Ugears-Star-Wars-Millennium-Falcon--285x300.jpg","_links":{"self":[{"href":"https:\/\/www.speedcube.nl\/de\/wp-json\/wp\/v2\/product\/519125","targetHints":{"allow":["GET"]}}],"collection":[{"href":"https:\/\/www.speedcube.nl\/de\/wp-json\/wp\/v2\/product"}],"about":[{"href":"https:\/\/www.speedcube.nl\/de\/wp-json\/wp\/v2\/types\/product"}],"version-history":[{"count":1,"href":"https:\/\/www.speedcube.nl\/de\/wp-json\/wp\/v2\/product\/519125\/revisions"}],"predecessor-version":[{"id":519193,"href":"https:\/\/www.speedcube.nl\/de\/wp-json\/wp\/v2\/product\/519125\/revisions\/519193"}],"wp:featuredmedia":[{"embeddable":true,"href":"https:\/\/www.speedcube.nl\/de\/wp-json\/wp\/v2\/media\/519137"}],"wp:attachment":[{"href":"https:\/\/www.speedcube.nl\/de\/wp-json\/wp\/v2\/media?parent=519125"}],"wp:term":[{"taxonomy":"product_brand","embeddable":true,"href":"https:\/\/www.speedcube.nl\/de\/wp-json\/wp\/v2\/product_brand?post=519125"},{"taxonomy":"product_cat","embeddable":true,"href":"https:\/\/www.speedcube.nl\/de\/wp-json\/wp\/v2\/product_cat?post=519125"},{"taxonomy":"product_tag","embeddable":true,"href":"https:\/\/www.speedcube.nl\/de\/wp-json\/wp\/v2\/product_tag?post=519125"}],"curies":[{"name":"wp","href":"https:\/\/api.w.org\/{rel}","templated":true}]}}