{"id":519079,"date":"2025-11-25T22:17:45","date_gmt":"2025-11-25T21:17:45","guid":{"rendered":"https:\/\/www.speedcube.nl\/?post_type=product&#038;p=519079"},"modified":"2026-04-18T05:02:02","modified_gmt":"2026-04-18T03:02:02","slug":"ugears-star-wars-tie-fighter","status":"publish","type":"product","link":"https:\/\/www.speedcube.nl\/de\/ugears\/ugears-star-wars-tie-fighter\/","title":{"rendered":"Ugears Star Wars TIE Fighter"},"content":{"rendered":"<p data-start=\"73\" data-end=\"469\">Treten Sie ein in die dunkle Seite des Star Wars Universums mit dem TIE Fighter\u2122 aus der lizenzierten Star Wars\u2122 Kollektion von <a href=\"https:\/\/www.speedcube.nl\/de\/modellbau\/ugears-modellbau\/\">Ugears<\/a>. Mit seinem kugelf\u00f6rmigen Cockpit und den sechseckigen Fl\u00fcgeln ist der Twin Ion Engine (TIE) Fighter das ikonische Kampfflugzeug des Galaktischen Imperiums. Dieses wendige, aber verwundbare Schiff ist ein gef\u00fcrchteter Gegner im Luftkampf und zur Unterst\u00fctzung der Bodentruppen. In den Star <a href=\"https:\/\/www.speedcube.nl\/de\/modellbau\/film-de\/\">Wars-Filmen<\/a> darf er nicht fehlen.   <\/p>\n<p data-start=\"471\" data-end=\"1021\">Dieser <a href=\"https:\/\/www.speedcube.nl\/de\/modellbau\/baukasten-aus-holz\/\">Holzmodellbausatz<\/a> enth\u00e4lt den TIE Fighter und einen St\u00e4nder, der wie die Oberfl\u00e4che des Todessterns aussieht. Das Schiff ist magnetisch am St\u00e4nder befestigt, so dass Sie es leicht aufstellen und abnehmen k\u00f6nnen. Der St\u00e4nder enth\u00e4lt einen kleinen batteriebetriebenen Motor, der das Schiff realistisch in Bewegung setzt. Zwei Laserkanonent\u00fcrme k\u00f6nnen seitlich gedreht werden, um ein Sperrfeuer gegen ankommende X-Wings abzugeben. Das Cockpit auf der Oberseite l\u00e4sst sich \u00f6ffnen, um einen detaillierten Innenraum zu enth\u00fcllen, w\u00e4hrend die Fl\u00fcgel Pappelemente f\u00fcr zus\u00e4tzliche Details enthalten.    <\/p>\n<p data-start=\"1023\" data-end=\"1367\">Der TIE Fighter wird mit drei AA-Batterien (nicht im Lieferumfang enthalten) oder \u00fcber USB Typ-C betrieben (Powerbanks und Kabel nicht im Lieferumfang enthalten). Der St\u00e4nder ist kompatibel mit dem des X-Wing Fighters von Luke Skywalker aus derselben Ugears Star Wars Kollektion. So k\u00f6nnen Sie eine gr\u00f6\u00dfere Oberfl\u00e4che des Todessterns schaffen und mitten im Geschehen der ber\u00fchmten Trench Run-Szene sein.  <\/p>\n<p data-start=\"1369\" data-end=\"1399\"><strong data-start=\"1369\" data-end=\"1397\">Hauptmerkmale:<br \/>\n<\/strong>+ <strong data-start=\"1369\" data-end=\"1397\">Schiffsmodell <\/strong>und St\u00e4nder mit batteriebetriebenem Motor<br \/>\n+ Seitliche Bewegung des Schiffs<br \/>\n+ Magnetische Befestigung am St\u00e4nder<br \/>\n+ Der St\u00e4nder ist der Oberfl\u00e4che des Todessterns nachempfunden<br \/>\n+ Die doppelten Laserkanonent\u00fcrme bewegen sich seitlich<br \/>\n+ Die Cockpit-Luke l\u00e4sst sich \u00f6ffnen und zeigt Details des Innenraums<br \/>\n+ Farbiges Sperrholz f\u00fcr mehr Realismus<\/p>\n","protected":false},"excerpt":{"rendered":"<p>UGEARS<\/p>\n","protected":false},"featured_media":519080,"template":"","meta":{"_improvement_type_select":"improve_an_existing","_thumb_yes_seoaic":false,"_frame_yes_seoaic":false,"seoaic_generate_description":"","seoaic_improve_instructions_prompt":"","seoaic_rollback_content_improvement":"","seoaic_idea_thumbnail_generator":"","thumbnail_generated":false,"thumbnail_generate_prompt":"","seoaic_article_description":"","product-afmeting-lengte-mm":"150","product-afmeting-breedte-mm":"220","product-afmeting-hoogte-mm":"260"},"product_brand":[],"product_cat":[1499,5352,2558],"product_tag":[],"class_list":{"0":"post-519079","1":"product","2":"type-product","3":"status-publish","4":"has-post-thumbnail","6":"product_cat-modellbau","7":"product_cat-ugears","8":"product_cat-aanbieding-de","9":"pa_merken-ugears-de","11":"first","12":"instock","13":"sale","14":"taxable","15":"shipping-taxable","16":"purchasable","17":"product-type-simple"},"df_price":67.46,"df_sale_price":67.46,"df_regular_price":89.95,"df_image_link":"https:\/\/www.speedcube.nl\/wp-content\/uploads\/2025\/11\/Productvisuals_Modelbouw-Ugears-Star-Wars-TIE-Fighter--285x300.jpg","_links":{"self":[{"href":"https:\/\/www.speedcube.nl\/de\/wp-json\/wp\/v2\/product\/519079","targetHints":{"allow":["GET"]}}],"collection":[{"href":"https:\/\/www.speedcube.nl\/de\/wp-json\/wp\/v2\/product"}],"about":[{"href":"https:\/\/www.speedcube.nl\/de\/wp-json\/wp\/v2\/types\/product"}],"version-history":[{"count":1,"href":"https:\/\/www.speedcube.nl\/de\/wp-json\/wp\/v2\/product\/519079\/revisions"}],"predecessor-version":[{"id":519191,"href":"https:\/\/www.speedcube.nl\/de\/wp-json\/wp\/v2\/product\/519079\/revisions\/519191"}],"wp:featuredmedia":[{"embeddable":true,"href":"https:\/\/www.speedcube.nl\/de\/wp-json\/wp\/v2\/media\/519080"}],"wp:attachment":[{"href":"https:\/\/www.speedcube.nl\/de\/wp-json\/wp\/v2\/media?parent=519079"}],"wp:term":[{"taxonomy":"product_brand","embeddable":true,"href":"https:\/\/www.speedcube.nl\/de\/wp-json\/wp\/v2\/product_brand?post=519079"},{"taxonomy":"product_cat","embeddable":true,"href":"https:\/\/www.speedcube.nl\/de\/wp-json\/wp\/v2\/product_cat?post=519079"},{"taxonomy":"product_tag","embeddable":true,"href":"https:\/\/www.speedcube.nl\/de\/wp-json\/wp\/v2\/product_tag?post=519079"}],"curies":[{"name":"wp","href":"https:\/\/api.w.org\/{rel}","templated":true}]}}