{"id":518918,"date":"2025-11-25T17:52:31","date_gmt":"2025-11-25T16:52:31","guid":{"rendered":"https:\/\/www.speedcube.nl\/?post_type=product&#038;p=518918"},"modified":"2026-04-19T05:02:08","modified_gmt":"2026-04-19T03:02:08","slug":"smartgames-farbcode","status":"publish","type":"product","link":"https:\/\/www.speedcube.nl\/de\/aanbieding-de\/smartgames-farbcode\/","title":{"rendered":"Smartgames Farbcode"},"content":{"rendered":"<p data-pm-slice=\"1 1 []\">L\u00f6sen Sie das R\u00e4tsel Schicht f\u00fcr Schicht mit dem <a href=\"https:\/\/www.speedcube.nl\/de\/knobelaufgaben\/intelligente-spiele-ratsel\/\">Smartgames<\/a> Colour Code! W\u00e4hlen Sie eine der 100 Herausforderungen aus und versuchen Sie, sie nachzustellen, indem Sie die richtigen transparenten Karten \u00fcbereinander legen. Es mag einfach erscheinen, aber sowohl Kinder als auch Erwachsene werden immer wieder vom Ergebnis \u00fcberrascht sein! Das Set enth\u00e4lt 18 transparente Karten mit bunten Formen, einen praktischen St\u00e4nder und ein Heft mit Anleitungen und L\u00f6sungen. Sind Sie der Herausforderung dieses <a href=\"https:\/\/www.speedcube.nl\/de\/knobelaufgaben\/\">R\u00e4tsels<\/a> gewachsen?<\/p>\n<p>Alter: 5+<br \/>\nSchwierigkeitsgrad: 3 Sterne<\/p>\n","protected":false},"excerpt":{"rendered":"<p>SMARTGAMES<\/p>\n","protected":false},"featured_media":518936,"template":"","meta":{"_improvement_type_select":"improve_an_existing","_thumb_yes_seoaic":false,"_frame_yes_seoaic":false,"seoaic_generate_description":"","seoaic_improve_instructions_prompt":"","seoaic_rollback_content_improvement":"","seoaic_idea_thumbnail_generator":"","thumbnail_generated":false,"thumbnail_generate_prompt":"","seoaic_article_description":"","product-afmeting-lengte-mm":"","product-afmeting-breedte-mm":"","product-afmeting-hoogte-mm":""},"product_brand":[],"product_cat":[2558],"product_tag":[],"class_list":{"0":"post-518918","1":"product","2":"type-product","3":"status-publish","4":"has-post-thumbnail","6":"product_cat-aanbieding-de","7":"pa_merken-smartgames-de","9":"first","10":"instock","11":"sale","12":"taxable","13":"shipping-taxable","14":"purchasable","15":"product-type-simple"},"df_price":18.71,"df_sale_price":18.71,"df_regular_price":24.95,"df_image_link":"https:\/\/www.speedcube.nl\/wp-content\/uploads\/2025\/11\/Productvisuals_Breinbrekers-SmartGames-Colour-Code--285x300.jpg","_links":{"self":[{"href":"https:\/\/www.speedcube.nl\/de\/wp-json\/wp\/v2\/product\/518918","targetHints":{"allow":["GET"]}}],"collection":[{"href":"https:\/\/www.speedcube.nl\/de\/wp-json\/wp\/v2\/product"}],"about":[{"href":"https:\/\/www.speedcube.nl\/de\/wp-json\/wp\/v2\/types\/product"}],"version-history":[{"count":3,"href":"https:\/\/www.speedcube.nl\/de\/wp-json\/wp\/v2\/product\/518918\/revisions"}],"predecessor-version":[{"id":518986,"href":"https:\/\/www.speedcube.nl\/de\/wp-json\/wp\/v2\/product\/518918\/revisions\/518986"}],"wp:featuredmedia":[{"embeddable":true,"href":"https:\/\/www.speedcube.nl\/de\/wp-json\/wp\/v2\/media\/518936"}],"wp:attachment":[{"href":"https:\/\/www.speedcube.nl\/de\/wp-json\/wp\/v2\/media?parent=518918"}],"wp:term":[{"taxonomy":"product_brand","embeddable":true,"href":"https:\/\/www.speedcube.nl\/de\/wp-json\/wp\/v2\/product_brand?post=518918"},{"taxonomy":"product_cat","embeddable":true,"href":"https:\/\/www.speedcube.nl\/de\/wp-json\/wp\/v2\/product_cat?post=518918"},{"taxonomy":"product_tag","embeddable":true,"href":"https:\/\/www.speedcube.nl\/de\/wp-json\/wp\/v2\/product_tag?post=518918"}],"curies":[{"name":"wp","href":"https:\/\/api.w.org\/{rel}","templated":true}]}}