{"id":518587,"date":"2025-11-24T20:52:58","date_gmt":"2025-11-24T19:52:58","guid":{"rendered":"https:\/\/www.speedcube.nl\/?post_type=product&#038;p=518587"},"modified":"2026-05-09T05:01:15","modified_gmt":"2026-05-09T03:01:15","slug":"robotime-road-tripper-mcd03","status":"publish","type":"product","link":"https:\/\/www.speedcube.nl\/de\/aanbieding-de\/robotime-road-tripper-mcd03\/","title":{"rendered":"Robotime Road Tripper MCD03"},"content":{"rendered":"<p>Wir begeben uns auf eine abenteuerliche Reise und entdecken Gleichgewicht, Bewegung und Schwerkraft mit dem Road Tripper <a href=\"https:\/\/www.speedcube.nl\/de\/modellbau\/baukasten-aus-holz\/\">aus Holz<\/a> <a href=\"https:\/\/www.speedcube.nl\/de\/modellbau\/robotime-de\/\">von Robotime<\/a>. Der gelb-wei\u00dfe Jeep vom Typ Land Rover C verf\u00fcgt \u00fcber robuste Details, einen kaffeetrinkenden Fahrer, einen Hund als Beifahrer und eine Camper-Ausstattung. Unser Surfbrett und unser Koffer sind sicher befestigt und bereit, unbekannte Ziele hinter der untergehenden Sonne zu erkunden.<\/p>\n<p data-start=\"480\" data-end=\"776\" data-is-last-node=\"\" data-is-only-node=\"\">Dieser kompakte Retro-Jeep bewegt sich auf einer gewichtsbelasteten Pendelbasis mit einem kleinen Schubs rhythmisch hin und her und demonstriert so auf clevere Weise Harmonie und Gleichgewicht durch sein mechanisches Design. Der Geist des Road Trippers ist f\u00fcr alle kleinen Reisenden stolz auf die Seite gedruckt: Let&#8217;s Go!<\/p>\n<p data-start=\"455\" data-end=\"806\" data-is-last-node=\"\" data-is-only-node=\"\"><strong>Bemerkung:<\/strong><em><strong><br \/>\n<\/strong>Aufgrund von Zollbestimmungen ist das <strong data-start=\"35\" data-end=\"42\">Wachs<\/strong> m\u00f6glicherweise nicht im Paket enthalten. Sie k\u00f6nnen stattdessen normale Kerzen, Buntstifte, Bienenwachs oder etwas \u00c4hnliches verwenden. <\/em><\/p>\n","protected":false},"excerpt":{"rendered":"<p>ROBOTIME<\/p>\n","protected":false},"featured_media":518600,"template":"","meta":{"_improvement_type_select":"improve_an_existing","_thumb_yes_seoaic":false,"_frame_yes_seoaic":false,"seoaic_generate_description":"","seoaic_improve_instructions_prompt":"","seoaic_rollback_content_improvement":"","seoaic_idea_thumbnail_generator":"","thumbnail_generated":false,"thumbnail_generate_prompt":"","seoaic_article_description":"","product-afmeting-lengte-mm":"160","product-afmeting-breedte-mm":"95","product-afmeting-hoogte-mm":"375"},"product_brand":[],"product_cat":[1499,2558,1619],"product_tag":[],"class_list":{"0":"post-518587","1":"product","2":"type-product","3":"status-publish","4":"has-post-thumbnail","6":"product_cat-modellbau","7":"product_cat-aanbieding-de","8":"product_cat-robotime-de","9":"pa_merken-robotime-de","11":"first","12":"instock","13":"sale","14":"taxable","15":"shipping-taxable","16":"purchasable","17":"product-type-simple"},"df_price":11.99,"df_sale_price":11.99,"df_regular_price":19.99,"df_image_link":"https:\/\/www.speedcube.nl\/wp-content\/uploads\/2025\/11\/Productvisuals_Modelbouw-Robotime-Road-Tripper-MCD03--285x300.jpg","_links":{"self":[{"href":"https:\/\/www.speedcube.nl\/de\/wp-json\/wp\/v2\/product\/518587","targetHints":{"allow":["GET"]}}],"collection":[{"href":"https:\/\/www.speedcube.nl\/de\/wp-json\/wp\/v2\/product"}],"about":[{"href":"https:\/\/www.speedcube.nl\/de\/wp-json\/wp\/v2\/types\/product"}],"version-history":[{"count":3,"href":"https:\/\/www.speedcube.nl\/de\/wp-json\/wp\/v2\/product\/518587\/revisions"}],"predecessor-version":[{"id":518946,"href":"https:\/\/www.speedcube.nl\/de\/wp-json\/wp\/v2\/product\/518587\/revisions\/518946"}],"wp:featuredmedia":[{"embeddable":true,"href":"https:\/\/www.speedcube.nl\/de\/wp-json\/wp\/v2\/media\/518600"}],"wp:attachment":[{"href":"https:\/\/www.speedcube.nl\/de\/wp-json\/wp\/v2\/media?parent=518587"}],"wp:term":[{"taxonomy":"product_brand","embeddable":true,"href":"https:\/\/www.speedcube.nl\/de\/wp-json\/wp\/v2\/product_brand?post=518587"},{"taxonomy":"product_cat","embeddable":true,"href":"https:\/\/www.speedcube.nl\/de\/wp-json\/wp\/v2\/product_cat?post=518587"},{"taxonomy":"product_tag","embeddable":true,"href":"https:\/\/www.speedcube.nl\/de\/wp-json\/wp\/v2\/product_tag?post=518587"}],"curies":[{"name":"wp","href":"https:\/\/api.w.org\/{rel}","templated":true}]}}