{"id":518571,"date":"2025-11-24T20:52:58","date_gmt":"2025-11-24T19:52:58","guid":{"rendered":"https:\/\/www.speedcube.nl\/?post_type=product&#038;p=518571"},"modified":"2026-04-29T05:03:56","modified_gmt":"2026-04-29T03:03:56","slug":"robotime-tiefsee-abenteurer-mcd04","status":"publish","type":"product","link":"https:\/\/www.speedcube.nl\/de\/aanbieding-de\/robotime-tiefsee-abenteurer-mcd04\/","title":{"rendered":"Robotime Tiefsee-Abenteurer MCD04"},"content":{"rendered":"<p data-start=\"67\" data-end=\"453\">Tauchen Sie mit diesem <a href=\"https:\/\/www.speedcube.nl\/de\/modellbau\/\">Modellbausatz<\/a> Deep-Sea Adventurer <a href=\"https:\/\/www.speedcube.nl\/de\/modellbau\/baukasten-aus-holz\/\">aus Holz<\/a> unter den Meeresspiegel und entdecken Sie die Magie des Gleichgewichts, der Bewegung und der Fantasie. Der Deep-Sea Adventurer verleiht dem Pendel dank Elementen wie einem sich drehenden Propeller, einem \u00fcbergro\u00dfen Periskop, einem fischf\u00f6rmigen K\u00f6rper, einem sichtbaren Rahmen, einem Bullauge mit gelbem Rand und einem Retro-Jules-Verne-Look eine spielerische Wendung.<\/p>\n<p data-start=\"455\" data-end=\"806\" data-is-last-node=\"\" data-is-only-node=\"\">Kapit\u00e4n Nemo steuert dieses U-Boot von <a href=\"https:\/\/www.speedcube.nl\/de\/modellbau\/robotime-de\/\">Robotime<\/a> voller lustiger Details, wie dem speziellen Gegengewicht und der beweglichen Lukent\u00fcr. In einer unteren Schublade finden Sie eine \u00dcberraschung: einen Kompass. Bei dieser Serie k\u00f6nnen Sie \u00e4hnliche Teile austauschen, um Ihre eigene, einzigartige Mischung aus Farben und Stil f\u00fcr ein wirklich pers\u00f6nliches, spielerisches Unterwassererlebnis zu schaffen!<\/p>\n<p data-start=\"455\" data-end=\"806\" data-is-last-node=\"\" data-is-only-node=\"\"><strong>Bemerkung:<\/strong><em><strong><br \/>\n<\/strong>Aufgrund von Zollbestimmungen ist das <strong data-start=\"35\" data-end=\"42\">Wachs<\/strong> m\u00f6glicherweise nicht im Paket enthalten. Sie k\u00f6nnen stattdessen normale Kerzen, Buntstifte, Bienenwachs oder etwas \u00c4hnliches verwenden. <\/em><\/p>\n","protected":false},"excerpt":{"rendered":"<p>ROBOTIME<\/p>\n","protected":false},"featured_media":518583,"template":"","meta":{"_improvement_type_select":"improve_an_existing","_thumb_yes_seoaic":false,"_frame_yes_seoaic":false,"seoaic_generate_description":"","seoaic_improve_instructions_prompt":"","seoaic_rollback_content_improvement":"","seoaic_idea_thumbnail_generator":"","thumbnail_generated":false,"thumbnail_generate_prompt":"","seoaic_article_description":"","product-afmeting-lengte-mm":"140","product-afmeting-breedte-mm":"95","product-afmeting-hoogte-mm":"365"},"product_brand":[],"product_cat":[1499,1619,2558],"product_tag":[],"class_list":{"0":"post-518571","1":"product","2":"type-product","3":"status-publish","4":"has-post-thumbnail","6":"product_cat-modellbau","7":"product_cat-robotime-de","8":"product_cat-aanbieding-de","9":"pa_merken-robotime-de","11":"first","12":"instock","13":"sale","14":"taxable","15":"shipping-taxable","16":"purchasable","17":"product-type-simple"},"df_price":14.99,"df_sale_price":14.99,"df_regular_price":19.99,"df_image_link":"https:\/\/www.speedcube.nl\/wp-content\/uploads\/2025\/11\/Productvisuals_Modelbouw-Robotime-Deep-Sea-Adventurer-MCD04--285x300.jpg","_links":{"self":[{"href":"https:\/\/www.speedcube.nl\/de\/wp-json\/wp\/v2\/product\/518571","targetHints":{"allow":["GET"]}}],"collection":[{"href":"https:\/\/www.speedcube.nl\/de\/wp-json\/wp\/v2\/product"}],"about":[{"href":"https:\/\/www.speedcube.nl\/de\/wp-json\/wp\/v2\/types\/product"}],"version-history":[{"count":3,"href":"https:\/\/www.speedcube.nl\/de\/wp-json\/wp\/v2\/product\/518571\/revisions"}],"predecessor-version":[{"id":518947,"href":"https:\/\/www.speedcube.nl\/de\/wp-json\/wp\/v2\/product\/518571\/revisions\/518947"}],"wp:featuredmedia":[{"embeddable":true,"href":"https:\/\/www.speedcube.nl\/de\/wp-json\/wp\/v2\/media\/518583"}],"wp:attachment":[{"href":"https:\/\/www.speedcube.nl\/de\/wp-json\/wp\/v2\/media?parent=518571"}],"wp:term":[{"taxonomy":"product_brand","embeddable":true,"href":"https:\/\/www.speedcube.nl\/de\/wp-json\/wp\/v2\/product_brand?post=518571"},{"taxonomy":"product_cat","embeddable":true,"href":"https:\/\/www.speedcube.nl\/de\/wp-json\/wp\/v2\/product_cat?post=518571"},{"taxonomy":"product_tag","embeddable":true,"href":"https:\/\/www.speedcube.nl\/de\/wp-json\/wp\/v2\/product_tag?post=518571"}],"curies":[{"name":"wp","href":"https:\/\/api.w.org\/{rel}","templated":true}]}}