{"id":518523,"date":"2025-11-24T20:53:00","date_gmt":"2025-11-24T19:53:00","guid":{"rendered":"https:\/\/www.speedcube.nl\/?post_type=product&#038;p=518523"},"modified":"2026-05-09T05:01:15","modified_gmt":"2026-05-09T03:01:15","slug":"robotime-buchstuetze-century-train-tge01","status":"publish","type":"product","link":"https:\/\/www.speedcube.nl\/de\/aanbieding-de\/robotime-buchstuetze-century-train-tge01\/","title":{"rendered":"Robotime Buchst\u00fctze Century Train TGE01"},"content":{"rendered":"<p data-start=\"52\" data-end=\"461\">Reisen wir zur\u00fcck ins 19. Jahrhundert und sehen wir, wie sich das Transportwesen damals in Windeseile ver\u00e4nderte. Damals bef\u00f6rderten Dampfeisenbahnen bereits Hunderte von Passagieren von einem Dorf zum anderen. Beeindruckende Maschinen trieben die ganze Sache voran. Rolife bringt Ihnen jetzt eine realistische Miniaturversion eines solchen altmodischen Zuges, bereit, Sie auf eine fantastische Fahrt mit einem Hauch von Vintage-Charme mitzunehmen.<\/p>\n<p data-start=\"463\" data-end=\"874\">Es gibt keinen besseren Zeitpunkt als jetzt, um dieses Abenteuer zu beginnen. Mit diesem <a href=\"https:\/\/www.speedcube.nl\/de\/modellbau\/baukasten-aus-holz\/\">Holzbaukasten<\/a> bauen Sie Schritt f\u00fcr Schritt Ihren eigenen klassischen Zug, komplett mit Schienen, R\u00e4dern und anderen typischen Teilen. Aber dieses Mal mit einer \u00fcberraschenden Wendung: Der Zug befindet sich inmitten einer magischen Welt inmitten Ihrer B\u00fccher. Lassen Sie Ihrer Fantasie freien Lauf, wenn Sie sich eine Reise durch diese zauberhafte Mini-Landschaft vorstellen. Wann werden Sie mit dem Bau des <a href=\"https:\/\/www.speedcube.nl\/de\/modellbau\/robotime-de\/\">Robotime<\/a> Century Train TGE01 beginnen?<\/p>\n<p data-start=\"876\" data-end=\"1008\" data-is-last-node=\"\" data-is-only-node=\"\">Mit diesem detaillierten <a href=\"https:\/\/www.speedcube.nl\/de\/modellbau\/\">Modellbausatz<\/a> k\u00f6nnen Sie ein goldenes St\u00fcck Transportgeschichte wieder zum Leben erwecken und von nun an direkt zwischen Ihren B\u00fcchern reisen!<\/p>\n","protected":false},"excerpt":{"rendered":"<p>ROBOTIME<\/p>\n","protected":false},"featured_media":518532,"template":"","meta":{"_improvement_type_select":"improve_an_existing","_thumb_yes_seoaic":false,"_frame_yes_seoaic":false,"seoaic_generate_description":"","seoaic_improve_instructions_prompt":"","seoaic_rollback_content_improvement":"","seoaic_idea_thumbnail_generator":"","thumbnail_generated":false,"thumbnail_generate_prompt":"","seoaic_article_description":"","product-afmeting-lengte-mm":"441","product-afmeting-breedte-mm":"106","product-afmeting-hoogte-mm":"166"},"product_brand":[],"product_cat":[1499,2558,1619],"product_tag":[],"class_list":{"0":"post-518523","1":"product","2":"type-product","3":"status-publish","4":"has-post-thumbnail","6":"product_cat-modellbau","7":"product_cat-aanbieding-de","8":"product_cat-robotime-de","9":"pa_merken-robotime-de","11":"first","12":"instock","13":"sale","14":"taxable","15":"shipping-taxable","16":"purchasable","17":"product-type-simple"},"df_price":20.97,"df_sale_price":20.97,"df_regular_price":34.95,"df_image_link":"https:\/\/www.speedcube.nl\/wp-content\/uploads\/2025\/11\/Productvisuals_Modelbouw-Robotime-Century-Train-TGE01--285x300.jpg","_links":{"self":[{"href":"https:\/\/www.speedcube.nl\/de\/wp-json\/wp\/v2\/product\/518523","targetHints":{"allow":["GET"]}}],"collection":[{"href":"https:\/\/www.speedcube.nl\/de\/wp-json\/wp\/v2\/product"}],"about":[{"href":"https:\/\/www.speedcube.nl\/de\/wp-json\/wp\/v2\/types\/product"}],"version-history":[{"count":3,"href":"https:\/\/www.speedcube.nl\/de\/wp-json\/wp\/v2\/product\/518523\/revisions"}],"predecessor-version":[{"id":518951,"href":"https:\/\/www.speedcube.nl\/de\/wp-json\/wp\/v2\/product\/518523\/revisions\/518951"}],"wp:featuredmedia":[{"embeddable":true,"href":"https:\/\/www.speedcube.nl\/de\/wp-json\/wp\/v2\/media\/518532"}],"wp:attachment":[{"href":"https:\/\/www.speedcube.nl\/de\/wp-json\/wp\/v2\/media?parent=518523"}],"wp:term":[{"taxonomy":"product_brand","embeddable":true,"href":"https:\/\/www.speedcube.nl\/de\/wp-json\/wp\/v2\/product_brand?post=518523"},{"taxonomy":"product_cat","embeddable":true,"href":"https:\/\/www.speedcube.nl\/de\/wp-json\/wp\/v2\/product_cat?post=518523"},{"taxonomy":"product_tag","embeddable":true,"href":"https:\/\/www.speedcube.nl\/de\/wp-json\/wp\/v2\/product_tag?post=518523"}],"curies":[{"name":"wp","href":"https:\/\/api.w.org\/{rel}","templated":true}]}}