{"id":518449,"date":"2025-11-24T20:53:02","date_gmt":"2025-11-24T19:53:02","guid":{"rendered":"https:\/\/www.speedcube.nl\/?post_type=product&#038;p=518449"},"modified":"2026-05-09T05:01:15","modified_gmt":"2026-05-09T03:01:15","slug":"robotime-miniatur-haus-nr-17-kaffee-cafe-dg162","status":"publish","type":"product","link":"https:\/\/www.speedcube.nl\/de\/aanbieding-de\/robotime-miniatur-haus-nr-17-kaffee-cafe-dg162\/","title":{"rendered":"Robotime Miniatur Haus Nr.17 Kaffee Caf\u00e9 DG162"},"content":{"rendered":"<p data-start=\"71\" data-end=\"476\">Treten Sie ein in die zauberhafte Welt des <a href=\"https:\/\/www.speedcube.nl\/de\/modellbau\/robotime-de\/\">Robotime<\/a> Caf\u00e9 Miniatur-Kaffeehauses und lassen Sie sich von einer warmen, nostalgischen Atmosph\u00e4re mitrei\u00dfen. Es f\u00fchlt sich an wie eine luxuri\u00f6se Kaffeebar, in der Sie sich v\u00f6llig entspannen, genie\u00dfen und in einen Hauch von Retro-Charme eintauchen k\u00f6nnen. Dieses von klassischen Coffee Shops inspirierte <a href=\"https:\/\/www.speedcube.nl\/de\/modellbau\/modellierung-von-miniaturhausern\/\">Miniaturhaus<\/a> ist voller sch\u00f6ner Holzdetails, die dem Raum eine gem\u00fctliche, einladende Atmosph\u00e4re verleihen.<\/p>\n<p data-start=\"478\" data-end=\"840\">Das offene Layout verbindet m\u00fchelos Innen und Au\u00dfen, l\u00e4sst die Grenzen verschwimmen und erm\u00f6glicht es Ihnen, das frische Gef\u00fchl der Umgebung wirklich zu erleben. Es ist nicht einfach nur ein Caf\u00e9, es ist eine kleine Oase voller Ruhe und W\u00e4rme, ein Ort, an dem Sie die Hektik des Alltags f\u00fcr eine Weile hinter sich lassen und die einfachen, sch\u00f6nen Dinge genie\u00dfen k\u00f6nnen. Treten Sie also ein in dieses kleine Paradies und lassen Sie Ihrer Fantasie freien Lauf, w\u00e4hrend Sie wie zu Hause die Atmosph\u00e4re einer erstklassigen Kaffeebar erleben. Wann werden Sie mit dem Bau dieses wundersch\u00f6nen <a href=\"https:\/\/www.speedcube.nl\/de\/modellbau\/baukasten-aus-holz\/\">Holzmodellbausatzes<\/a> beginnen?<\/p>\n<p data-start=\"790\" data-end=\"967\" data-is-last-node=\"\" data-is-only-node=\"\"><strong>Anmerkungen:<br \/>\n<\/strong><em data-start=\"790\" data-end=\"967\" data-is-last-node=\"\">Aufgrund von Zollbestimmungen k\u00f6nnen Kleber und Batterien (2 St\u00fcck AAA\/LR03\/AM4 1,5 V) in der Verpackung fehlen.<br \/>\nSie k\u00f6nnen Holzleim oder starken Kleber verwenden.<\/em><\/p>\n","protected":false},"excerpt":{"rendered":"<p>ROBOTIME<\/p>\n","protected":false},"featured_media":518456,"template":"","meta":{"_improvement_type_select":"improve_an_existing","_thumb_yes_seoaic":false,"_frame_yes_seoaic":false,"seoaic_generate_description":"","seoaic_improve_instructions_prompt":"","seoaic_rollback_content_improvement":"","seoaic_idea_thumbnail_generator":"","thumbnail_generated":false,"thumbnail_generate_prompt":"","seoaic_article_description":"","product-afmeting-lengte-mm":"195","product-afmeting-breedte-mm":"150","product-afmeting-hoogte-mm":"250"},"product_brand":[],"product_cat":[1499,1619,2558],"product_tag":[],"class_list":{"0":"post-518449","1":"product","2":"type-product","3":"status-publish","4":"has-post-thumbnail","6":"product_cat-modellbau","7":"product_cat-robotime-de","8":"product_cat-aanbieding-de","9":"pa_merken-robotime-de","11":"first","12":"instock","13":"sale","14":"taxable","15":"shipping-taxable","16":"purchasable","17":"product-type-simple"},"df_price":23.97,"df_sale_price":23.97,"df_regular_price":39.95,"df_image_link":"https:\/\/www.speedcube.nl\/wp-content\/uploads\/2025\/11\/Productvisuals_Modelbouw-Robotime-No.17-Slow-Life-Cafe-DG162--285x300.jpg","_links":{"self":[{"href":"https:\/\/www.speedcube.nl\/de\/wp-json\/wp\/v2\/product\/518449","targetHints":{"allow":["GET"]}}],"collection":[{"href":"https:\/\/www.speedcube.nl\/de\/wp-json\/wp\/v2\/product"}],"about":[{"href":"https:\/\/www.speedcube.nl\/de\/wp-json\/wp\/v2\/types\/product"}],"version-history":[{"count":3,"href":"https:\/\/www.speedcube.nl\/de\/wp-json\/wp\/v2\/product\/518449\/revisions"}],"predecessor-version":[{"id":518967,"href":"https:\/\/www.speedcube.nl\/de\/wp-json\/wp\/v2\/product\/518449\/revisions\/518967"}],"wp:featuredmedia":[{"embeddable":true,"href":"https:\/\/www.speedcube.nl\/de\/wp-json\/wp\/v2\/media\/518456"}],"wp:attachment":[{"href":"https:\/\/www.speedcube.nl\/de\/wp-json\/wp\/v2\/media?parent=518449"}],"wp:term":[{"taxonomy":"product_brand","embeddable":true,"href":"https:\/\/www.speedcube.nl\/de\/wp-json\/wp\/v2\/product_brand?post=518449"},{"taxonomy":"product_cat","embeddable":true,"href":"https:\/\/www.speedcube.nl\/de\/wp-json\/wp\/v2\/product_cat?post=518449"},{"taxonomy":"product_tag","embeddable":true,"href":"https:\/\/www.speedcube.nl\/de\/wp-json\/wp\/v2\/product_tag?post=518449"}],"curies":[{"name":"wp","href":"https:\/\/api.w.org\/{rel}","templated":true}]}}