{"id":518388,"date":"2025-11-24T20:53:04","date_gmt":"2025-11-24T19:53:04","guid":{"rendered":"https:\/\/www.speedcube.nl\/?post_type=product&#038;p=518388"},"modified":"2026-05-02T05:00:25","modified_gmt":"2026-05-02T03:00:25","slug":"robotime-miniatur-haus-garage-werkstatt-dg165","status":"publish","type":"product","link":"https:\/\/www.speedcube.nl\/de\/aanbieding-de\/robotime-miniatur-haus-garage-werkstatt-dg165\/","title":{"rendered":"Robotime Miniatur Haus Garage Werkstatt DG165"},"content":{"rendered":"<p data-start=\"32\" data-end=\"788\"><a href=\"https:\/\/www.speedcube.nl\/de\/modellbau\/robotime-de\/\">Robotime<\/a> Rolife bringt Ihnen etwas, das jeder in seinem Haus haben m\u00f6chte: die perfekte Werkstatt f\u00fcr die Garage! Dieses mit verbl\u00fcffender Genauigkeit gebaute Miniaturwunder f\u00e4ngt Ihre Liebe zum Heimwerken in wundersch\u00f6n gestalteten Regalen, Schubladen, Schr\u00e4nken, Kisten, R\u00e4dern, Schl\u00e4uchen, Werkzeugen, Handschuhen und Zubeh\u00f6r ein. Wir haben jedes Detail genauestens ausgearbeitet, von der klappbaren Nassbodenplatte bis zum Werkzeugbrett, dem Werkzeugkasten, der Gie\u00dfkanne, dem Kleber, der Zimmerpflanze, den Ziegelsteinen, dem klassischen Schachbrettboden und vielem mehr. Der Raum ist durch eine LED-Hauptlampe gut beleuchtet. Jeder Platz ist optimal genutzt, wie es f\u00fcr die ideale Heimwerkstatt typisch ist. Die Farben und Texturen schaffen eine fr\u00f6hliche und produktive Atmosph\u00e4re, in der gro\u00dfe Ideen Wirklichkeit werden.<\/p>\n<p data-start=\"790\" data-end=\"967\" data-is-last-node=\"\" data-is-only-node=\"\"><strong>Anmerkungen:<br \/>\n<\/strong><em data-start=\"790\" data-end=\"967\" data-is-last-node=\"\">Aufgrund von Zollbestimmungen k\u00f6nnen Kleber und Batterien (2 St\u00fcck AAA\/LR03\/AM4 1,5 V) in der Verpackung fehlen.<br \/>\nSie k\u00f6nnen Holzleim oder starken Kleber verwenden.<\/em><\/p>\n","protected":false},"excerpt":{"rendered":"<p>ROBOTIME<\/p>\n","protected":false},"featured_media":518398,"template":"","meta":{"_improvement_type_select":"improve_an_existing","_thumb_yes_seoaic":false,"_frame_yes_seoaic":false,"seoaic_generate_description":"","seoaic_improve_instructions_prompt":"","seoaic_rollback_content_improvement":"","seoaic_idea_thumbnail_generator":"","thumbnail_generated":false,"thumbnail_generate_prompt":"","seoaic_article_description":"","product-afmeting-lengte-mm":"240","product-afmeting-breedte-mm":"149","product-afmeting-hoogte-mm":"171"},"product_brand":[],"product_cat":[1499,1619,2558],"product_tag":[],"class_list":{"0":"post-518388","1":"product","2":"type-product","3":"status-publish","4":"has-post-thumbnail","6":"product_cat-modellbau","7":"product_cat-robotime-de","8":"product_cat-aanbieding-de","9":"pa_merken-robotime-de","11":"first","12":"outofstock","13":"sale","14":"taxable","15":"shipping-taxable","16":"purchasable","17":"product-type-simple"},"df_price":26.24,"df_sale_price":26.24,"df_regular_price":34.99,"df_image_link":"https:\/\/www.speedcube.nl\/wp-content\/uploads\/2025\/11\/Productvisuals_Modelbouw-Robotime-Garage-Workshop-DG165--285x300.jpg","_links":{"self":[{"href":"https:\/\/www.speedcube.nl\/de\/wp-json\/wp\/v2\/product\/518388","targetHints":{"allow":["GET"]}}],"collection":[{"href":"https:\/\/www.speedcube.nl\/de\/wp-json\/wp\/v2\/product"}],"about":[{"href":"https:\/\/www.speedcube.nl\/de\/wp-json\/wp\/v2\/types\/product"}],"version-history":[{"count":3,"href":"https:\/\/www.speedcube.nl\/de\/wp-json\/wp\/v2\/product\/518388\/revisions"}],"predecessor-version":[{"id":518976,"href":"https:\/\/www.speedcube.nl\/de\/wp-json\/wp\/v2\/product\/518388\/revisions\/518976"}],"wp:featuredmedia":[{"embeddable":true,"href":"https:\/\/www.speedcube.nl\/de\/wp-json\/wp\/v2\/media\/518398"}],"wp:attachment":[{"href":"https:\/\/www.speedcube.nl\/de\/wp-json\/wp\/v2\/media?parent=518388"}],"wp:term":[{"taxonomy":"product_brand","embeddable":true,"href":"https:\/\/www.speedcube.nl\/de\/wp-json\/wp\/v2\/product_brand?post=518388"},{"taxonomy":"product_cat","embeddable":true,"href":"https:\/\/www.speedcube.nl\/de\/wp-json\/wp\/v2\/product_cat?post=518388"},{"taxonomy":"product_tag","embeddable":true,"href":"https:\/\/www.speedcube.nl\/de\/wp-json\/wp\/v2\/product_tag?post=518388"}],"curies":[{"name":"wp","href":"https:\/\/api.w.org\/{rel}","templated":true}]}}