{"id":517407,"date":"2025-11-22T08:35:02","date_gmt":"2025-11-22T07:35:02","guid":{"rendered":"https:\/\/www.speedcube.nl\/unkategorisiert\/dayan-guhong-pro-3x3-54-und-55-mm\/"},"modified":"2026-05-16T05:13:52","modified_gmt":"2026-05-16T03:13:52","slug":"dayan-guhong-pro-3x3-54-und-55-mm","status":"publish","type":"product","link":"https:\/\/www.speedcube.nl\/de\/speedcube-de\/dayan-de\/dayan-guhong-pro-3x3-54-und-55-mm\/","title":{"rendered":"Dayan Guhong Pro+ 3&#215;3 54 und 55 mm"},"content":{"rendered":"<p>Der GuHong Pro+ ist ein High-End 3\u00d73 Speed Cube von DaYan, der mit fortschrittlicher Anpassungsf\u00e4higkeit und Leistung entwickelt wurde. Ganz gleich, ob Sie sich f\u00fcr die magnetische Standardversion oder die Maglev-Variante entscheiden, dieser W\u00fcrfel bietet Ihnen eine Auswahl an Gr\u00f6\u00dfe, Federung und Magnetsystem &#8211; ganz nach Ihren Vorlieben und Ihrem Spielstil. <\/p>\n<table>\n<thead>\n<tr>\n<th>Eigenschaft<\/th>\n<th>Wert \/ Erkl\u00e4rung<\/th>\n<\/tr>\n<\/thead>\n<tbody>\n<tr>\n<td>Formate<\/td>\n<td>54 mm \/ 55 mm<\/td>\n<\/tr>\n<tr>\n<td>Feder-System<\/td>\n<td>Standardfeder oder magnetische Maglev-Feder<\/td>\n<\/tr>\n<tr>\n<td>Magnetisch<\/td>\n<td>Ja &#8211; in allen Varianten, aber Maglev verwendet eine andere Federtechnologie<\/td>\n<\/tr>\n<tr>\n<td>Schwierigkeitsgrad<\/td>\n<td>Hoch &#8211; f\u00fcr fortgeschrittene Knabberer<\/td>\n<\/tr>\n<tr>\n<td>Einstellm\u00f6glichkeiten<\/td>\n<td>Spannung und Kompression einstellbar<\/td>\n<\/tr>\n<\/tbody>\n<\/table>\n","protected":false},"excerpt":{"rendered":"<p>DAYAN<\/p>\n","protected":false},"featured_media":517413,"template":"","meta":{"_improvement_type_select":"improve_an_existing","_thumb_yes_seoaic":false,"_frame_yes_seoaic":false,"seoaic_generate_description":"","seoaic_improve_instructions_prompt":"","seoaic_rollback_content_improvement":"","seoaic_idea_thumbnail_generator":"","thumbnail_generated":false,"thumbnail_generate_prompt":"","seoaic_article_description":"","product-afmeting-lengte-mm":"","product-afmeting-breedte-mm":"","product-afmeting-hoogte-mm":""},"product_brand":[],"product_cat":[1221,2392,1211],"product_tag":[],"class_list":{"0":"post-517407","1":"product","2":"type-product","3":"status-publish","4":"has-post-thumbnail","6":"product_cat-3x3-de","7":"product_cat-dayan-de","8":"product_cat-speedcube-de","9":"pa_merken-dayan-de","11":"first","12":"instock","13":"taxable","14":"shipping-taxable","15":"purchasable","16":"product-type-variable"},"df_price":17.99,"df_sale_price":"","df_regular_price":17.99,"df_image_link":"https:\/\/www.speedcube.nl\/wp-content\/uploads\/2025\/11\/Productvisuals_Speedcubes-DaYan-GuHong-Pro--285x300.jpg","_links":{"self":[{"href":"https:\/\/www.speedcube.nl\/de\/wp-json\/wp\/v2\/product\/517407","targetHints":{"allow":["GET"]}}],"collection":[{"href":"https:\/\/www.speedcube.nl\/de\/wp-json\/wp\/v2\/product"}],"about":[{"href":"https:\/\/www.speedcube.nl\/de\/wp-json\/wp\/v2\/types\/product"}],"version-history":[{"count":1,"href":"https:\/\/www.speedcube.nl\/de\/wp-json\/wp\/v2\/product\/517407\/revisions"}],"predecessor-version":[{"id":517419,"href":"https:\/\/www.speedcube.nl\/de\/wp-json\/wp\/v2\/product\/517407\/revisions\/517419"}],"wp:featuredmedia":[{"embeddable":true,"href":"https:\/\/www.speedcube.nl\/de\/wp-json\/wp\/v2\/media\/517413"}],"wp:attachment":[{"href":"https:\/\/www.speedcube.nl\/de\/wp-json\/wp\/v2\/media?parent=517407"}],"wp:term":[{"taxonomy":"product_brand","embeddable":true,"href":"https:\/\/www.speedcube.nl\/de\/wp-json\/wp\/v2\/product_brand?post=517407"},{"taxonomy":"product_cat","embeddable":true,"href":"https:\/\/www.speedcube.nl\/de\/wp-json\/wp\/v2\/product_cat?post=517407"},{"taxonomy":"product_tag","embeddable":true,"href":"https:\/\/www.speedcube.nl\/de\/wp-json\/wp\/v2\/product_tag?post=517407"}],"curies":[{"name":"wp","href":"https:\/\/api.w.org\/{rel}","templated":true}]}}