{"id":517392,"date":"2025-11-22T08:35:01","date_gmt":"2025-11-22T07:35:01","guid":{"rendered":"https:\/\/www.speedcube.nl\/?post_type=product&#038;p=517392"},"modified":"2026-04-08T05:04:36","modified_gmt":"2026-04-08T03:04:36","slug":"yj-mgc2-beta-2x2-m","status":"publish","type":"product","link":"https:\/\/www.speedcube.nl\/de\/speedcube-de\/yj-de\/yj-mgc2-beta-2x2-m\/","title":{"rendered":"YJ MGC2 Beta 2&#215;2 M"},"content":{"rendered":"<p>Der YJ MGC2 Beta 2\u00d72 M wurde f\u00fcr Speedcuber entwickelt, die \u00fcber sich hinauswachsen wollen. Mit einer kompakten Gr\u00f6\u00dfe von 51 mm, einem Gewicht von nur ~63-66 Gramm und einer werksseitigen Standardmagnetisierung bietet dieser W\u00fcrfel hohe Geschwindigkeit, pr\u00e4zise Ausrichtung und Kontrolle direkt nach dem Auspacken. Dar\u00fcber hinaus ist eine <strong data-start=\"565\" data-end=\"583\">Ball-Core + UV-Variante<\/strong> f\u00fcr noch bessere Stabilit\u00e4t und eine hochwertige Verarbeitung erh\u00e4ltlich.  <\/p>\n<table>\n<thead>\n<tr>\n<th>Eigenschaft<\/th>\n<th>Wert<\/th>\n<\/tr>\n<\/thead>\n<tbody>\n<tr>\n<td>L\u00e4nge der Kante<\/td>\n<td>51 mm<\/td>\n<\/tr>\n<tr>\n<td>Gewicht<\/td>\n<td>\u00b1 63 g (Standard) \/ \u00b1 66 g (Ball-Core + UV)<\/td>\n<\/tr>\n<tr>\n<td>Magnetisierung<\/td>\n<td>Ja &#8211; in allen Varianten<\/td>\n<\/tr>\n<tr>\n<td>Ball-Core Mechanismus<\/td>\n<td>Ja &#8211; in der Variante Ball-Core + UV<\/td>\n<\/tr>\n<tr>\n<td>UV-Beschichtung<\/td>\n<td>Ja &#8211; in der Variante Ball-Core + UV<\/td>\n<\/tr>\n<tr>\n<td>Schwierigkeitsgrad<\/td>\n<td>Fortgeschritten \/ geeignet f\u00fcr den Wettkampfeinsatz<\/td>\n<\/tr>\n<tr>\n<td>Einstellbarkeit<\/td>\n<td>Spannung &amp; Kompression einstellbar<\/td>\n<\/tr>\n<tr>\n<td>Level<\/td>\n<td>Fortgeschrittene Speedcuber, Wettbewerbseinsatz<\/td>\n<\/tr>\n<\/tbody>\n<\/table>\n","protected":false},"excerpt":{"rendered":"<p>YJ<\/p>\n","protected":false},"featured_media":517398,"template":"","meta":{"_improvement_type_select":"improve_an_existing","_thumb_yes_seoaic":false,"_frame_yes_seoaic":false,"seoaic_generate_description":"","seoaic_improve_instructions_prompt":"","seoaic_rollback_content_improvement":"","seoaic_idea_thumbnail_generator":"","thumbnail_generated":false,"thumbnail_generate_prompt":"","seoaic_article_description":"","product-afmeting-lengte-mm":"","product-afmeting-breedte-mm":"","product-afmeting-hoogte-mm":""},"product_brand":[],"product_cat":[1267,2174,1211],"product_tag":[],"class_list":{"0":"post-517392","1":"product","2":"type-product","3":"status-publish","4":"has-post-thumbnail","6":"product_cat-2x2-de","7":"product_cat-yj-de","8":"product_cat-speedcube-de","9":"pa_merken-yj-de","11":"first","12":"instock","13":"taxable","14":"shipping-taxable","15":"purchasable","16":"product-type-variable"},"df_price":17.99,"df_sale_price":"","df_regular_price":17.99,"df_image_link":"https:\/\/www.speedcube.nl\/wp-content\/uploads\/2025\/11\/Productvisuals_Speedcubes-YJ-MGC2-Beta-2x2-M--285x300.jpg","_links":{"self":[{"href":"https:\/\/www.speedcube.nl\/de\/wp-json\/wp\/v2\/product\/517392","targetHints":{"allow":["GET"]}}],"collection":[{"href":"https:\/\/www.speedcube.nl\/de\/wp-json\/wp\/v2\/product"}],"about":[{"href":"https:\/\/www.speedcube.nl\/de\/wp-json\/wp\/v2\/types\/product"}],"version-history":[{"count":1,"href":"https:\/\/www.speedcube.nl\/de\/wp-json\/wp\/v2\/product\/517392\/revisions"}],"predecessor-version":[{"id":518184,"href":"https:\/\/www.speedcube.nl\/de\/wp-json\/wp\/v2\/product\/517392\/revisions\/518184"}],"wp:featuredmedia":[{"embeddable":true,"href":"https:\/\/www.speedcube.nl\/de\/wp-json\/wp\/v2\/media\/517398"}],"wp:attachment":[{"href":"https:\/\/www.speedcube.nl\/de\/wp-json\/wp\/v2\/media?parent=517392"}],"wp:term":[{"taxonomy":"product_brand","embeddable":true,"href":"https:\/\/www.speedcube.nl\/de\/wp-json\/wp\/v2\/product_brand?post=517392"},{"taxonomy":"product_cat","embeddable":true,"href":"https:\/\/www.speedcube.nl\/de\/wp-json\/wp\/v2\/product_cat?post=517392"},{"taxonomy":"product_tag","embeddable":true,"href":"https:\/\/www.speedcube.nl\/de\/wp-json\/wp\/v2\/product_tag?post=517392"}],"curies":[{"name":"wp","href":"https:\/\/api.w.org\/{rel}","templated":true}]}}