{"id":517391,"date":"2025-11-22T08:34:20","date_gmt":"2025-11-22T07:34:20","guid":{"rendered":"https:\/\/www.speedcube.nl\/?post_type=product&#038;p=517391"},"modified":"2026-05-10T05:05:15","modified_gmt":"2026-05-10T03:05:15","slug":"yj-mgc-sq1-v2","status":"publish","type":"product","link":"https:\/\/www.speedcube.nl\/de\/speedcube-de\/yj-de\/yj-mgc-sq1-v2\/","title":{"rendered":"YJ MGC SQ1 V2"},"content":{"rendered":"<p>Die YJ MGC SQ1 V2 ist das neueste Upgrade der beliebten MGC-Serie von YJ, die speziell f\u00fcr Fans der Square-1-Puzzleform entwickelt wurde. Diese Version kombiniert starke Magnete, eine UV-beschichtete Au\u00dfenschicht und ein leichtes hohles Design f\u00fcr maximale Kontrolle, Spin-Geschwindigkeit und \u00c4sthetik. <\/p>\n<table>\n<thead>\n<tr>\n<th>Eigenschaft<\/th>\n<th>Wert<\/th>\n<\/tr>\n<\/thead>\n<tbody>\n<tr>\n<td>Format (Kantenl\u00e4nge)<\/td>\n<td>ca. 56 mm<\/td>\n<\/tr>\n<tr>\n<td>Gewicht<\/td>\n<td>ca. 98 Gramm<\/td>\n<\/tr>\n<tr>\n<td>Magnetisch<\/td>\n<td>Ja &#8211; starkes magnetisches System<\/td>\n<\/tr>\n<tr>\n<td>Veredelung<\/td>\n<td>UV-Lack (gl\u00e4nzend)<\/td>\n<\/tr>\n<tr>\n<td>Schwierigkeitsgrad<\/td>\n<td>Fortgeschritten &#8211; f\u00fcr erfahrene R\u00e4tselfreunde<\/td>\n<\/tr>\n<tr>\n<td>Verwendungsebene<\/td>\n<td>F\u00fcr Liebhaber von Square-1, Sammlern &amp; Speedcubern<\/td>\n<\/tr>\n<\/tbody>\n<\/table>\n","protected":false},"excerpt":{"rendered":"<p>YJ<\/p>\n","protected":false},"featured_media":517397,"template":"","meta":{"_improvement_type_select":"improve_an_existing","_thumb_yes_seoaic":false,"_frame_yes_seoaic":false,"seoaic_generate_description":"","seoaic_improve_instructions_prompt":"","seoaic_rollback_content_improvement":"","seoaic_idea_thumbnail_generator":"","thumbnail_generated":false,"thumbnail_generate_prompt":"","seoaic_article_description":"","product-afmeting-lengte-mm":"","product-afmeting-breedte-mm":"","product-afmeting-hoogte-mm":""},"product_brand":[],"product_cat":[1333,1279,2174,1211],"product_tag":[],"class_list":{"0":"post-517391","1":"product","2":"type-product","3":"status-publish","4":"has-post-thumbnail","6":"product_cat-besonderheiten","7":"product_cat-twist-wurfel","8":"product_cat-yj-de","9":"product_cat-speedcube-de","10":"pa_merken-yj-de","12":"first","13":"instock","14":"taxable","15":"shipping-taxable","16":"purchasable","17":"product-type-simple"},"df_price":29.99,"df_sale_price":"","df_regular_price":29.99,"df_image_link":"https:\/\/www.speedcube.nl\/wp-content\/uploads\/2025\/11\/Productvisuals_Speedcubes-YJ-MGC-SQ1-V2--285x300.jpg","_links":{"self":[{"href":"https:\/\/www.speedcube.nl\/de\/wp-json\/wp\/v2\/product\/517391","targetHints":{"allow":["GET"]}}],"collection":[{"href":"https:\/\/www.speedcube.nl\/de\/wp-json\/wp\/v2\/product"}],"about":[{"href":"https:\/\/www.speedcube.nl\/de\/wp-json\/wp\/v2\/types\/product"}],"version-history":[{"count":1,"href":"https:\/\/www.speedcube.nl\/de\/wp-json\/wp\/v2\/product\/517391\/revisions"}],"predecessor-version":[{"id":518183,"href":"https:\/\/www.speedcube.nl\/de\/wp-json\/wp\/v2\/product\/517391\/revisions\/518183"}],"wp:featuredmedia":[{"embeddable":true,"href":"https:\/\/www.speedcube.nl\/de\/wp-json\/wp\/v2\/media\/517397"}],"wp:attachment":[{"href":"https:\/\/www.speedcube.nl\/de\/wp-json\/wp\/v2\/media?parent=517391"}],"wp:term":[{"taxonomy":"product_brand","embeddable":true,"href":"https:\/\/www.speedcube.nl\/de\/wp-json\/wp\/v2\/product_brand?post=517391"},{"taxonomy":"product_cat","embeddable":true,"href":"https:\/\/www.speedcube.nl\/de\/wp-json\/wp\/v2\/product_cat?post=517391"},{"taxonomy":"product_tag","embeddable":true,"href":"https:\/\/www.speedcube.nl\/de\/wp-json\/wp\/v2\/product_tag?post=517391"}],"curies":[{"name":"wp","href":"https:\/\/api.w.org\/{rel}","templated":true}]}}