{"id":515732,"date":"2025-10-22T11:38:53","date_gmt":"2025-10-22T09:38:53","guid":{"rendered":"https:\/\/www.speedcube.nl\/unkategorisiert\/recen-spielzeug-der-alchemist-nickel\/"},"modified":"2026-04-29T05:03:55","modified_gmt":"2026-04-29T03:03:55","slug":"recen-spielzeug-der-alchemist-nickel","status":"publish","type":"product","link":"https:\/\/www.speedcube.nl\/de\/aanbieding-de\/recen-spielzeug-der-alchemist-nickel\/","title":{"rendered":"Recen Spielzeug Der Alchemist Nickel"},"content":{"rendered":"<p class=\"mx-text mx-name-text1 nomargin text-detail\">Treten Sie ein in die Welt der Verwandlung mit dem <strong data-start=\"224\" data-end=\"248\">Nickelpuzzle The Alchemist<\/strong> von Recent Toys. Dieses Metallr\u00e4tsel fordert Sie heraus, alle Nickelkugeln so zu stapeln, dass sie eine perfekte Pyramide auf dem vorgegebenen Gitter bilden &#8211; leichter gesagt als getan! <\/p>\n<table>\n<thead>\n<tr>\n<th>Eigenschaft<\/th>\n<th>Wert<\/th>\n<\/tr>\n<\/thead>\n<tbody>\n<tr>\n<td>Altersempfehlung<\/td>\n<td>Ab einem Alter <strong>von 14 Jahren<\/strong><\/td>\n<\/tr>\n<tr>\n<td>Anzahl der Spieler<\/td>\n<td>1<\/td>\n<\/tr>\n<tr>\n<td>Schwierigkeitsgrad<\/td>\n<td>Ungef\u00e4hr 5\/6<\/td>\n<\/tr>\n<tr>\n<td>Material<\/td>\n<td>Metall (Version Nickel)<\/td>\n<\/tr>\n<tr>\n<td>Zweck des Puzzles<\/td>\n<td>Stapeln Sie alle Nickelkugeln, um eine Pyramide zu bilden.<\/td>\n<\/tr>\n<tr>\n<td>Abmessungen der Verpackung<\/td>\n<td>Ungef\u00e4hr <strong>9 \u00d7 9 \u00d7 5 cm<\/strong><\/td>\n<\/tr>\n<\/tbody>\n<\/table>\n","protected":false},"excerpt":{"rendered":"<p>NEUES SPIELZEUG<\/p>\n","protected":false},"featured_media":515713,"template":"","meta":{"_improvement_type_select":"improve_an_existing","_thumb_yes_seoaic":false,"_frame_yes_seoaic":false,"seoaic_generate_description":"","seoaic_improve_instructions_prompt":"","seoaic_rollback_content_improvement":"","seoaic_idea_thumbnail_generator":"","thumbnail_generated":false,"thumbnail_generate_prompt":"","seoaic_article_description":"","product-afmeting-lengte-mm":"","product-afmeting-breedte-mm":"","product-afmeting-hoogte-mm":""},"product_brand":[],"product_cat":[1227,2053,2558],"product_tag":[],"class_list":{"0":"post-515732","1":"product","2":"type-product","3":"status-publish","4":"has-post-thumbnail","6":"product_cat-knobelaufgaben","7":"product_cat-neueste-spielzeuge","8":"product_cat-aanbieding-de","9":"pa_merken-neues-spielzeug","11":"first","12":"instock","13":"sale","14":"taxable","15":"shipping-taxable","16":"purchasable","17":"product-type-simple"},"df_price":9.74,"df_sale_price":9.74,"df_regular_price":12.99,"df_image_link":"https:\/\/www.speedcube.nl\/wp-content\/uploads\/2025\/10\/Productvisuals_Breinbrekers-Recent-Toys-The-Alchemist--285x300.jpg","_links":{"self":[{"href":"https:\/\/www.speedcube.nl\/de\/wp-json\/wp\/v2\/product\/515732","targetHints":{"allow":["GET"]}}],"collection":[{"href":"https:\/\/www.speedcube.nl\/de\/wp-json\/wp\/v2\/product"}],"about":[{"href":"https:\/\/www.speedcube.nl\/de\/wp-json\/wp\/v2\/types\/product"}],"version-history":[{"count":0,"href":"https:\/\/www.speedcube.nl\/de\/wp-json\/wp\/v2\/product\/515732\/revisions"}],"wp:featuredmedia":[{"embeddable":true,"href":"https:\/\/www.speedcube.nl\/de\/wp-json\/wp\/v2\/media\/515713"}],"wp:attachment":[{"href":"https:\/\/www.speedcube.nl\/de\/wp-json\/wp\/v2\/media?parent=515732"}],"wp:term":[{"taxonomy":"product_brand","embeddable":true,"href":"https:\/\/www.speedcube.nl\/de\/wp-json\/wp\/v2\/product_brand?post=515732"},{"taxonomy":"product_cat","embeddable":true,"href":"https:\/\/www.speedcube.nl\/de\/wp-json\/wp\/v2\/product_cat?post=515732"},{"taxonomy":"product_tag","embeddable":true,"href":"https:\/\/www.speedcube.nl\/de\/wp-json\/wp\/v2\/product_tag?post=515732"}],"curies":[{"name":"wp","href":"https:\/\/api.w.org\/{rel}","templated":true}]}}