{"id":514637,"date":"2025-10-04T16:22:07","date_gmt":"2025-10-04T14:22:07","guid":{"rendered":"https:\/\/www.speedcube.nl\/unkategorisiert\/sengso-uhr-v2\/"},"modified":"2026-04-19T05:01:12","modified_gmt":"2026-04-19T03:01:12","slug":"sengso-uhr-v2","status":"publish","type":"product","link":"https:\/\/www.speedcube.nl\/de\/speedcube-de\/sengso-de\/sengso-uhr-v2\/","title":{"rendered":"SengSo Uhr V2"},"content":{"rendered":"<p data-start=\"1149\" data-end=\"1517\">Das <strong data-start=\"1152\" data-end=\"1171\">SengSo Clock V2<\/strong> ist ein modernes, magnetisch optimiertes Uhrenpuzzle (Clock Puzzle), dessen Mechanik f\u00fcr pr\u00e4zisere Bewegungen und ein angenehmeres Gef\u00fchl beim L\u00f6sen verfeinert wurde. Dank des Magnetsystems rasten die Stifte (Pins), Zahnr\u00e4der (Gears) und Zeiger (Dials) sanfter ein, was zu einem stabilen, wiederholbaren Erlebnis f\u00fchrt. <\/p>\n<p data-start=\"1519\" data-end=\"1647\">Ganz gleich, ob Sie ein erfahrener &#8222;Clocker&#8220; sind oder diese R\u00e4tselform gerade erst entdecken, das V2 bietet eine ausgewogene Mischung aus Herausforderung und Benutzerfreundlichkeit.<\/p>\n<table>\n<thead>\n<tr>\n<th>Eigenschaft<\/th>\n<th>Wert \/ Beschreibung<\/th>\n<\/tr>\n<\/thead>\n<tbody>\n<tr>\n<td>Puzzle Typ<\/td>\n<td>Uhr-Puzzle<\/td>\n<\/tr>\n<tr>\n<td>Magnetisches System<\/td>\n<td>Ja, vollst\u00e4ndige Magnetisierung f\u00fcr Stifte\/Zahnr\u00e4der\/Zifferbl\u00e4tter<\/td>\n<\/tr>\n<tr>\n<td>Gewicht<\/td>\n<td>Ungef\u00e4hr <strong>151 g<\/strong> (ohne Verpackung)<\/td>\n<\/tr>\n<tr>\n<td>Abmessungen<\/td>\n<td>116 \u00d7 116 \u00d7 33 mm (Au\u00dfengeh\u00e4use)<\/td>\n<\/tr>\n<tr>\n<td>Schwierigkeitsgrad<\/td>\n<td>M\u00e4\u00dfig bis technisch (Uhrenr\u00e4tsel erfordern Pr\u00e4zision)<\/td>\n<\/tr>\n<tr>\n<td>Weitere Merkmale<\/td>\n<td>Optimierter Magnetmechanismus f\u00fcr reibungslose Rotation und bessere Stabilit\u00e4t<\/td>\n<\/tr>\n<\/tbody>\n<\/table>\n","protected":false},"excerpt":{"rendered":"<p>SENGSO<\/p>\n","protected":false},"featured_media":514443,"template":"","meta":{"_improvement_type_select":"improve_an_existing","_thumb_yes_seoaic":false,"_frame_yes_seoaic":false,"seoaic_generate_description":"","seoaic_improve_instructions_prompt":"","seoaic_rollback_content_improvement":"","seoaic_idea_thumbnail_generator":"","thumbnail_generated":false,"thumbnail_generate_prompt":"","seoaic_article_description":"","product-afmeting-lengte-mm":"","product-afmeting-breedte-mm":"","product-afmeting-hoogte-mm":""},"product_brand":[],"product_cat":[1221,1333,1778,1279,1211],"product_tag":[],"class_list":{"0":"post-514637","1":"product","2":"type-product","3":"status-publish","4":"has-post-thumbnail","6":"product_cat-3x3-de","7":"product_cat-besonderheiten","8":"product_cat-sengso-de","9":"product_cat-twist-wurfel","10":"product_cat-speedcube-de","11":"pa_merken-sengso-de","13":"first","14":"instock","15":"taxable","16":"shipping-taxable","17":"purchasable","18":"product-type-simple"},"df_price":19.99,"df_sale_price":"","df_regular_price":19.99,"df_image_link":"https:\/\/www.speedcube.nl\/wp-content\/uploads\/2025\/10\/Productvisuals_Speedcubes-ShengShou-Clock-V2-2-285x300.jpg","_links":{"self":[{"href":"https:\/\/www.speedcube.nl\/de\/wp-json\/wp\/v2\/product\/514637","targetHints":{"allow":["GET"]}}],"collection":[{"href":"https:\/\/www.speedcube.nl\/de\/wp-json\/wp\/v2\/product"}],"about":[{"href":"https:\/\/www.speedcube.nl\/de\/wp-json\/wp\/v2\/types\/product"}],"version-history":[{"count":1,"href":"https:\/\/www.speedcube.nl\/de\/wp-json\/wp\/v2\/product\/514637\/revisions"}],"predecessor-version":[{"id":514640,"href":"https:\/\/www.speedcube.nl\/de\/wp-json\/wp\/v2\/product\/514637\/revisions\/514640"}],"wp:featuredmedia":[{"embeddable":true,"href":"https:\/\/www.speedcube.nl\/de\/wp-json\/wp\/v2\/media\/514443"}],"wp:attachment":[{"href":"https:\/\/www.speedcube.nl\/de\/wp-json\/wp\/v2\/media?parent=514637"}],"wp:term":[{"taxonomy":"product_brand","embeddable":true,"href":"https:\/\/www.speedcube.nl\/de\/wp-json\/wp\/v2\/product_brand?post=514637"},{"taxonomy":"product_cat","embeddable":true,"href":"https:\/\/www.speedcube.nl\/de\/wp-json\/wp\/v2\/product_cat?post=514637"},{"taxonomy":"product_tag","embeddable":true,"href":"https:\/\/www.speedcube.nl\/de\/wp-json\/wp\/v2\/product_tag?post=514637"}],"curies":[{"name":"wp","href":"https:\/\/api.w.org\/{rel}","templated":true}]}}