{"id":514634,"date":"2025-10-04T16:04:37","date_gmt":"2025-10-04T14:04:37","guid":{"rendered":"https:\/\/www.speedcube.nl\/unkategorisiert\/yj-mgc-4-elite-4x4\/"},"modified":"2026-04-08T05:00:49","modified_gmt":"2026-04-08T03:00:49","slug":"yj-mgc-4-elite-4x4","status":"publish","type":"product","link":"https:\/\/www.speedcube.nl\/de\/speedcube-de\/yj-de\/yj-mgc-4-elite-4x4\/","title":{"rendered":"YJ MGC 4 Elite 4&#215;4"},"content":{"rendered":"<p>Der <strong data-start=\"887\" data-end=\"907\">YJ MGC Elite 4\u00d74<\/strong> ist die aktualisierte Version der erfolgreichen MGC-Serie. Mit Standardmagnetisierung, kompakter Gr\u00f6\u00dfe und geringem Gewicht ist dieser W\u00fcrfel hervorragend f\u00fcr Speedcubing auf h\u00f6chstem Niveau geeignet. Dank einer internen Anti-Stick-Struktur und einer verbesserten Magnetpositionierung kombiniert er Stabilit\u00e4t mit schneller Rotation. Hinweis: Nach dem Auspacken kann er sich etwas eng anf\u00fchlen, aber mit der richtigen Einstellung wird er seine St\u00e4rken voll ausspielen.   <\/p>\n<table>\n<thead>\n<tr>\n<th>Eigenschaft<\/th>\n<th>Wert<\/th>\n<\/tr>\n<\/thead>\n<tbody>\n<tr>\n<td>Format<\/td>\n<td>60 \u00d7 60 \u00d7 60 mm<\/td>\n<\/tr>\n<tr>\n<td>Gewicht<\/td>\n<td>Etwas \u00fcber 100 g<\/td>\n<\/tr>\n<tr>\n<td>Magnetisch<\/td>\n<td>Ja, standardm\u00e4\u00dfig magnetisch<\/td>\n<\/tr>\n<tr>\n<td>Design<\/td>\n<td>Kompakt und leicht f\u00fcr hohe Geschwindigkeit<\/td>\n<\/tr>\n<tr>\n<td>Leistung<\/td>\n<td>Anti-Haft-Innenkonstruktion, stabile Magnetplatzierung, einstellbare Spannung<\/td>\n<\/tr>\n<tr>\n<td>Herausforderung\/Nutzung<\/td>\n<td>Kann sich nach dem Auspacken &#8222;steif&#8220; anf\u00fchlen, Anpassung erforderlich<\/td>\n<\/tr>\n<\/tbody>\n<\/table>\n","protected":false},"excerpt":{"rendered":"<p>YJ<\/p>\n","protected":false},"featured_media":514409,"template":"","meta":{"_improvement_type_select":"improve_an_existing","_thumb_yes_seoaic":false,"_frame_yes_seoaic":false,"seoaic_generate_description":"","seoaic_improve_instructions_prompt":"","seoaic_rollback_content_improvement":"","seoaic_idea_thumbnail_generator":"","thumbnail_generated":false,"thumbnail_generate_prompt":"","seoaic_article_description":"","product-afmeting-lengte-mm":"","product-afmeting-breedte-mm":"","product-afmeting-hoogte-mm":""},"product_brand":[],"product_cat":[1229,2174,1211],"product_tag":[],"class_list":{"0":"post-514634","1":"product","2":"type-product","3":"status-publish","4":"has-post-thumbnail","6":"product_cat-4x4-de","7":"product_cat-yj-de","8":"product_cat-speedcube-de","9":"pa_merken-yj-de","11":"first","12":"instock","13":"taxable","14":"shipping-taxable","15":"purchasable","16":"product-type-simple"},"df_price":17.99,"df_sale_price":"","df_regular_price":17.99,"df_image_link":"https:\/\/www.speedcube.nl\/wp-content\/uploads\/2025\/10\/Productvisuals_Speedcubes-YJ-MGC-4-Elite--285x300.jpg","_links":{"self":[{"href":"https:\/\/www.speedcube.nl\/de\/wp-json\/wp\/v2\/product\/514634","targetHints":{"allow":["GET"]}}],"collection":[{"href":"https:\/\/www.speedcube.nl\/de\/wp-json\/wp\/v2\/product"}],"about":[{"href":"https:\/\/www.speedcube.nl\/de\/wp-json\/wp\/v2\/types\/product"}],"version-history":[{"count":1,"href":"https:\/\/www.speedcube.nl\/de\/wp-json\/wp\/v2\/product\/514634\/revisions"}],"predecessor-version":[{"id":514635,"href":"https:\/\/www.speedcube.nl\/de\/wp-json\/wp\/v2\/product\/514634\/revisions\/514635"}],"wp:featuredmedia":[{"embeddable":true,"href":"https:\/\/www.speedcube.nl\/de\/wp-json\/wp\/v2\/media\/514409"}],"wp:attachment":[{"href":"https:\/\/www.speedcube.nl\/de\/wp-json\/wp\/v2\/media?parent=514634"}],"wp:term":[{"taxonomy":"product_brand","embeddable":true,"href":"https:\/\/www.speedcube.nl\/de\/wp-json\/wp\/v2\/product_brand?post=514634"},{"taxonomy":"product_cat","embeddable":true,"href":"https:\/\/www.speedcube.nl\/de\/wp-json\/wp\/v2\/product_cat?post=514634"},{"taxonomy":"product_tag","embeddable":true,"href":"https:\/\/www.speedcube.nl\/de\/wp-json\/wp\/v2\/product_tag?post=514634"}],"curies":[{"name":"wp","href":"https:\/\/api.w.org\/{rel}","templated":true}]}}