{"id":514617,"date":"2025-10-04T17:26:08","date_gmt":"2025-10-04T15:26:08","guid":{"rendered":"https:\/\/www.speedcube.nl\/unkategorisiert\/qiyi-10x10-m-ball-kern\/"},"modified":"2026-04-08T05:00:49","modified_gmt":"2026-04-08T03:00:49","slug":"qiyi-10x10-m-ball-kern","status":"publish","type":"product","link":"https:\/\/www.speedcube.nl\/de\/speedcube-de\/10x10-de\/qiyi-10x10-m-ball-kern\/","title":{"rendered":"QiYi 10&#215;10 M Ball Kern"},"content":{"rendered":"<p data-start=\"287\" data-end=\"595\">Der <strong data-start=\"290\" data-end=\"316\">QiYi 10\u00d710 M Ball Core<\/strong> ist das neueste Flaggschiff unter den gro\u00dfen W\u00fcrfeln. Hier kombiniert QiYi die Leichtigkeit und Stabilit\u00e4t eines Kugelkernsystems mit der Herausforderung von zehn Schichten. Das Ergebnis ist ein 10\u00d710-W\u00fcrfel, der sich <strong data-start=\"518\" data-end=\"541\">reibungslos und stabil<\/strong> dreht, als ob Sie mit einem viel kleineren W\u00fcrfel arbeiten w\u00fcrden.  <\/p>\n<p data-start=\"597\" data-end=\"893\">W\u00e4hrend traditionelle gro\u00dfe W\u00fcrfel oft instabil oder schwer werden, sorgt die <strong data-start=\"672\" data-end=\"695\">Kugelkernstruktur<\/strong> von QiYi f\u00fcr eine solide Ausrichtung der Teile und ein kontrolliertes Spielgef\u00fchl. Das macht das Puzzle sowohl f\u00fcr erfahrene Speedcuber als auch f\u00fcr Sammler geeignet, die ein technisches Meisterwerk suchen. <\/p>\n<table>\n<thead>\n<tr>\n<th>Eigenschaft<\/th>\n<th>Wert<\/th>\n<\/tr>\n<\/thead>\n<tbody>\n<tr>\n<td>Abmessungen<\/td>\n<td>72,5 \u00d7 72,5 \u00d7 72,5 mm<\/td>\n<\/tr>\n<tr>\n<td>Gewicht (ohne Verpackung)<\/td>\n<td>ca. 260 g<\/td>\n<\/tr>\n<tr>\n<td>Magnetisch<\/td>\n<td>Ja, einschlie\u00dflich Kugelkern<\/td>\n<\/tr>\n<tr>\n<td>Schwierigkeitsgrad<\/td>\n<td>ca. 4\/5<\/td>\n<\/tr>\n<tr>\n<td>Materialien<\/td>\n<td>Hochwertiges ABS + Metallkernkomponenten<\/td>\n<\/tr>\n<tr>\n<td>Typ Herausforderung<\/td>\n<td>Hochschichtiger Geschwindigkeitsw\u00fcrfel<\/td>\n<\/tr>\n<\/tbody>\n<\/table>\n","protected":false},"excerpt":{"rendered":"<p>QIYI<\/p>\n","protected":false},"featured_media":514551,"template":"","meta":{"_improvement_type_select":"improve_an_existing","_thumb_yes_seoaic":false,"_frame_yes_seoaic":false,"seoaic_generate_description":"","seoaic_improve_instructions_prompt":"","seoaic_rollback_content_improvement":"","seoaic_idea_thumbnail_generator":"","thumbnail_generated":false,"thumbnail_generate_prompt":"","seoaic_article_description":"","product-afmeting-lengte-mm":"","product-afmeting-breedte-mm":"","product-afmeting-hoogte-mm":""},"product_brand":[],"product_cat":[2451,1235,1211],"product_tag":[],"class_list":{"0":"post-514617","1":"product","2":"type-product","3":"status-publish","4":"has-post-thumbnail","6":"product_cat-10x10-de","7":"product_cat-qiyi-de","8":"product_cat-speedcube-de","9":"pa_merken-qiyi-de","11":"first","12":"instock","13":"taxable","14":"shipping-taxable","15":"purchasable","16":"product-type-simple"},"df_price":79.99,"df_sale_price":"","df_regular_price":79.99,"df_image_link":"https:\/\/www.speedcube.nl\/wp-content\/uploads\/2025\/10\/Productvisuals_Speedcubes-QiYi-10x10-M-Ball-Core--285x300.jpg","_links":{"self":[{"href":"https:\/\/www.speedcube.nl\/de\/wp-json\/wp\/v2\/product\/514617","targetHints":{"allow":["GET"]}}],"collection":[{"href":"https:\/\/www.speedcube.nl\/de\/wp-json\/wp\/v2\/product"}],"about":[{"href":"https:\/\/www.speedcube.nl\/de\/wp-json\/wp\/v2\/types\/product"}],"version-history":[{"count":0,"href":"https:\/\/www.speedcube.nl\/de\/wp-json\/wp\/v2\/product\/514617\/revisions"}],"wp:featuredmedia":[{"embeddable":true,"href":"https:\/\/www.speedcube.nl\/de\/wp-json\/wp\/v2\/media\/514551"}],"wp:attachment":[{"href":"https:\/\/www.speedcube.nl\/de\/wp-json\/wp\/v2\/media?parent=514617"}],"wp:term":[{"taxonomy":"product_brand","embeddable":true,"href":"https:\/\/www.speedcube.nl\/de\/wp-json\/wp\/v2\/product_brand?post=514617"},{"taxonomy":"product_cat","embeddable":true,"href":"https:\/\/www.speedcube.nl\/de\/wp-json\/wp\/v2\/product_cat?post=514617"},{"taxonomy":"product_tag","embeddable":true,"href":"https:\/\/www.speedcube.nl\/de\/wp-json\/wp\/v2\/product_tag?post=514617"}],"curies":[{"name":"wp","href":"https:\/\/api.w.org\/{rel}","templated":true}]}}