{"id":513673,"date":"2025-09-14T18:22:42","date_gmt":"2025-09-14T16:22:42","guid":{"rendered":"https:\/\/www.speedcube.nl\/unkategorisiert\/escape-welt-space-rover\/"},"modified":"2026-05-04T05:15:38","modified_gmt":"2026-05-04T03:15:38","slug":"escape-welt-space-rover","status":"publish","type":"product","link":"https:\/\/www.speedcube.nl\/de\/knobelaufgaben\/holzerne-knobelaufgaben\/escape-welt-space-rover\/","title":{"rendered":"Escape Welt Space Rover"},"content":{"rendered":"<p data-start=\"1459\" data-end=\"1933\">Entdecken Sie den <strong data-start=\"1489\" data-end=\"1504\">Space Rover<\/strong> von EscapeWelt: eine Holzpuzzlekiste, die Sie mit einer Reihe von cleveren R\u00e4tseln, versteckten Mechanismen und einem Geheimfach herausfordert, das Sie nur aufschlie\u00dfen k\u00f6nnen, wenn Sie alle Schritte freischalten. Hergestellt aus <strong data-start=\"1705\" data-end=\"1730\">121 Holzteilen<\/strong>, mit einem <strong data-start=\"1761\" data-end=\"1780\">16,5 \u00d7 9 \u00d7 8 cm gro\u00dfen<\/strong> Holzk\u00f6rper und einem <strong data-start=\"1807\" data-end=\"1827\">2,6 \u00d7 3,6 \u00d7 6 cm gro\u00dfen<\/strong> Geheimfach. Perfekt f\u00fcr den Einzelgebrauch oder mit anderen (1-4 Spieler), mit etwa <strong data-start=\"1904\" data-end=\"1932\">60 Minuten Puzzlespa\u00df<\/strong>.  <\/p>\n<hr data-start=\"1935\" data-end=\"1938\">\n<p data-start=\"1940\" data-end=\"1980\"><strong>Warum diese Puzzleschachtel besonders ist<\/strong><\/p>\n<ul data-start=\"1982\" data-end=\"2267\">\n<li data-start=\"1982\" data-end=\"2037\">\n<p data-start=\"1984\" data-end=\"2037\">Gefertigt aus hochwertigem Birkenholz<\/p>\n<\/li>\n<li data-start=\"2038\" data-end=\"2092\">\n<p data-start=\"2040\" data-end=\"2092\">Einzigartiges Design: Inspirationen aus dem Weltraum \/ Rover<\/p>\n<\/li>\n<li data-start=\"2093\" data-end=\"2151\">\n<p data-start=\"2095\" data-end=\"2151\">Vollgepackt mit R\u00e4tseln und \u00fcberraschenden Wendungen<\/p>\n<\/li>\n<li data-start=\"2152\" data-end=\"2224\">\n<p data-start=\"2154\" data-end=\"2224\">Kompakt und dekorativ, geeignet f\u00fcr den Schreibtisch oder in der Puzzlesammlung<\/p>\n<\/li>\n<li data-start=\"2225\" data-end=\"2267\">\n<p data-start=\"2227\" data-end=\"2267\">Ideal als Geschenk oder zum gemeinsamen L\u00f6sen<\/p>\n<\/li>\n<\/ul>\n<table>\n<thead>\n<tr>\n<th>Eigenschaft<\/th>\n<th>Wert<\/th>\n<\/tr>\n<\/thead>\n<tbody>\n<tr>\n<td>\u00c4u\u00dfere Abmessungen<\/td>\n<td>16,5 \u00d7 9 \u00d7 8 cm<\/td>\n<\/tr>\n<tr>\n<td>Geheimer Raum<\/td>\n<td>2,6 \u00d7 3,6 \u00d7 6 cm<\/td>\n<\/tr>\n<tr>\n<td>Gewicht<\/td>\n<td>ca. 340 Gramm<\/td>\n<\/tr>\n<tr>\n<td>Schwierigkeitsgrad<\/td>\n<td>Hoch &#8211; f\u00fcr fortgeschrittene R\u00e4tselfreunde<\/td>\n<\/tr>\n<tr>\n<td>Abspielzeit<\/td>\n<td>\u00b1 60 Minuten<\/td>\n<\/tr>\n<tr>\n<td>Altersempfehlung<\/td>\n<td>14 Jahre und \u00e4lter<\/td>\n<\/tr>\n<tr>\n<td>Anzahl der Spieler<\/td>\n<td>1 bis 4 Personen<\/td>\n<\/tr>\n<tr>\n<td>Zur\u00fccksetzbar<\/td>\n<td>Ja &#8211; kann mehrfach verwendet werden<\/td>\n<\/tr>\n<tr>\n<td>Sprachunabh\u00e4ngig<\/td>\n<td>Ja &#8211; kein Text oder Erkl\u00e4rung erforderlich<\/td>\n<\/tr>\n<\/tbody>\n<\/table>\n","protected":false},"excerpt":{"rendered":"<p>ESCAPE WELT<\/p>\n","protected":false},"featured_media":513539,"template":"","meta":{"_improvement_type_select":"improve_an_existing","_thumb_yes_seoaic":false,"_frame_yes_seoaic":false,"seoaic_generate_description":"","seoaic_improve_instructions_prompt":"","seoaic_rollback_content_improvement":"","seoaic_idea_thumbnail_generator":"","thumbnail_generated":false,"thumbnail_generate_prompt":"","seoaic_article_description":"","product-afmeting-lengte-mm":"","product-afmeting-breedte-mm":"","product-afmeting-hoogte-mm":""},"product_brand":[],"product_cat":[1240,1774,1795,1227,1233],"product_tag":[],"class_list":{"0":"post-513673","1":"product","2":"type-product","3":"status-publish","4":"has-post-thumbnail","6":"product_cat-4-sterne-schwierig","7":"product_cat-escapewelt-de","8":"product_cat-holzerne-knobelaufgaben","9":"product_cat-knobelaufgaben","10":"product_cat-knobelaufgaben-fur-erwachsene","11":"pa_merken-escapewelt-de","13":"first","14":"outofstock","15":"taxable","16":"shipping-taxable","17":"purchasable","18":"product-type-simple"},"df_price":49.95,"df_sale_price":"","df_regular_price":49.95,"df_image_link":"https:\/\/www.speedcube.nl\/wp-content\/uploads\/2025\/09\/Productvisuals_Breinbrekers-Escape-Welt-Space-Rover--285x300.jpg","_links":{"self":[{"href":"https:\/\/www.speedcube.nl\/de\/wp-json\/wp\/v2\/product\/513673","targetHints":{"allow":["GET"]}}],"collection":[{"href":"https:\/\/www.speedcube.nl\/de\/wp-json\/wp\/v2\/product"}],"about":[{"href":"https:\/\/www.speedcube.nl\/de\/wp-json\/wp\/v2\/types\/product"}],"version-history":[{"count":1,"href":"https:\/\/www.speedcube.nl\/de\/wp-json\/wp\/v2\/product\/513673\/revisions"}],"predecessor-version":[{"id":513676,"href":"https:\/\/www.speedcube.nl\/de\/wp-json\/wp\/v2\/product\/513673\/revisions\/513676"}],"wp:featuredmedia":[{"embeddable":true,"href":"https:\/\/www.speedcube.nl\/de\/wp-json\/wp\/v2\/media\/513539"}],"wp:attachment":[{"href":"https:\/\/www.speedcube.nl\/de\/wp-json\/wp\/v2\/media?parent=513673"}],"wp:term":[{"taxonomy":"product_brand","embeddable":true,"href":"https:\/\/www.speedcube.nl\/de\/wp-json\/wp\/v2\/product_brand?post=513673"},{"taxonomy":"product_cat","embeddable":true,"href":"https:\/\/www.speedcube.nl\/de\/wp-json\/wp\/v2\/product_cat?post=513673"},{"taxonomy":"product_tag","embeddable":true,"href":"https:\/\/www.speedcube.nl\/de\/wp-json\/wp\/v2\/product_tag?post=513673"}],"curies":[{"name":"wp","href":"https:\/\/api.w.org\/{rel}","templated":true}]}}