{"id":513672,"date":"2025-09-14T18:24:04","date_gmt":"2025-09-14T16:24:04","guid":{"rendered":"https:\/\/www.speedcube.nl\/unkategorisiert\/teching-narrow-bypass-turbofan-engine-dm135\/"},"modified":"2026-05-10T05:05:14","modified_gmt":"2026-05-10T03:05:14","slug":"teching-narrow-bypass-turbofan-engine-dm135","status":"publish","type":"product","link":"https:\/\/www.speedcube.nl\/de\/modellbau\/teching-de\/teching-narrow-bypass-turbofan-engine-dm135\/","title":{"rendered":"Teching Narrow Bypass Turbofan Engine DM135"},"content":{"rendered":"<p data-start=\"1560\" data-end=\"1815\">Bestaunen Sie die Mechanik eines milit\u00e4rischen Turbofans mit der <strong data-start=\"1636\" data-end=\"1653\">Teching DM135<\/strong>, einem Ganzmetall-Modellbausatz im Ma\u00dfstab 1:10 mit mehr als 600 Teilen. Gemacht f\u00fcr Liebhaber von Technik, MINT-Bildung und beeindruckenden Ausstellungsst\u00fccken. <\/p>\n<ul data-start=\"1817\" data-end=\"2144\">\n<li data-start=\"1817\" data-end=\"1865\">\n<p data-start=\"1819\" data-end=\"1865\">Gefertigt aus Aluminium und rostfreiem Stahl<\/p>\n<\/li>\n<li data-start=\"1866\" data-end=\"1954\">\n<p data-start=\"1868\" data-end=\"1954\">Enth\u00e4lt einen Motor, um rotierende Teile zu drehen und den Betrieb zu visualisieren<\/p>\n<\/li>\n<li data-start=\"1955\" data-end=\"1990\">\n<p data-start=\"1957\" data-end=\"1990\">Ma\u00dfe: ca. 45 \u00d7 13 \u00d7 19 cm<\/p>\n<\/li>\n<li data-start=\"1991\" data-end=\"2038\">\n<p data-start=\"1993\" data-end=\"2038\">Gewicht: ca. 7,5 kg (8,5 kg mit Verpackung)<\/p>\n<\/li>\n<li data-start=\"2039\" data-end=\"2104\">\n<p data-start=\"2041\" data-end=\"2104\">Schwierigkeitsgrad: Fortgeschrittenes Projekt, Geduld und Pr\u00e4zision erforderlich<\/p>\n<\/li>\n<li data-start=\"2105\" data-end=\"2144\">\n<p data-start=\"2107\" data-end=\"2144\">Altersempfehlung: \u00b1 16 Jahre und \u00e4lter<\/p>\n<\/li>\n<\/ul>\n<p data-start=\"2146\" data-end=\"2174\"><strong data-start=\"2146\" data-end=\"2172\">F\u00fcr wen ist dieses Modell geeignet:<\/strong><\/p>\n<ul data-start=\"2175\" data-end=\"2390\">\n<li data-start=\"2175\" data-end=\"2234\">\n<p data-start=\"2177\" data-end=\"2234\">Technik- und Flugzeugfans, die etwas Einzigartiges bauen wollen<\/p>\n<\/li>\n<li data-start=\"2235\" data-end=\"2314\">\n<p data-start=\"2237\" data-end=\"2314\">MINT-\/Bildungsprojekte mit Schwerpunkt auf Mechanik und Luftfahrtprinzipien<\/p>\n<\/li>\n<li data-start=\"2315\" data-end=\"2390\">\n<p data-start=\"2317\" data-end=\"2390\">Sammler, die Metallarbeiten und realistische Motorennachbildungen lieben<\/p>\n<\/li>\n<\/ul>\n<table>\n<thead>\n<tr>\n<th>Eigenschaft<\/th>\n<th>Wert<\/th>\n<\/tr>\n<\/thead>\n<tbody>\n<tr>\n<td>Anzahl der Teile<\/td>\n<td>Mehr als 600 Teile<\/td>\n<\/tr>\n<tr>\n<td>Material<\/td>\n<td>Aluminiumlegierung &amp; Edelstahl<\/td>\n<\/tr>\n<tr>\n<td>Abmessungen<\/td>\n<td>ca. 45 \u00d7 13 \u00d7 19 cm<\/td>\n<\/tr>\n<tr>\n<td>Gewicht (Modell)<\/td>\n<td>ca. 7,5 kg<\/td>\n<\/tr>\n<tr>\n<td>Gewicht (Verpackung)<\/td>\n<td>ca. 8,5 kg<\/td>\n<\/tr>\n<tr>\n<td>Ma\u00dfstab<\/td>\n<td>Ma\u00dfstab 1:10<\/td>\n<\/tr>\n<tr>\n<td>Schwierigkeitsgrad<\/td>\n<td>Fortgeschritten &#8211; technisch anspruchsvoll<\/td>\n<\/tr>\n<tr>\n<td>Altersempfehlung<\/td>\n<td>16 Jahre und \u00e4lter<\/td>\n<\/tr>\n<tr>\n<td>Funktion<\/td>\n<td>Rotierende Motorteile \u00fcber Antrieb<\/td>\n<\/tr>\n<tr>\n<td>Montage erforderlich<\/td>\n<td>Ja &#8211; Erfahrung mit detailliertem Zusammenbau<\/td>\n<\/tr>\n<tr>\n<td>Ausstellungs- w\u00fcrdig<\/td>\n<td>Ja &#8211; ideal als Ausstellungsst\u00fcck geeignet<\/td>\n<\/tr>\n<\/tbody>\n<\/table>\n","protected":false},"excerpt":{"rendered":"<p>TECHING<\/p>\n","protected":false},"featured_media":513562,"template":"","meta":{"_improvement_type_select":"improve_an_existing","_thumb_yes_seoaic":false,"_frame_yes_seoaic":false,"seoaic_generate_description":"","seoaic_improve_instructions_prompt":"","seoaic_rollback_content_improvement":"","seoaic_idea_thumbnail_generator":"","thumbnail_generated":false,"thumbnail_generate_prompt":"","seoaic_article_description":"","product-afmeting-lengte-mm":"","product-afmeting-breedte-mm":"","product-afmeting-hoogte-mm":""},"product_brand":[],"product_cat":[1500,1720,1499,1978,2324],"product_tag":[],"class_list":{"0":"post-513672","1":"product","2":"type-product","3":"status-publish","4":"has-post-thumbnail","6":"product_cat-baukasten-fur-erwachsene","7":"product_cat-metallbaukasten","8":"product_cat-modellbau","9":"product_cat-modellflugzeuge","10":"product_cat-teching-de","11":"pa_merken-teching-de","13":"first","14":"instock","15":"taxable","16":"shipping-taxable","17":"purchasable","18":"product-type-simple"},"df_price":599.99,"df_sale_price":"","df_regular_price":599.99,"df_image_link":"https:\/\/www.speedcube.nl\/wp-content\/uploads\/2025\/09\/Productvisuals_Modelbouw-Teching-Smal-Bypass-Turbofan-Engine-DM135-285x300.jpg","_links":{"self":[{"href":"https:\/\/www.speedcube.nl\/de\/wp-json\/wp\/v2\/product\/513672","targetHints":{"allow":["GET"]}}],"collection":[{"href":"https:\/\/www.speedcube.nl\/de\/wp-json\/wp\/v2\/product"}],"about":[{"href":"https:\/\/www.speedcube.nl\/de\/wp-json\/wp\/v2\/types\/product"}],"version-history":[{"count":0,"href":"https:\/\/www.speedcube.nl\/de\/wp-json\/wp\/v2\/product\/513672\/revisions"}],"wp:featuredmedia":[{"embeddable":true,"href":"https:\/\/www.speedcube.nl\/de\/wp-json\/wp\/v2\/media\/513562"}],"wp:attachment":[{"href":"https:\/\/www.speedcube.nl\/de\/wp-json\/wp\/v2\/media?parent=513672"}],"wp:term":[{"taxonomy":"product_brand","embeddable":true,"href":"https:\/\/www.speedcube.nl\/de\/wp-json\/wp\/v2\/product_brand?post=513672"},{"taxonomy":"product_cat","embeddable":true,"href":"https:\/\/www.speedcube.nl\/de\/wp-json\/wp\/v2\/product_cat?post=513672"},{"taxonomy":"product_tag","embeddable":true,"href":"https:\/\/www.speedcube.nl\/de\/wp-json\/wp\/v2\/product_tag?post=513672"}],"curies":[{"name":"wp","href":"https:\/\/api.w.org\/{rel}","templated":true}]}}