{"id":513667,"date":"2025-09-14T18:17:53","date_gmt":"2025-09-14T16:17:53","guid":{"rendered":"https:\/\/www.speedcube.nl\/unkategorisiert\/puzzle-kartoffel-stein-der-weisen\/"},"modified":"2026-05-07T05:14:33","modified_gmt":"2026-05-07T03:14:33","slug":"puzzle-kartoffel-stein-der-weisen","status":"publish","type":"product","link":"https:\/\/www.speedcube.nl\/de\/puzzle-kartoffel\/puzzle-kartoffel-stein-der-weisen\/","title":{"rendered":"Puzzle Kartoffel Stein der Weisen"},"content":{"rendered":"<p>Tauchen Sie ein in die geheimnisvolle Welt der Alchemie mit der <strong data-start=\"603\" data-end=\"630\">Philosopher&#8217;s Stone Box<\/strong> von Puzzle Potato. Diese raffinierte Escape Room Puzzle Box ist voll mechanisch, wiederholbar und in <strong data-start=\"743\" data-end=\"771\">zwei einzigartigen Versionen<\/strong> erh\u00e4ltlich &#8211; beide auf einem starken Holzsockel aufgebaut, aber jede mit ihrem eigenen Stil. <\/p>\n<p data-start=\"852\" data-end=\"901\"><strong>1. Holz &amp; Acryl &#8211; Klassisches Design<\/strong><\/p>\n<ul data-start=\"902\" data-end=\"1124\">\n<li data-start=\"902\" data-end=\"961\">\n<p data-start=\"904\" data-end=\"961\">Hergestellt aus <strong data-start=\"916\" data-end=\"930\">Birkenholz<\/strong> mit <strong data-start=\"935\" data-end=\"959\">klaren Acrylplatten<\/strong><\/p>\n<\/li>\n<li data-start=\"962\" data-end=\"996\">\n<p data-start=\"964\" data-end=\"996\">Leichtgewicht: <strong data-start=\"978\" data-end=\"994\">ca. 450 g<\/strong><\/p>\n<\/li>\n<li data-start=\"997\" data-end=\"1044\">\n<p data-start=\"999\" data-end=\"1044\">Elegantes Design mit Blick ins Innere<\/p>\n<\/li>\n<li data-start=\"1045\" data-end=\"1124\">\n<p data-start=\"1047\" data-end=\"1124\">Ideal f\u00fcr Puzzler, die einen transparenten und nat\u00fcrlichen Stil m\u00f6gen<\/p>\n<\/li>\n<\/ul>\n<hr data-start=\"1126\" data-end=\"1129\">\n<p data-start=\"1131\" data-end=\"1175\"><strong>2. Metall &amp; Holz &#8211; Luxusversion<\/strong><\/p>\n<ul data-start=\"1176\" data-end=\"1398\">\n<li data-start=\"1176\" data-end=\"1249\">\n<p data-start=\"1178\" data-end=\"1249\">Hergestellt aus <strong data-start=\"1194\" data-end=\"1208\">Birkenholz<\/strong> mit <strong data-start=\"1213\" data-end=\"1247\">eloxierten Aluminiumplatten<\/strong><\/p>\n<\/li>\n<li data-start=\"1250\" data-end=\"1280\">\n<p data-start=\"1252\" data-end=\"1280\">Schwerer: <strong data-start=\"1262\" data-end=\"1278\">ca. 500 Gramm<\/strong><\/p>\n<\/li>\n<li data-start=\"1281\" data-end=\"1329\">\n<p data-start=\"1283\" data-end=\"1329\">Hochwertiger Look mit industriellen Akzenten<\/p>\n<\/li>\n<li data-start=\"1330\" data-end=\"1398\">\n<p data-start=\"1332\" data-end=\"1398\">F\u00fcr alle, die nach einem raffinierten Geschenk oder Ausstellungsst\u00fcck mit K\u00f6rper suchen<\/p>\n<\/li>\n<\/ul>\n<table>\n<thead>\n<tr>\n<th>Eigenschaft<\/th>\n<th>Wert<\/th>\n<\/tr>\n<\/thead>\n<tbody>\n<tr>\n<td>Abmessungen<\/td>\n<td>12 \u00d7 12 \u00d7 11 cm<\/td>\n<\/tr>\n<tr>\n<td>Schwierigkeitsgrad<\/td>\n<td>3 von 5<\/td>\n<\/tr>\n<tr>\n<td>Altersempfehlung<\/td>\n<td>14 Jahre und \u00e4lter<\/td>\n<\/tr>\n<tr>\n<td>Abspielzeit<\/td>\n<td>\u00b1 60-90 Minuten<\/td>\n<\/tr>\n<tr>\n<td>Zur\u00fccksetzbar<\/td>\n<td>Ja &#8211; kann mehrfach verwendet werden<\/td>\n<\/tr>\n<tr>\n<td>Sprachunabh\u00e4ngig<\/td>\n<td>Ja &#8211; keine Texte oder Apps erforderlich<\/td>\n<\/tr>\n<tr>\n<td>Anzahl der Teile<\/td>\n<td>93 St\u00fcck<\/td>\n<\/tr>\n<\/tbody>\n<\/table>\n","protected":false},"excerpt":{"rendered":"<p>PUZZLE KARTOFFEL<\/p>\n","protected":false},"featured_media":513465,"template":"","meta":{"_improvement_type_select":"improve_an_existing","_thumb_yes_seoaic":false,"_frame_yes_seoaic":false,"seoaic_generate_description":"","seoaic_improve_instructions_prompt":"","seoaic_rollback_content_improvement":"","seoaic_idea_thumbnail_generator":"","thumbnail_generated":false,"thumbnail_generate_prompt":"","seoaic_article_description":"","product-afmeting-lengte-mm":"","product-afmeting-breedte-mm":"","product-afmeting-hoogte-mm":""},"product_brand":[],"product_cat":[1511,1795,1227,1233,5302],"product_tag":[],"class_list":{"0":"post-513667","1":"product","2":"type-product","3":"status-publish","4":"has-post-thumbnail","6":"product_cat-3-sterne-normal","7":"product_cat-holzerne-knobelaufgaben","8":"product_cat-knobelaufgaben","9":"product_cat-knobelaufgaben-fur-erwachsene","10":"product_cat-puzzle-kartoffel","11":"pa_merken-puzzle-kartoffel","13":"first","14":"outofstock","15":"sale","16":"taxable","17":"shipping-taxable","18":"purchasable","19":"product-type-variable"},"df_price":24.98,"df_sale_price":"","df_regular_price":24.98,"df_image_link":"https:\/\/www.speedcube.nl\/wp-content\/uploads\/2025\/09\/Productvisuals_Breinbrekers-Puzzle-Potato-Philosophers-Stone-3-285x300.jpg","_links":{"self":[{"href":"https:\/\/www.speedcube.nl\/de\/wp-json\/wp\/v2\/product\/513667","targetHints":{"allow":["GET"]}}],"collection":[{"href":"https:\/\/www.speedcube.nl\/de\/wp-json\/wp\/v2\/product"}],"about":[{"href":"https:\/\/www.speedcube.nl\/de\/wp-json\/wp\/v2\/types\/product"}],"version-history":[{"count":0,"href":"https:\/\/www.speedcube.nl\/de\/wp-json\/wp\/v2\/product\/513667\/revisions"}],"wp:featuredmedia":[{"embeddable":true,"href":"https:\/\/www.speedcube.nl\/de\/wp-json\/wp\/v2\/media\/513465"}],"wp:attachment":[{"href":"https:\/\/www.speedcube.nl\/de\/wp-json\/wp\/v2\/media?parent=513667"}],"wp:term":[{"taxonomy":"product_brand","embeddable":true,"href":"https:\/\/www.speedcube.nl\/de\/wp-json\/wp\/v2\/product_brand?post=513667"},{"taxonomy":"product_cat","embeddable":true,"href":"https:\/\/www.speedcube.nl\/de\/wp-json\/wp\/v2\/product_cat?post=513667"},{"taxonomy":"product_tag","embeddable":true,"href":"https:\/\/www.speedcube.nl\/de\/wp-json\/wp\/v2\/product_tag?post=513667"}],"curies":[{"name":"wp","href":"https:\/\/api.w.org\/{rel}","templated":true}]}}