{"id":513663,"date":"2025-09-14T18:11:04","date_gmt":"2025-09-14T16:11:04","guid":{"rendered":"https:\/\/www.speedcube.nl\/unkategorisiert\/puzzle-kartoffel-antigravitation\/"},"modified":"2026-05-07T05:14:33","modified_gmt":"2026-05-07T03:14:33","slug":"puzzle-kartoffel-antigravitation","status":"publish","type":"product","link":"https:\/\/www.speedcube.nl\/de\/puzzle-kartoffel\/puzzle-kartoffel-antigravitation\/","title":{"rendered":"Puzzle Kartoffel AntiGravitation"},"content":{"rendered":"<p data-start=\"390\" data-end=\"681\">Entkommen Sie der Schwerkraft mit der <strong data-start=\"426\" data-end=\"446\">Anti-Gravity Box<\/strong> von Puzzle Potato. Diese einzigartige Puzzlebox ist vollgepackt mit Logik, cleveren Mechanismen und hochwertiger Verarbeitung. Erh\u00e4ltlich in zwei verschiedenen Versionen &#8211; beide mit einem stabilen <strong data-start=\"628\" data-end=\"644\">Holzsockel<\/strong>, aber jede mit ihrem eigenen Look:  <\/p>\n<hr data-start=\"683\" data-end=\"686\">\n<p data-start=\"688\" data-end=\"737\"><strong>1. Holz &amp; Acryl &#8211; Klassisches Design<\/strong><\/p>\n<ul data-start=\"738\" data-end=\"943\">\n<li data-start=\"738\" data-end=\"797\">\n<p data-start=\"740\" data-end=\"797\">Hergestellt aus <strong data-start=\"752\" data-end=\"766\">Birkenholz<\/strong> mit <strong data-start=\"771\" data-end=\"795\">klaren Acrylplatten<\/strong><\/p>\n<\/li>\n<li data-start=\"798\" data-end=\"832\">\n<p data-start=\"800\" data-end=\"832\">Leichtgewicht: ca.  <strong data-start=\"818\" data-end=\"830\">520 Gramm<\/strong><\/p>\n<\/li>\n<li data-start=\"833\" data-end=\"881\">\n<p data-start=\"835\" data-end=\"881\">Warmer, nat\u00fcrlicher Look mit moderner Transparenz<\/p>\n<\/li>\n<li data-start=\"882\" data-end=\"943\">\n<p data-start=\"884\" data-end=\"943\">Ideal f\u00fcr R\u00e4tselfans, die einen klassischen Stil m\u00f6gen<\/p>\n<\/li>\n<\/ul>\n<hr data-start=\"945\" data-end=\"948\">\n<p data-start=\"950\" data-end=\"994\"><strong>2. Holz &amp; Metall &#8211; Luxusversion<\/strong><\/p>\n<ul data-start=\"995\" data-end=\"1200\">\n<li data-start=\"995\" data-end=\"1069\">\n<p data-start=\"997\" data-end=\"1069\">Hergestellt aus <strong data-start=\"1013\" data-end=\"1027\">Birkenholz<\/strong> mit <strong data-start=\"1032\" data-end=\"1067\">eloxierten Aluminiumplatten<\/strong><\/p>\n<\/li>\n<li data-start=\"1070\" data-end=\"1100\">\n<p data-start=\"1072\" data-end=\"1100\">Stabiler: ca.  <strong data-start=\"1086\" data-end=\"1098\">580 Gramm<\/strong><\/p>\n<\/li>\n<li data-start=\"1101\" data-end=\"1147\">\n<p data-start=\"1103\" data-end=\"1147\">Luxuri\u00f6ser Look mit industriellem Finish<\/p>\n<\/li>\n<li data-start=\"1148\" data-end=\"1200\">\n<p data-start=\"1150\" data-end=\"1200\">Perfekt als Geschenk, Sammlerst\u00fcck oder Blickfang<\/p>\n<\/li>\n<\/ul>\n<table>\n<thead>\n<tr>\n<th>Eigenschaft<\/th>\n<th>Wert<\/th>\n<\/tr>\n<\/thead>\n<tbody>\n<tr>\n<td>Abmessungen<\/td>\n<td>12 \u00d7 12 \u00d7 12 cm<\/td>\n<\/tr>\n<tr>\n<td>Schwierigkeitsgrad<\/td>\n<td>3 von 5<\/td>\n<\/tr>\n<tr>\n<td>Altersempfehlung<\/td>\n<td>14 Jahre und \u00e4lter<\/td>\n<\/tr>\n<tr>\n<td>Abspielzeit<\/td>\n<td>\u00b1 60-90 Minuten<\/td>\n<\/tr>\n<tr>\n<td>Zur\u00fccksetzbar<\/td>\n<td>Ja &#8211; kann mehrfach verwendet werden<\/td>\n<\/tr>\n<tr>\n<td>Sprachunabh\u00e4ngig<\/td>\n<td>Ja &#8211; keine Texte oder Apps erforderlich<\/td>\n<\/tr>\n<tr>\n<td>Anzahl der Teile<\/td>\n<td>93 St\u00fcck<\/td>\n<\/tr>\n<\/tbody>\n<\/table>\n","protected":false},"excerpt":{"rendered":"<p>PUZZLE KARTOFFEL<\/p>\n","protected":false},"featured_media":513615,"template":"","meta":{"_improvement_type_select":"improve_an_existing","_thumb_yes_seoaic":false,"_frame_yes_seoaic":false,"seoaic_generate_description":"","seoaic_improve_instructions_prompt":"","seoaic_rollback_content_improvement":"","seoaic_idea_thumbnail_generator":"","thumbnail_generated":false,"thumbnail_generate_prompt":"","seoaic_article_description":"","product-afmeting-lengte-mm":"","product-afmeting-breedte-mm":"","product-afmeting-hoogte-mm":""},"product_brand":[],"product_cat":[1511,1227,1233,5302],"product_tag":[],"class_list":{"0":"post-513663","1":"product","2":"type-product","3":"status-publish","4":"has-post-thumbnail","6":"product_cat-3-sterne-normal","7":"product_cat-knobelaufgaben","8":"product_cat-knobelaufgaben-fur-erwachsene","9":"product_cat-puzzle-kartoffel","10":"pa_merken-puzzle-kartoffel","12":"first","13":"instock","14":"sale","15":"taxable","16":"shipping-taxable","17":"purchasable","18":"product-type-variable"},"df_price":24.98,"df_sale_price":"","df_regular_price":24.98,"df_image_link":"https:\/\/www.speedcube.nl\/wp-content\/uploads\/2025\/09\/Productvisuals_Breinbreker-Puzzle-Potato-AntiGravity-3-285x300.jpg","_links":{"self":[{"href":"https:\/\/www.speedcube.nl\/de\/wp-json\/wp\/v2\/product\/513663","targetHints":{"allow":["GET"]}}],"collection":[{"href":"https:\/\/www.speedcube.nl\/de\/wp-json\/wp\/v2\/product"}],"about":[{"href":"https:\/\/www.speedcube.nl\/de\/wp-json\/wp\/v2\/types\/product"}],"version-history":[{"count":0,"href":"https:\/\/www.speedcube.nl\/de\/wp-json\/wp\/v2\/product\/513663\/revisions"}],"wp:featuredmedia":[{"embeddable":true,"href":"https:\/\/www.speedcube.nl\/de\/wp-json\/wp\/v2\/media\/513615"}],"wp:attachment":[{"href":"https:\/\/www.speedcube.nl\/de\/wp-json\/wp\/v2\/media?parent=513663"}],"wp:term":[{"taxonomy":"product_brand","embeddable":true,"href":"https:\/\/www.speedcube.nl\/de\/wp-json\/wp\/v2\/product_brand?post=513663"},{"taxonomy":"product_cat","embeddable":true,"href":"https:\/\/www.speedcube.nl\/de\/wp-json\/wp\/v2\/product_cat?post=513663"},{"taxonomy":"product_tag","embeddable":true,"href":"https:\/\/www.speedcube.nl\/de\/wp-json\/wp\/v2\/product_tag?post=513663"}],"curies":[{"name":"wp","href":"https:\/\/api.w.org\/{rel}","templated":true}]}}