{"id":513660,"date":"2025-09-14T18:19:57","date_gmt":"2025-09-14T16:19:57","guid":{"rendered":"https:\/\/www.speedcube.nl\/unkategorisiert\/puzzle-kartoffel-schraube-up\/"},"modified":"2026-05-11T05:02:20","modified_gmt":"2026-05-11T03:02:20","slug":"puzzle-kartoffel-schraube-up","status":"publish","type":"product","link":"https:\/\/www.speedcube.nl\/de\/aanbieding-de\/puzzle-kartoffel-schraube-up\/","title":{"rendered":"Puzzle Kartoffel Schraube Up"},"content":{"rendered":"<p data-start=\"254\" data-end=\"538\">Klein in der Gr\u00f6\u00dfe, aber gro\u00df in der Frustration und der Zufriedenheit. Puzzle Potato&#8217;s <strong data-start=\"317\" data-end=\"329\">Screw Up<\/strong> ist ein mechanisches Meisterwerk, das sich auf eine einfache Aufgabe konzentriert: <strong data-start=\"424\" data-end=\"450\">Befreien Sie den goldenen Ring<\/strong>. Was sich nach einer einfachen Aufgabe anh\u00f6rt, entpuppt sich als \u00fcberraschend gut durchdachter R\u00e4tselmechanismus.  <\/p>\n<hr data-start=\"540\" data-end=\"543\">\n<p data-start=\"545\" data-end=\"603\"><strong>Holz, Acryl &amp; Metall &#8211; Impossible Puzzle Ausf\u00fchrung<\/strong><\/p>\n<ul data-start=\"604\" data-end=\"843\">\n<li data-start=\"604\" data-end=\"685\">\n<p data-start=\"606\" data-end=\"685\">Hergestellt aus <strong data-start=\"618\" data-end=\"632\">Birkenholz<\/strong>, <strong data-start=\"634\" data-end=\"650\">klarem Acryl<\/strong> und <strong data-start=\"654\" data-end=\"683\">Schrauben aus Edelstahl<\/strong><\/p>\n<\/li>\n<li data-start=\"686\" data-end=\"725\">\n<p data-start=\"688\" data-end=\"725\">Kompakt und solide: ca.  <strong data-start=\"711\" data-end=\"723\">100 g<\/strong><\/p>\n<\/li>\n<li data-start=\"726\" data-end=\"787\">\n<p data-start=\"728\" data-end=\"787\">Solide Konstruktion zum Anschrauben &#8211; der Trick steckt im Detail<\/p>\n<\/li>\n<li data-start=\"788\" data-end=\"843\">\n<p data-start=\"790\" data-end=\"843\">Perfekt f\u00fcr eine schnelle Herausforderung oder als einzigartiges Schreibtischspielzeug<\/p>\n<\/li>\n<\/ul>\n<table>\n<thead>\n<tr>\n<th>Eigenschaft<\/th>\n<th>Wert<\/th>\n<\/tr>\n<\/thead>\n<tbody>\n<tr>\n<td>Abmessungen<\/td>\n<td>8 \u00d7 5,5 \u00d7 5,5 cm<\/td>\n<\/tr>\n<tr>\n<td>Schwierigkeitsgrad<\/td>\n<td>3 von 5<\/td>\n<\/tr>\n<tr>\n<td>Altersempfehlung<\/td>\n<td>14 Jahre und \u00e4lter<\/td>\n<\/tr>\n<tr>\n<td>Abspielzeit<\/td>\n<td>\u00b1 15-30 Minuten<\/td>\n<\/tr>\n<tr>\n<td>Zur\u00fccksetzbar<\/td>\n<td>Ja &#8211; kann mehrfach verwendet werden<\/td>\n<\/tr>\n<tr>\n<td>Sprachunabh\u00e4ngig<\/td>\n<td>Ja &#8211; keine Texte oder Apps erforderlich<\/td>\n<\/tr>\n<tr>\n<td>Material<\/td>\n<td>Birkenholz, Acryl, rostfreier Stahl-Metall<\/td>\n<\/tr>\n<\/tbody>\n<\/table>\n","protected":false},"excerpt":{"rendered":"<p>PUZZLE KARTOFFEL<\/p>\n","protected":false},"featured_media":513483,"template":"","meta":{"_improvement_type_select":"improve_an_existing","_thumb_yes_seoaic":false,"_frame_yes_seoaic":false,"seoaic_generate_description":"","seoaic_improve_instructions_prompt":"","seoaic_rollback_content_improvement":"","seoaic_idea_thumbnail_generator":"","thumbnail_generated":false,"thumbnail_generate_prompt":"","seoaic_article_description":"","product-afmeting-lengte-mm":"","product-afmeting-breedte-mm":"","product-afmeting-hoogte-mm":""},"product_brand":[],"product_cat":[1227,2558],"product_tag":[],"class_list":{"0":"post-513660","1":"product","2":"type-product","3":"status-publish","4":"has-post-thumbnail","6":"product_cat-knobelaufgaben","7":"product_cat-aanbieding-de","8":"pa_merken-puzzle-kartoffel","10":"first","11":"instock","12":"sale","13":"taxable","14":"shipping-taxable","15":"purchasable","16":"product-type-simple"},"df_price":10.5,"df_sale_price":10.5,"df_regular_price":17.5,"df_image_link":"https:\/\/www.speedcube.nl\/wp-content\/uploads\/2025\/09\/Productvisuals_Breinbrekers-Puzzle-Potato-Screw-Up--285x300.jpg","_links":{"self":[{"href":"https:\/\/www.speedcube.nl\/de\/wp-json\/wp\/v2\/product\/513660","targetHints":{"allow":["GET"]}}],"collection":[{"href":"https:\/\/www.speedcube.nl\/de\/wp-json\/wp\/v2\/product"}],"about":[{"href":"https:\/\/www.speedcube.nl\/de\/wp-json\/wp\/v2\/types\/product"}],"version-history":[{"count":1,"href":"https:\/\/www.speedcube.nl\/de\/wp-json\/wp\/v2\/product\/513660\/revisions"}],"predecessor-version":[{"id":513670,"href":"https:\/\/www.speedcube.nl\/de\/wp-json\/wp\/v2\/product\/513660\/revisions\/513670"}],"wp:featuredmedia":[{"embeddable":true,"href":"https:\/\/www.speedcube.nl\/de\/wp-json\/wp\/v2\/media\/513483"}],"wp:attachment":[{"href":"https:\/\/www.speedcube.nl\/de\/wp-json\/wp\/v2\/media?parent=513660"}],"wp:term":[{"taxonomy":"product_brand","embeddable":true,"href":"https:\/\/www.speedcube.nl\/de\/wp-json\/wp\/v2\/product_brand?post=513660"},{"taxonomy":"product_cat","embeddable":true,"href":"https:\/\/www.speedcube.nl\/de\/wp-json\/wp\/v2\/product_cat?post=513660"},{"taxonomy":"product_tag","embeddable":true,"href":"https:\/\/www.speedcube.nl\/de\/wp-json\/wp\/v2\/product_tag?post=513660"}],"curies":[{"name":"wp","href":"https:\/\/api.w.org\/{rel}","templated":true}]}}