{"id":513652,"date":"2025-09-14T18:21:15","date_gmt":"2025-09-14T16:21:15","guid":{"rendered":"https:\/\/www.speedcube.nl\/unkategorisiert\/puzzle-kartoffel-topsy-turvey\/"},"modified":"2026-05-11T05:02:20","modified_gmt":"2026-05-11T03:02:20","slug":"puzzle-kartoffel-topsy-turvey","status":"publish","type":"product","link":"https:\/\/www.speedcube.nl\/de\/aanbieding-de\/puzzle-kartoffel-topsy-turvey\/","title":{"rendered":"Puzzle Kartoffel Topsy-Turvey"},"content":{"rendered":"<p data-start=\"241\" data-end=\"497\">Brechen Sie mit dem <strong data-start=\"281\" data-end=\"315\">Topsy-Turvy Wine Bottle Puzzle<\/strong> von Puzzle Potato aus den \u00fcblichen Puzzles aus. Dieses R\u00e4tsel, das an einer Weinflasche befestigt werden kann, bietet eine moderne Abwandlung der traditionellen Schlossr\u00e4tsel: Wie bekommt man es vom Flaschenhals ab? <\/p>\n<table>\n<thead>\n<tr>\n<th>Eigenschaft<\/th>\n<th>Wert<\/th>\n<\/tr>\n<\/thead>\n<tbody>\n<tr>\n<td>Abmessungen<\/td>\n<td>5 \u00d7 7 \u00d7 7 cm<\/td>\n<\/tr>\n<tr>\n<td>Gewicht<\/td>\n<td>\u00b1 <strong>0,08 kg<\/strong><\/td>\n<\/tr>\n<tr>\n<td>Schwierigkeitsgrad<\/td>\n<td><strong>3<\/strong><\/td>\n<\/tr>\n<tr>\n<td>Altersempfehlung<\/td>\n<td><strong>14 Jahre und \u00e4lter<\/strong><\/td>\n<\/tr>\n<tr>\n<td>Spielzeit<\/td>\n<td><strong>10-20 Minuten<\/strong><\/td>\n<\/tr>\n<tr>\n<td>Material<\/td>\n<td>Birkenholz, Acryl, Kugeln aus rostfreiem Stahl<\/td>\n<\/tr>\n<tr>\n<td>Zur\u00fccksetzbar \/ wiederverwendbar<\/td>\n<td>Ja &#8211; kann immer wieder neu angebracht werden<\/td>\n<\/tr>\n<tr>\n<td>Sprachunabh\u00e4ngig<\/td>\n<td>Ja &#8211; Puzzle funktioniert ohne Textaufforderungen<\/td>\n<\/tr>\n<\/tbody>\n<\/table>\n<hr data-start=\"499\" data-end=\"502\">\n","protected":false},"excerpt":{"rendered":"<p>PUZZLE KARTOFFEL<\/p>\n","protected":false},"featured_media":513530,"template":"","meta":{"_improvement_type_select":"improve_an_existing","_thumb_yes_seoaic":false,"_frame_yes_seoaic":false,"seoaic_generate_description":"","seoaic_improve_instructions_prompt":"","seoaic_rollback_content_improvement":"","seoaic_idea_thumbnail_generator":"","thumbnail_generated":false,"thumbnail_generate_prompt":"","seoaic_article_description":"","product-afmeting-lengte-mm":"","product-afmeting-breedte-mm":"","product-afmeting-hoogte-mm":""},"product_brand":[],"product_cat":[1227,2558],"product_tag":[],"class_list":{"0":"post-513652","1":"product","2":"type-product","3":"status-publish","4":"has-post-thumbnail","6":"product_cat-knobelaufgaben","7":"product_cat-aanbieding-de","8":"pa_merken-puzzle-kartoffel","10":"first","11":"instock","12":"sale","13":"taxable","14":"shipping-taxable","15":"purchasable","16":"product-type-simple"},"df_price":7,"df_sale_price":7,"df_regular_price":17.5,"df_image_link":"https:\/\/www.speedcube.nl\/wp-content\/uploads\/2025\/09\/Productvisuals_Breinbrekers-Puzzle-Potato-Topsy-Turvey-9-285x300.jpg","_links":{"self":[{"href":"https:\/\/www.speedcube.nl\/de\/wp-json\/wp\/v2\/product\/513652","targetHints":{"allow":["GET"]}}],"collection":[{"href":"https:\/\/www.speedcube.nl\/de\/wp-json\/wp\/v2\/product"}],"about":[{"href":"https:\/\/www.speedcube.nl\/de\/wp-json\/wp\/v2\/types\/product"}],"version-history":[{"count":0,"href":"https:\/\/www.speedcube.nl\/de\/wp-json\/wp\/v2\/product\/513652\/revisions"}],"wp:featuredmedia":[{"embeddable":true,"href":"https:\/\/www.speedcube.nl\/de\/wp-json\/wp\/v2\/media\/513530"}],"wp:attachment":[{"href":"https:\/\/www.speedcube.nl\/de\/wp-json\/wp\/v2\/media?parent=513652"}],"wp:term":[{"taxonomy":"product_brand","embeddable":true,"href":"https:\/\/www.speedcube.nl\/de\/wp-json\/wp\/v2\/product_brand?post=513652"},{"taxonomy":"product_cat","embeddable":true,"href":"https:\/\/www.speedcube.nl\/de\/wp-json\/wp\/v2\/product_cat?post=513652"},{"taxonomy":"product_tag","embeddable":true,"href":"https:\/\/www.speedcube.nl\/de\/wp-json\/wp\/v2\/product_tag?post=513652"}],"curies":[{"name":"wp","href":"https:\/\/api.w.org\/{rel}","templated":true}]}}