{"id":507467,"date":"2025-07-06T17:36:37","date_gmt":"2025-07-06T15:36:37","guid":{"rendered":"https:\/\/www.speedcube.nl\/unkategorisiert\/diansheng-galaxy-5x5-magnetischer-spiegel\/"},"modified":"2026-04-30T05:11:43","modified_gmt":"2026-04-30T03:11:43","slug":"diansheng-galaxy-5x5-magnetischer-spiegel","status":"publish","type":"product","link":"https:\/\/www.speedcube.nl\/de\/speedcube-de\/spiegel\/diansheng-galaxy-5x5-magnetischer-spiegel\/","title":{"rendered":"DianSheng Galaxy 5\u00d75 Magnetischer Spiegel"},"content":{"rendered":"<p><span class=\"relative -mx-px my-[-0.2rem] rounded px-px py-[0.2rem] transition-colors duration-100 ease-in-out\">Der <strong data-start=\"3\" data-end=\"48\">DianSheng Galaxy 5\u00d75 Magnetic Mirror Cube<\/strong> kombiniert die einzigartige Herausforderung eines Spiegelw\u00fcrfels mit moderner Speed Cube Technologie. Ausgestattet mit <strong data-start=\"149\" data-end=\"186\">Kugelkern-, Kern- und Kantenmagneten<\/strong>, sowie einer brillanten <strong data-start=\"208\" data-end=\"230\">metallisierten Beschichtung<\/strong> in Lila <\/span><span class=\"relative -mx-px my-[-0.2rem] rounded px-px py-[0.2rem] transition-colors duration-100 ease-in-out\">bietet dieser W\u00fcrfel sowohl ein visuelles Spektakel als auch eine reibungslose Leistung.<\/span><\/p>\n<p data-start=\"244\" data-end=\"273\"><strong>Wesentliche Merkmale<\/strong><\/p>\n<ul data-start=\"275\" data-end=\"596\">\n<li data-start=\"275\" data-end=\"354\">\n<p data-start=\"277\" data-end=\"354\"><span class=\"relative -mx-px my-[-0.2rem] rounded px-px py-[0.2rem] transition-colors duration-100 ease-in-out\">Ball-Core &amp; magnetische Positionierung &#8211; verbesserte Ausrichtung, Stabilit\u00e4t und automatisches &#8222;Klicken&#8220; bei Drehungen<\/span><\/p>\n<\/li>\n<li data-start=\"275\" data-end=\"354\">\n<p data-start=\"277\" data-end=\"354\"><span class=\"relative -mx-px my-[-0.2rem] rounded px-px py-[0.2rem] transition-colors duration-100 ease-in-out\">Magnetisch &#8211; eingebaute Kanten- und Eckenmagnete sorgen f\u00fcr eine pr\u00e4zise Ausrichtung der Schichten<\/span><\/p>\n<\/li>\n<li data-start=\"435\" data-end=\"514\">\n<p data-start=\"437\" data-end=\"514\"><span class=\"relative -mx-px my-[-0.2rem] rounded px-px py-[0.2rem] transition-colors duration-100 ease-in-out\">Metallisierte Oberfl\u00e4che (Galaxy Purple oder Silvery) &#8211; bietet sowohl pixelige Reflektivit\u00e4t als auch Haltbarkeit<\/span><\/p>\n<\/li>\n<li data-start=\"515\" data-end=\"596\">\n<p data-start=\"517\" data-end=\"596\"><span class=\"relative -mx-px my-[-0.2rem] rounded px-px py-[0.2rem] transition-colors duration-100 ease-in-out\">Kompakte Gr\u00f6\u00dfe &#8211; ~60 mm, praktisch und leicht im Gebrauch<\/span><\/p>\n<\/li>\n<\/ul>\n<p data-start=\"603\" data-end=\"623\"><strong>Spezifikationen<\/strong><\/p>\n<div class=\"_tableContainer_80l1q_1\">\n<div class=\"_tableWrapper_80l1q_14 group flex w-fit flex-col-reverse\" tabindex=\"-1\">\n<table class=\"w-fit min-w-(--thread-content-width)\" data-start=\"625\" data-end=\"1453\">\n<thead data-start=\"625\" data-end=\"723\">\n<tr data-start=\"625\" data-end=\"723\">\n<th data-start=\"625\" data-end=\"649\" data-col-size=\"sm\">Eigenschaft<\/th>\n<th data-start=\"649\" data-end=\"723\" data-col-size=\"md\">Wert<\/th>\n<\/tr>\n<\/thead>\n<tbody data-start=\"824\" data-end=\"1453\">\n<tr data-start=\"824\" data-end=\"933\">\n<td data-start=\"824\" data-end=\"850\" data-col-size=\"sm\"><strong data-start=\"826\" data-end=\"845\">Abmessungen W\u00fcrfel<\/strong><\/td>\n<td data-start=\"850\" data-end=\"933\" data-col-size=\"md\"><span class=\"relative -mx-px my-[-0.2rem] rounded px-px py-[0.2rem] transition-colors duration-100 ease-in-out\">ca. 63 \u00d7 63 \u00d7 63 mm (Standardformat 5\u00d75)<\/span><\/td>\n<\/tr>\n<tr data-start=\"934\" data-end=\"1056\">\n<td data-start=\"934\" data-end=\"960\" data-col-size=\"sm\"><strong data-start=\"936\" data-end=\"952\">Gewicht W\u00fcrfel<\/strong><\/td>\n<td data-col-size=\"md\" data-start=\"960\" data-end=\"1056\">135-204 g (tr\u00e4gt erhebliche magnetische Hardware)<\/td>\n<\/tr>\n<tr data-start=\"1057\" data-end=\"1161\">\n<td data-start=\"1057\" data-end=\"1086\" data-col-size=\"sm\"><strong data-start=\"1059\" data-end=\"1085\">Zusammensetzung des Materials<\/strong><\/td>\n<td data-start=\"1086\" data-end=\"1161\" data-col-size=\"md\">ABS + metallisierte Beschichtung, Kunststoffeinbauten + Kugelkern + Magnete<\/td>\n<\/tr>\n<tr data-start=\"1162\" data-end=\"1270\">\n<td data-start=\"1162\" data-end=\"1188\" data-col-size=\"sm\"><strong data-start=\"1164\" data-end=\"1186\">Magnetisches System<\/strong><\/td>\n<td data-start=\"1188\" data-end=\"1270\" data-col-size=\"md\">Kugel-Kern + Kern- und Kantenmagnetsystem<\/td>\n<\/tr>\n<tr data-start=\"1271\" data-end=\"1372\">\n<td data-start=\"1271\" data-end=\"1297\" data-col-size=\"sm\"><strong data-start=\"1273\" data-end=\"1290\">Finish-Optionen<\/strong><\/td>\n<td data-start=\"1297\" data-end=\"1372\" data-col-size=\"md\">Lila Galaxie<\/td>\n<\/tr>\n<tr data-start=\"1373\" data-end=\"1453\">\n<td data-start=\"1373\" data-end=\"1399\" data-col-size=\"sm\"><strong data-start=\"1375\" data-end=\"1391\">Datum der Ver\u00f6ffentlichung<\/strong><\/td>\n<td data-start=\"1399\" data-end=\"1453\" data-col-size=\"md\">M\u00e4rz 2025<\/td>\n<\/tr>\n<\/tbody>\n<\/table>\n<\/div>\n<\/div>\n","protected":false},"excerpt":{"rendered":"<p>DIANSHENG<\/p>\n","protected":false},"featured_media":507195,"template":"","meta":{"_improvement_type_select":"improve_an_existing","_thumb_yes_seoaic":false,"_frame_yes_seoaic":false,"seoaic_generate_description":"","seoaic_improve_instructions_prompt":"","seoaic_rollback_content_improvement":"","seoaic_idea_thumbnail_generator":"","thumbnail_generated":false,"thumbnail_generate_prompt":"","seoaic_article_description":"","product-afmeting-lengte-mm":"","product-afmeting-breedte-mm":"","product-afmeting-hoogte-mm":""},"product_brand":[],"product_cat":[1328,2453,1279,1211],"product_tag":[],"class_list":{"0":"post-507467","1":"product","2":"type-product","3":"status-publish","4":"has-post-thumbnail","6":"product_cat-diansheng-de","7":"product_cat-spiegel","8":"product_cat-twist-wurfel","9":"product_cat-speedcube-de","11":"first","12":"instock","13":"taxable","14":"shipping-taxable","15":"purchasable","16":"product-type-simple"},"df_price":34.99,"df_sale_price":"","df_regular_price":34.99,"df_image_link":"https:\/\/www.speedcube.nl\/wp-content\/uploads\/2025\/07\/Productvisuals_Speedcubes-Diansheng-Galaxy-5x5-Magnetic-Mirror--285x300.jpg","_links":{"self":[{"href":"https:\/\/www.speedcube.nl\/de\/wp-json\/wp\/v2\/product\/507467","targetHints":{"allow":["GET"]}}],"collection":[{"href":"https:\/\/www.speedcube.nl\/de\/wp-json\/wp\/v2\/product"}],"about":[{"href":"https:\/\/www.speedcube.nl\/de\/wp-json\/wp\/v2\/types\/product"}],"version-history":[{"count":0,"href":"https:\/\/www.speedcube.nl\/de\/wp-json\/wp\/v2\/product\/507467\/revisions"}],"wp:featuredmedia":[{"embeddable":true,"href":"https:\/\/www.speedcube.nl\/de\/wp-json\/wp\/v2\/media\/507195"}],"wp:attachment":[{"href":"https:\/\/www.speedcube.nl\/de\/wp-json\/wp\/v2\/media?parent=507467"}],"wp:term":[{"taxonomy":"product_brand","embeddable":true,"href":"https:\/\/www.speedcube.nl\/de\/wp-json\/wp\/v2\/product_brand?post=507467"},{"taxonomy":"product_cat","embeddable":true,"href":"https:\/\/www.speedcube.nl\/de\/wp-json\/wp\/v2\/product_cat?post=507467"},{"taxonomy":"product_tag","embeddable":true,"href":"https:\/\/www.speedcube.nl\/de\/wp-json\/wp\/v2\/product_tag?post=507467"}],"curies":[{"name":"wp","href":"https:\/\/api.w.org\/{rel}","templated":true}]}}