{"id":507453,"date":"2025-07-06T17:36:37","date_gmt":"2025-07-06T15:36:37","guid":{"rendered":"https:\/\/www.speedcube.nl\/unkategorisiert\/qiyi-warrior-m-magnetisch-magnetisch-uv-2x2-3x3-4x4\/"},"modified":"2026-04-23T05:03:59","modified_gmt":"2026-04-23T03:03:59","slug":"qiyi-warrior-m-magnetisch-magnetisch-uv-2x2-3x3-4x4","status":"publish","type":"product","link":"https:\/\/www.speedcube.nl\/de\/speedcube-de\/2x2-de\/qiyi-warrior-m-magnetisch-magnetisch-uv-2x2-3x3-4x4\/","title":{"rendered":"QiYi Warrior M &#8211; Magnetisch &amp; Magnetisch + UV (2\u00d72, 3\u00d73, 4\u00d74)"},"content":{"rendered":"<p data-start=\"159\" data-end=\"196\"><span class=\"relative -mx-px my-[-0.2rem] rounded px-px py-[0.2rem] transition-colors duration-100 ease-in-out\">Die <strong data-start=\"3\" data-end=\"21\">QiYi Warrior M<\/strong> Familie ist eine erschwingliche, leistungsorientierte Speedcube-Serie, die standardm\u00e4\u00dfig mit Magneten ausgestattet ist. Die zus\u00e4tzliche <strong data-start=\"149\" data-end=\"163\">UV-Beschichtung<\/strong> sorgt f\u00fcr ein erstklassiges Spielgef\u00fchl mit extra Grip und Glanz. <\/span><\/p>\n<p data-start=\"198\" data-end=\"235\"><span class=\"relative -mx-px my-[-0.2rem] rounded px-px py-[0.2rem] transition-colors duration-100 ease-in-out\">Erh\u00e4ltlich in diesen Gr\u00f6\u00dfen und Varianten:<\/span><\/p>\n<ul data-start=\"236\" data-end=\"355\">\n<li data-start=\"236\" data-end=\"275\">\n<p data-start=\"238\" data-end=\"275\"><span class=\"relative -mx-px my-[-0.2rem] rounded px-px py-[0.2rem] transition-colors duration-100 ease-in-out\"><strong data-start=\"0\" data-end=\"7\" data-is-only-node=\"\">2\u00d72<\/strong> &#8211; kompakt, leicht, ideal f\u00fcr Reisen und Anf\u00e4nger<\/span><\/p>\n<\/li>\n<li data-start=\"276\" data-end=\"315\">\n<p data-start=\"278\" data-end=\"315\"><span class=\"relative -mx-px my-[-0.2rem] rounded px-px py-[0.2rem] transition-colors duration-100 ease-in-out\"><strong data-start=\"0\" data-end=\"7\" data-is-only-node=\"\">3\u00d73<\/strong> &#8211; das klassische Format, voll magnetisch, Gr\u00f6\u00dfe 56 mm<\/span><\/p>\n<\/li>\n<li data-start=\"316\" data-end=\"355\">\n<p data-start=\"318\" data-end=\"355\"><span class=\"relative -mx-px my-[-0.2rem] rounded px-px py-[0.2rem] transition-colors duration-100 ease-in-out\"><strong data-start=\"0\" data-end=\"7\" data-is-only-node=\"\">4\u00d74<\/strong> &#8211; erweitertes Format f\u00fcr h\u00e4rtere Herausforderungen<\/span><\/p>\n<\/li>\n<\/ul>\n<p data-start=\"357\" data-end=\"394\"><strong><span class=\"relative -mx-px my-[-0.2rem] rounded px-px py-[0.2rem] transition-colors duration-100 ease-in-out\">Jeder W\u00fcrfel ist in zwei Versionen erh\u00e4ltlich:<\/span><\/strong><\/p>\n<ul data-start=\"395\" data-end=\"512\">\n<li data-start=\"395\" data-end=\"434\">\n<p data-start=\"397\" data-end=\"434\"><span class=\"relative -mx-px my-[-0.2rem] rounded px-px py-[0.2rem] transition-colors duration-100 ease-in-out\">Magnetischer Standard &#8211; Magnete + matte Oberfl\u00e4che<\/span><\/p>\n<\/li>\n<li data-start=\"435\" data-end=\"512\">\n<p data-start=\"437\" data-end=\"512\"><span class=\"relative -mx-px my-[-0.2rem] rounded px-px py-[0.2rem] transition-colors duration-100 ease-in-out\">Magnetisch + UV-beschichtet &#8211; Magnete + gl\u00e4nzende UV-Beschichtung f\u00fcr zus\u00e4tzlichen Halt und Kratzfestigkeit<\/span><\/p>\n<\/li>\n<\/ul>\n<p data-start=\"519\" data-end=\"548\"><strong>Wesentliche Merkmale<\/strong><\/p>\n<ul data-start=\"550\" data-end=\"895\">\n<li data-start=\"550\" data-end=\"631\">\n<p data-start=\"552\" data-end=\"631\"><span class=\"relative -mx-px my-[-0.2rem] rounded px-px py-[0.2rem] transition-colors duration-100 ease-in-out\">Magnetisch &#8211; Einsteckmagnete f\u00fcr bessere Ausrichtung und stabiles Drehen<\/span><\/p>\n<\/li>\n<li data-start=\"632\" data-end=\"713\">\n<p data-start=\"634\" data-end=\"713\"><span class=\"relative -mx-px my-[-0.2rem] rounded px-px py-[0.2rem] transition-colors duration-100 ease-in-out\">UV-Beschichtung (nur +UV) &#8211; superglatte, gl\u00e4nzende Beschichtung f\u00fcr verbesserte Griffigkeit und Haltbarkeit<\/span><\/p>\n<\/li>\n<li data-start=\"714\" data-end=\"895\">\n<p data-start=\"716\" data-end=\"741\">Abmessungen &amp; Gewicht:<\/p>\n<ul data-start=\"744\" data-end=\"895\">\n<li data-start=\"744\" data-end=\"825\">\n<p data-start=\"746\" data-end=\"825\"><span class=\"relative -mx-px my-[-0.2rem] rounded px-px py-[0.2rem] transition-colors duration-100 ease-in-out\">3\u00d73: 56 mm, ca. 58 g (Mag + UV)<\/span><\/p>\n<\/li>\n<li data-start=\"744\" data-end=\"825\">\n<p data-start=\"746\" data-end=\"825\">2\u00d72 &amp; 4\u00d74: \u00e4hnlich den Standardformaten, leicht und kompakt<\/p>\n<\/li>\n<\/ul>\n<\/li>\n<\/ul>\n<hr data-start=\"897\" data-end=\"900\">\n","protected":false},"excerpt":{"rendered":"<p>QIYI<\/p>\n","protected":false},"featured_media":507161,"template":"","meta":{"_improvement_type_select":"improve_an_existing","_thumb_yes_seoaic":false,"_frame_yes_seoaic":false,"seoaic_generate_description":"","seoaic_improve_instructions_prompt":"","seoaic_rollback_content_improvement":"","seoaic_idea_thumbnail_generator":"","thumbnail_generated":false,"thumbnail_generate_prompt":"","seoaic_article_description":"","product-afmeting-lengte-mm":"","product-afmeting-breedte-mm":"","product-afmeting-hoogte-mm":""},"product_brand":[],"product_cat":[1267,1221,1229,1235,1211],"product_tag":[],"class_list":{"0":"post-507453","1":"product","2":"type-product","3":"status-publish","4":"has-post-thumbnail","6":"product_cat-2x2-de","7":"product_cat-3x3-de","8":"product_cat-4x4-de","9":"product_cat-qiyi-de","10":"product_cat-speedcube-de","12":"first","13":"instock","14":"taxable","15":"shipping-taxable","16":"purchasable","17":"product-type-variable"},"df_price":6.99,"df_sale_price":"","df_regular_price":6.99,"df_image_link":"https:\/\/www.speedcube.nl\/wp-content\/uploads\/2025\/07\/Productvisuals_Speedcubes-QiYi-warrior-M-16-285x300.jpg","_links":{"self":[{"href":"https:\/\/www.speedcube.nl\/de\/wp-json\/wp\/v2\/product\/507453","targetHints":{"allow":["GET"]}}],"collection":[{"href":"https:\/\/www.speedcube.nl\/de\/wp-json\/wp\/v2\/product"}],"about":[{"href":"https:\/\/www.speedcube.nl\/de\/wp-json\/wp\/v2\/types\/product"}],"version-history":[{"count":0,"href":"https:\/\/www.speedcube.nl\/de\/wp-json\/wp\/v2\/product\/507453\/revisions"}],"wp:featuredmedia":[{"embeddable":true,"href":"https:\/\/www.speedcube.nl\/de\/wp-json\/wp\/v2\/media\/507161"}],"wp:attachment":[{"href":"https:\/\/www.speedcube.nl\/de\/wp-json\/wp\/v2\/media?parent=507453"}],"wp:term":[{"taxonomy":"product_brand","embeddable":true,"href":"https:\/\/www.speedcube.nl\/de\/wp-json\/wp\/v2\/product_brand?post=507453"},{"taxonomy":"product_cat","embeddable":true,"href":"https:\/\/www.speedcube.nl\/de\/wp-json\/wp\/v2\/product_cat?post=507453"},{"taxonomy":"product_tag","embeddable":true,"href":"https:\/\/www.speedcube.nl\/de\/wp-json\/wp\/v2\/product_tag?post=507453"}],"curies":[{"name":"wp","href":"https:\/\/api.w.org\/{rel}","templated":true}]}}