{"id":507452,"date":"2025-07-06T17:36:38","date_gmt":"2025-07-06T15:36:38","guid":{"rendered":"https:\/\/www.speedcube.nl\/unkategorisiert\/diansheng-2x2-fto-m\/"},"modified":"2026-04-21T05:28:04","modified_gmt":"2026-04-21T03:28:04","slug":"diansheng-2x2-fto-m","status":"publish","type":"product","link":"https:\/\/www.speedcube.nl\/de\/speedcube-de\/besonderheiten\/diansheng-2x2-fto-m\/","title":{"rendered":"DianSheng 2\u00d72 FTO M"},"content":{"rendered":"<p data-start=\"161\" data-end=\"237\"><span class=\"relative -mx-px my-[-0.2rem] rounded px-px py-[0.2rem] transition-colors duration-100 ease-in-out\">Das FTO M ist das erste serienm\u00e4\u00dfig hergestellte <strong data-start=\"43\" data-end=\"79\">magnetische 2\u00d72-Oktaeder-Puzzle<\/strong>,<br \/>\nmit Magneten zwischen den Ecken und dem Kern f\u00fcr reibungslose, stabile Drehungen<\/span><\/p>\n<ul data-start=\"239\" data-end=\"320\">\n<li data-start=\"239\" data-end=\"280\">\n<p data-start=\"241\" data-end=\"280\"><span class=\"relative -mx-px my-[-0.2rem] rounded px-px py-[0.2rem] transition-colors duration-100 ease-in-out\">Vollmagnetisch &#8211; werkseitig installierte Eckkernmagnete<\/span><\/p>\n<\/li>\n<li data-start=\"281\" data-end=\"320\">\n<p data-start=\"283\" data-end=\"320\"><span class=\"relative -mx-px my-[-0.2rem] rounded px-px py-[0.2rem] transition-colors duration-100 ease-in-out\">Ohne Aufkleber &#8211; klarer ABS-Kunststoff f\u00fcr ein sauberes Aussehen und Haltbarkeit<\/span><\/p>\n<\/li>\n<\/ul>\n<p data-start=\"327\" data-end=\"356\"><strong>Wesentliche Merkmale<\/strong><\/p>\n<ul data-start=\"358\" data-end=\"681\">\n<li data-start=\"358\" data-end=\"437\">\n<p data-start=\"360\" data-end=\"437\"><span class=\"relative -mx-px my-[-0.2rem] rounded px-px py-[0.2rem] transition-colors duration-100 ease-in-out\">Magnetkern: Ecke-zu-Kern-Magnete f\u00fcr pr\u00e4zises, klick-empfindliches Legen<\/span><\/p>\n<\/li>\n<li data-start=\"438\" data-end=\"517\">\n<p data-start=\"440\" data-end=\"517\"><span class=\"relative -mx-px my-[-0.2rem] rounded px-px py-[0.2rem] transition-colors duration-100 ease-in-out\">Anti-Pop-Konstruktion und &#8218;Schildkr\u00f6tenpanzer&#8216;-Design f\u00fcr sanftes Drehen und reibungslose Schmierung<\/span><\/p>\n<\/li>\n<li data-start=\"438\" data-end=\"517\">\n<p data-start=\"440\" data-end=\"517\"><span class=\"relative -mx-px my-[-0.2rem] rounded px-px py-[0.2rem] transition-colors duration-100 ease-in-out\">Matte\/abgedunkelte Gesichter: zus\u00e4tzlicher Halt bei schnellen Bewegungen<\/span><\/p>\n<\/li>\n<li data-start=\"438\" data-end=\"517\">\n<p data-start=\"440\" data-end=\"517\"><span class=\"relative -mx-px my-[-0.2rem] rounded px-px py-[0.2rem] transition-colors duration-100 ease-in-out\">Gl\u00e4nzende Beschichtung: gl\u00e4nzendes Aussehen f\u00fcr bessere Griffigkeit &amp; lange Lebensdauer<\/span><\/p>\n<\/li>\n<\/ul>\n<p data-start=\"688\" data-end=\"718\"><strong>Technische Daten<\/strong><\/p>\n<div class=\"_tableContainer_80l1q_1\">\n<div class=\"_tableWrapper_80l1q_14 group flex w-fit flex-col-reverse\" tabindex=\"-1\">\n<table class=\"w-fit min-w-(--thread-content-width)\" data-start=\"720\" data-end=\"1484\">\n<thead data-start=\"720\" data-end=\"804\">\n<tr data-start=\"720\" data-end=\"804\">\n<th data-start=\"720\" data-end=\"743\" data-col-size=\"sm\">Merkmal<\/th>\n<th data-start=\"743\" data-end=\"804\" data-col-size=\"md\">Spezifikation<\/th>\n<\/tr>\n<\/thead>\n<tbody data-start=\"890\" data-end=\"1484\">\n<tr data-start=\"890\" data-end=\"996\">\n<td data-start=\"890\" data-end=\"913\" data-col-size=\"sm\"><strong data-start=\"892\" data-end=\"906\">Abmessungen<\/strong><\/td>\n<td data-start=\"913\" data-end=\"996\" data-col-size=\"md\"><span class=\"relative -mx-px my-[-0.2rem] rounded px-px py-[0.2rem] transition-colors duration-100 ease-in-out\">67 mm (ohne Verpackung); Verpackung \u2248 83\u00d778\u00d760 mm<\/span><\/td>\n<\/tr>\n<tr data-start=\"997\" data-end=\"1069\">\n<td data-start=\"997\" data-end=\"1020\" data-col-size=\"sm\"><strong data-start=\"999\" data-end=\"1016\">Nettogewicht<\/strong><\/td>\n<td data-start=\"1020\" data-end=\"1069\" data-col-size=\"md\">~88 g<\/td>\n<\/tr>\n<tr data-start=\"1070\" data-end=\"1160\">\n<td data-start=\"1070\" data-end=\"1093\" data-col-size=\"sm\"><strong data-start=\"1072\" data-end=\"1089\">Bruttogewicht<\/strong><\/td>\n<td data-start=\"1093\" data-end=\"1160\" data-col-size=\"md\">~128 g (mit Verpackung)<\/td>\n<\/tr>\n<tr data-start=\"1161\" data-end=\"1244\">\n<td data-start=\"1161\" data-end=\"1184\" data-col-size=\"sm\"><strong data-start=\"1163\" data-end=\"1176\">Material<\/strong><\/td>\n<td data-start=\"1184\" data-end=\"1244\" data-col-size=\"md\">ABS-Kunststoff mit Magnetkern<\/td>\n<\/tr>\n<tr data-start=\"1245\" data-end=\"1317\">\n<td data-start=\"1245\" data-end=\"1270\" data-col-size=\"sm\"><strong data-start=\"1247\" data-end=\"1269\">Schwierigkeitsgrad<\/strong><\/td>\n<td data-col-size=\"md\" data-start=\"1270\" data-end=\"1317\">4\/5<\/td>\n<\/tr>\n<tr data-start=\"1318\" data-end=\"1401\">\n<td data-start=\"1318\" data-end=\"1341\" data-col-size=\"sm\"><strong data-start=\"1320\" data-end=\"1334\">Magnetisch<\/strong><\/td>\n<td data-col-size=\"md\" data-start=\"1341\" data-end=\"1401\">Ja, werkseitig installiert<\/td>\n<\/tr>\n<tr data-start=\"1402\" data-end=\"1484\">\n<td data-start=\"1402\" data-end=\"1425\" data-col-size=\"sm\"><strong data-start=\"1404\" data-end=\"1419\">Kern-Design<\/strong><\/td>\n<td data-start=\"1425\" data-end=\"1484\" data-col-size=\"md\">Oktaedrisch: l\u00e4uft als 2\u00d72 Face-Mapping<\/td>\n<\/tr>\n<\/tbody>\n<\/table>\n<\/div>\n<\/div>\n","protected":false},"excerpt":{"rendered":"<p>DIANSHENG<\/p>\n","protected":false},"featured_media":507286,"template":"","meta":{"_improvement_type_select":"improve_an_existing","_thumb_yes_seoaic":false,"_frame_yes_seoaic":false,"seoaic_generate_description":"","seoaic_improve_instructions_prompt":"","seoaic_rollback_content_improvement":"","seoaic_idea_thumbnail_generator":"","thumbnail_generated":false,"thumbnail_generate_prompt":"","seoaic_article_description":"","product-afmeting-lengte-mm":"","product-afmeting-breedte-mm":"","product-afmeting-hoogte-mm":""},"product_brand":[],"product_cat":[1333,1328,1279,1211],"product_tag":[],"class_list":{"0":"post-507452","1":"product","2":"type-product","3":"status-publish","4":"has-post-thumbnail","6":"product_cat-besonderheiten","7":"product_cat-diansheng-de","8":"product_cat-twist-wurfel","9":"product_cat-speedcube-de","11":"first","12":"instock","13":"taxable","14":"shipping-taxable","15":"purchasable","16":"product-type-simple"},"df_price":14.99,"df_sale_price":"","df_regular_price":14.99,"df_image_link":"https:\/\/www.speedcube.nl\/wp-content\/uploads\/2025\/07\/Productvisuals_Speedcubes-DianSheng-2x2-FTO-M--285x300.jpg","_links":{"self":[{"href":"https:\/\/www.speedcube.nl\/de\/wp-json\/wp\/v2\/product\/507452","targetHints":{"allow":["GET"]}}],"collection":[{"href":"https:\/\/www.speedcube.nl\/de\/wp-json\/wp\/v2\/product"}],"about":[{"href":"https:\/\/www.speedcube.nl\/de\/wp-json\/wp\/v2\/types\/product"}],"version-history":[{"count":0,"href":"https:\/\/www.speedcube.nl\/de\/wp-json\/wp\/v2\/product\/507452\/revisions"}],"wp:featuredmedia":[{"embeddable":true,"href":"https:\/\/www.speedcube.nl\/de\/wp-json\/wp\/v2\/media\/507286"}],"wp:attachment":[{"href":"https:\/\/www.speedcube.nl\/de\/wp-json\/wp\/v2\/media?parent=507452"}],"wp:term":[{"taxonomy":"product_brand","embeddable":true,"href":"https:\/\/www.speedcube.nl\/de\/wp-json\/wp\/v2\/product_brand?post=507452"},{"taxonomy":"product_cat","embeddable":true,"href":"https:\/\/www.speedcube.nl\/de\/wp-json\/wp\/v2\/product_cat?post=507452"},{"taxonomy":"product_tag","embeddable":true,"href":"https:\/\/www.speedcube.nl\/de\/wp-json\/wp\/v2\/product_tag?post=507452"}],"curies":[{"name":"wp","href":"https:\/\/api.w.org\/{rel}","templated":true}]}}