{"id":507448,"date":"2025-07-06T17:36:38","date_gmt":"2025-07-06T15:36:38","guid":{"rendered":"https:\/\/www.speedcube.nl\/unkategorisiert\/yj-mgc-beta-3x3\/"},"modified":"2026-04-24T05:04:23","modified_gmt":"2026-04-24T03:04:23","slug":"yj-mgc-beta-3x3","status":"publish","type":"product","link":"https:\/\/www.speedcube.nl\/de\/speedcube-de\/yj-de\/yj-mgc-beta-3x3\/","title":{"rendered":"YJ MGC Beta 3\u00d73"},"content":{"rendered":"<p data-start=\"366\" data-end=\"405\"><span class=\"relative -mx-px my-[-0.2rem] rounded px-px py-[0.2rem] transition-colors duration-100 ease-in-out\">Der <strong data-start=\"3\" data-end=\"18\">YJ MGC Beta<\/strong> ist das neueste Flaggschiff unter den 3\u00d73-W\u00fcrfeln von YJ, entwickelt vom Designer des Alpha-W\u00fcrfels. Er bietet einen exzellenten Kurvenschnitt, ein ausgefeiltes magnetisches Gef\u00fchl und einen komfortablen Griff. <\/span><\/p>\n<ul data-start=\"406\" data-end=\"649\">\n<li data-start=\"406\" data-end=\"485\">\n<p data-start=\"408\" data-end=\"485\"><span class=\"relative -mx-px my-[-0.2rem] rounded px-px py-[0.2rem] transition-colors duration-100 ease-in-out\">Magnetsystem mit Rand-zu-Eck- und Kernmagneten<\/span><\/p>\n<\/li>\n<li data-start=\"486\" data-end=\"565\">\n<p data-start=\"488\" data-end=\"565\"><span class=\"relative -mx-px my-[-0.2rem] rounded px-px py-[0.2rem] transition-colors duration-100 ease-in-out\">Die MagLev-Version ersetzt die herk\u00f6mmliche Federspannung durch magnetische Absto\u00dfung f\u00fcr eine schnellere und fl\u00fcssigere Drehung<\/span><\/p>\n<\/li>\n<li data-start=\"566\" data-end=\"649\">\n<p data-start=\"568\" data-end=\"649\"><span class=\"relative -mx-px my-[-0.2rem] rounded px-px py-[0.2rem] transition-colors duration-100 ease-in-out\">UV-Beschichtung sorgt f\u00fcr eine gl\u00e4nzende, kratzfeste Oberfl\u00e4che und bessere Griffigkeit<\/span><\/p>\n<\/li>\n<\/ul>\n<p data-start=\"651\" data-end=\"731\"><span class=\"relative -mx-px my-[-0.2rem] rounded px-px py-[0.2rem] bg-[#FCECC1] dark:bg-[#64572A] transition-colors duration-100 ease-in-out\">Geeignet f\u00fcr mittlere bis fortgeschrittene Speedcuber, mit einstellbarer Spannung (9 Positionen) und Eckmagneteinstellung<\/span><\/p>\n<p data-start=\"133\" data-end=\"164\"><strong>Entscheidung der Varianten<\/strong><\/p>\n<ol data-start=\"166\" data-end=\"332\">\n<li data-start=\"166\" data-end=\"208\">\n<p data-start=\"169\" data-end=\"208\"><span class=\"relative -mx-px my-[-0.2rem] rounded px-px py-[0.2rem] transition-colors duration-100 ease-in-out\">Standard &#8211; eingebaute Kanten- und Eckmagnete + traditionelle Feder<\/span><\/p>\n<\/li>\n<li data-start=\"209\" data-end=\"251\">\n<p data-start=\"212\" data-end=\"251\"><span class=\"relative -mx-px my-[-0.2rem] rounded px-px py-[0.2rem] transition-colors duration-100 ease-in-out\">Ball-Core + UV &#8211; magnetischer Ball-Core mit UV-Beschichtung f\u00fcr zus\u00e4tzlichen Halt<\/span><\/p>\n<\/li>\n<li data-start=\"252\" data-end=\"332\">\n<p data-start=\"255\" data-end=\"332\"><span class=\"relative -mx-px my-[-0.2rem] rounded px-px py-[0.2rem] transition-colors duration-100 ease-in-out\">MagLev + Ball-Core + UV &#8211; f\u00fcgt eine magnetische Feder hinzu, um die Rotationsgeschwindigkeit sanft zu bremsen<\/span><\/p>\n<\/li>\n<\/ol>\n<p data-start=\"738\" data-end=\"768\"><strong>Technische Daten<\/strong><\/p>\n<div class=\"_tableContainer_80l1q_1\">\n<div class=\"_tableWrapper_80l1q_14 group flex w-fit flex-col-reverse\" tabindex=\"-1\">\n<div class=\"_tableContainer_80l1q_1\">\n<div class=\"_tableWrapper_80l1q_14 group flex w-fit flex-col-reverse\" tabindex=\"-1\">\n<table class=\"w-fit min-w-(--thread-content-width)\" data-start=\"770\" data-end=\"1446\">\n<thead data-start=\"770\" data-end=\"858\">\n<tr data-start=\"770\" data-end=\"858\">\n<th data-start=\"770\" data-end=\"787\" data-col-size=\"sm\">Merkmal<\/th>\n<th data-start=\"787\" data-end=\"802\" data-col-size=\"sm\">Standard<\/th>\n<th data-start=\"802\" data-end=\"823\" data-col-size=\"sm\">Kugelkern + UV<\/th>\n<th data-start=\"823\" data-end=\"858\" data-col-size=\"sm\">MagLev + Kugel-Kern + UV<\/th>\n<\/tr>\n<\/thead>\n<tbody data-start=\"950\" data-end=\"1446\">\n<tr data-start=\"950\" data-end=\"1042\">\n<td data-start=\"950\" data-end=\"967\" data-col-size=\"sm\">Magnete<\/td>\n<td data-start=\"967\" data-end=\"983\" data-col-size=\"sm\">Rand &amp; Ecke<\/td>\n<td data-col-size=\"sm\" data-start=\"983\" data-end=\"1005\">+ Kernmagnet<\/td>\n<td data-col-size=\"sm\" data-start=\"1005\" data-end=\"1042\">+ Magnetische Feder<\/td>\n<\/tr>\n<tr data-start=\"1043\" data-end=\"1133\">\n<td data-start=\"1043\" data-end=\"1060\" data-col-size=\"sm\">UV-Beschichtung<\/td>\n<td data-start=\"1060\" data-end=\"1075\" data-col-size=\"sm\">Nein<\/td>\n<td data-start=\"1075\" data-end=\"1097\" data-col-size=\"sm\">Ja<\/td>\n<td data-start=\"1097\" data-end=\"1133\" data-col-size=\"sm\">Ja<\/td>\n<\/tr>\n<tr data-start=\"1134\" data-end=\"1237\">\n<td data-start=\"1134\" data-end=\"1151\" data-col-size=\"sm\">Gewicht<\/td>\n<td data-start=\"1151\" data-end=\"1166\" data-col-size=\"sm\">~74 g<\/td>\n<td data-col-size=\"sm\" data-start=\"1166\" data-end=\"1188\">~74 g<\/td>\n<td data-col-size=\"sm\" data-start=\"1188\" data-end=\"1237\">~80 g<\/td>\n<\/tr>\n<tr data-start=\"1238\" data-end=\"1344\">\n<td data-start=\"1238\" data-end=\"1255\" data-col-size=\"sm\">Abmessungen<\/td>\n<td data-col-size=\"sm\" data-start=\"1255\" data-end=\"1270\">55,5 mm\u00b3<\/td>\n<td data-col-size=\"sm\" data-start=\"1270\" data-end=\"1292\">55,5 mm\u00b3<\/td>\n<td data-col-size=\"sm\" data-start=\"1292\" data-end=\"1344\">55,5 mm\u00b3<\/td>\n<\/tr>\n<tr data-start=\"1345\" data-end=\"1446\">\n<td data-start=\"1345\" data-end=\"1362\" data-col-size=\"sm\">Einstellungen<\/td>\n<td data-start=\"1362\" data-end=\"1402\" data-col-size=\"sm\">9 Spannungsstufen, Eckmagnete x5<\/td>\n<td data-start=\"1402\" data-end=\"1425\" data-col-size=\"sm\">Gleiches + Magnetkern<\/td>\n<td data-start=\"1425\" data-end=\"1446\" data-col-size=\"sm\">+ Magnetische Aufh\u00e4ngung<\/td>\n<\/tr>\n<\/tbody>\n<\/table>\n<\/div>\n<\/div>\n<\/div>\n<\/div>\n","protected":false},"excerpt":{"rendered":"<p>YJ<\/p>\n","protected":false},"featured_media":507277,"template":"","meta":{"_improvement_type_select":"improve_an_existing","_thumb_yes_seoaic":false,"_frame_yes_seoaic":false,"seoaic_generate_description":"","seoaic_improve_instructions_prompt":"","seoaic_rollback_content_improvement":"","seoaic_idea_thumbnail_generator":"","thumbnail_generated":false,"thumbnail_generate_prompt":"","seoaic_article_description":"","product-afmeting-lengte-mm":"","product-afmeting-breedte-mm":"","product-afmeting-hoogte-mm":""},"product_brand":[],"product_cat":[1221,2174,1211],"product_tag":[],"class_list":{"0":"post-507448","1":"product","2":"type-product","3":"status-publish","4":"has-post-thumbnail","6":"product_cat-3x3-de","7":"product_cat-yj-de","8":"product_cat-speedcube-de","10":"first","11":"instock","12":"sale","13":"taxable","14":"shipping-taxable","15":"purchasable","16":"product-type-variable"},"df_price":10.5,"df_sale_price":"","df_regular_price":10.5,"df_image_link":"https:\/\/www.speedcube.nl\/wp-content\/uploads\/2025\/07\/Productvisuals_Speedcubes-YJ-MGC-Beta-3x3-6-285x300.jpg","_links":{"self":[{"href":"https:\/\/www.speedcube.nl\/de\/wp-json\/wp\/v2\/product\/507448","targetHints":{"allow":["GET"]}}],"collection":[{"href":"https:\/\/www.speedcube.nl\/de\/wp-json\/wp\/v2\/product"}],"about":[{"href":"https:\/\/www.speedcube.nl\/de\/wp-json\/wp\/v2\/types\/product"}],"version-history":[{"count":0,"href":"https:\/\/www.speedcube.nl\/de\/wp-json\/wp\/v2\/product\/507448\/revisions"}],"wp:featuredmedia":[{"embeddable":true,"href":"https:\/\/www.speedcube.nl\/de\/wp-json\/wp\/v2\/media\/507277"}],"wp:attachment":[{"href":"https:\/\/www.speedcube.nl\/de\/wp-json\/wp\/v2\/media?parent=507448"}],"wp:term":[{"taxonomy":"product_brand","embeddable":true,"href":"https:\/\/www.speedcube.nl\/de\/wp-json\/wp\/v2\/product_brand?post=507448"},{"taxonomy":"product_cat","embeddable":true,"href":"https:\/\/www.speedcube.nl\/de\/wp-json\/wp\/v2\/product_cat?post=507448"},{"taxonomy":"product_tag","embeddable":true,"href":"https:\/\/www.speedcube.nl\/de\/wp-json\/wp\/v2\/product_tag?post=507448"}],"curies":[{"name":"wp","href":"https:\/\/api.w.org\/{rel}","templated":true}]}}