{"id":507440,"date":"2025-07-06T17:36:38","date_gmt":"2025-07-06T15:36:38","guid":{"rendered":"https:\/\/www.speedcube.nl\/unkategorisiert\/moyu-weilong-wrm-v11-3x3\/"},"modified":"2026-04-25T05:04:43","modified_gmt":"2026-04-25T03:04:43","slug":"moyu-weilong-wrm-v11-3x3","status":"publish","type":"product","link":"https:\/\/www.speedcube.nl\/de\/speedcube-de\/moyu-de\/moyu-weilong-wrm-v11-3x3\/","title":{"rendered":"MoYu WeiLong WRM V11 3\u00d73"},"content":{"rendered":"<p data-start=\"207\" data-end=\"283\"><span class=\"relative -mx-px my-[-0.2rem] rounded px-px py-[0.2rem] transition-colors duration-100 ease-in-out\">Der <strong data-start=\"3\" data-end=\"22\">WeiLong WRM V11<\/strong> ist das neueste Flaggschiff von MoYu, die Wahl des Top-Speedcubers Yiheng Wang f\u00fcr seinen Weltrekord von unter 4 Durchschnitt. Dieser W\u00fcrfel wurde mit &#8222;gekappten Teilen&#8220; entworfen und bietet ultimative Leistung und ausgefeilte Technik f\u00fcr ernsthafte Speedcuber <\/span><\/p>\n<p data-start=\"285\" data-end=\"322\"><span class=\"relative -mx-px my-[-0.2rem] rounded px-px py-[0.2rem] transition-colors duration-100 ease-in-out\">W\u00e4hlen Sie aus 4 sorgf\u00e4ltig aufeinander abgestimmten Varianten:<\/span><\/p>\n<ol data-start=\"324\" data-end=\"531\">\n<li data-start=\"324\" data-end=\"366\">\n<p data-start=\"327\" data-end=\"366\"><span class=\"relative -mx-px my-[-0.2rem] rounded px-px py-[0.2rem] transition-colors duration-100 ease-in-out\">Standard Magnetic &#8211; klassische magnetische Flaggenmagnete, matte Oberfl\u00e4che<\/span><\/p>\n<\/li>\n<li data-start=\"367\" data-end=\"409\">\n<p data-start=\"370\" data-end=\"409\"><span class=\"relative -mx-px my-[-0.2rem] rounded px-px py-[0.2rem] transition-colors duration-100 ease-in-out\">Standard UV &#8211; zus\u00e4tzliche UV-Beschichtung f\u00fcr Griffigkeit und Haltbarkeit<\/span><\/p>\n<\/li>\n<li data-start=\"410\" data-end=\"452\">\n<p data-start=\"413\" data-end=\"452\"><span class=\"relative -mx-px my-[-0.2rem] rounded px-px py-[0.2rem] transition-colors duration-100 ease-in-out\">8-Magnet Ball-Core UV &#8211; Kernmagnetsystem f\u00fcr zus\u00e4tzliche Stabilit\u00e4t<\/span><\/p>\n<\/li>\n<li data-start=\"453\" data-end=\"531\">\n<p data-start=\"456\" data-end=\"531\"><span class=\"relative -mx-px my-[-0.2rem] rounded px-px py-[0.2rem] transition-colors duration-100 ease-in-out\">20-Magnet Ball-Core MagLev UV &#8211; Top Line mit Magnetfeder, 20 Kernmagneten &amp; UV-Beschichtung<\/span><\/p>\n<\/li>\n<\/ol>\n<p data-start=\"538\" data-end=\"567\"><strong>Wesentliche Merkmale<\/strong><\/p>\n<ul data-start=\"569\" data-end=\"1070\">\n<li data-start=\"569\" data-end=\"650\">\n<p data-start=\"571\" data-end=\"650\"><span class=\"relative -mx-px my-[-0.2rem] rounded px-px py-[0.2rem] transition-colors duration-100 ease-in-out\">Gekapptes Design &#8211; bessere Festigkeit und verst\u00e4rkte Teile<\/span><\/p>\n<\/li>\n<li data-start=\"651\" data-end=\"734\">\n<p data-start=\"653\" data-end=\"734\"><span class=\"relative -mx-px my-[-0.2rem] rounded px-px py-[0.2rem] transition-colors duration-100 ease-in-out\">Magnetisches System &#8211; 48-100 Magnete pro Variante f\u00fcr eine genaue Ausrichtung<\/span><\/p>\n<\/li>\n<li data-start=\"735\" data-end=\"818\">\n<p data-start=\"737\" data-end=\"818\"><span class=\"relative -mx-px my-[-0.2rem] rounded px-px py-[0.2rem] transition-colors duration-100 ease-in-out\">Ball-Core &#8211; 8 oder 20 Kernmagnete je nach Variante<\/span><\/p>\n<\/li>\n<li data-start=\"819\" data-end=\"902\">\n<p data-start=\"821\" data-end=\"902\"><span class=\"relative -mx-px my-[-0.2rem] rounded px-px py-[0.2rem] transition-colors duration-100 ease-in-out\">MagLev &#8211; keine Feder, magnetische Absto\u00dfung f\u00fcr ultrasanfte und schnelle Reaktion<\/span><\/p>\n<\/li>\n<li data-start=\"903\" data-end=\"986\">\n<p data-start=\"905\" data-end=\"986\"><span class=\"relative -mx-px my-[-0.2rem] rounded px-px py-[0.2rem] transition-colors duration-100 ease-in-out\">UV-Beschichtung &#8211; gl\u00e4nzende, kratzfeste und griffige Oberfl\u00e4che<\/span><\/p>\n<\/li>\n<li data-start=\"987\" data-end=\"1070\">\n<p data-start=\"989\" data-end=\"1070\"><span class=\"relative -mx-px my-[-0.2rem] rounded px-px py-[0.2rem] bg-[#FCECC1] dark:bg-[#64572A] transition-colors duration-100 ease-in-out\">Einstellbar &#8211; 8 Kompressions- und 8 Spannungseinstellungen pro Variante<\/span><\/p>\n<\/li>\n<\/ul>\n<p data-start=\"1077\" data-end=\"1109\"><strong>Technische Daten<\/strong><\/p>\n<div class=\"_tableContainer_80l1q_1\">\n<div class=\"_tableWrapper_80l1q_14 group flex w-fit flex-col-reverse\" tabindex=\"-1\">\n<table class=\"w-fit min-w-(--thread-content-width)\" data-start=\"1111\" data-end=\"1790\">\n<thead data-start=\"1111\" data-end=\"1197\">\n<tr data-start=\"1111\" data-end=\"1197\">\n<th data-start=\"1111\" data-end=\"1146\" data-col-size=\"sm\">Variante<\/th>\n<th data-start=\"1146\" data-end=\"1157\" data-col-size=\"sm\">Magnete<\/th>\n<th data-start=\"1157\" data-end=\"1172\" data-col-size=\"sm\">Feder<\/th>\n<th data-start=\"1172\" data-end=\"1182\" data-col-size=\"sm\">Gewicht<\/th>\n<th data-start=\"1182\" data-end=\"1197\" data-col-size=\"sm\">Veredelung<\/th>\n<\/tr>\n<\/thead>\n<tbody data-start=\"1285\" data-end=\"1790\">\n<tr data-start=\"1285\" data-end=\"1411\">\n<td data-start=\"1285\" data-end=\"1320\" data-col-size=\"sm\">Standard Magnetisch<\/td>\n<td data-start=\"1320\" data-end=\"1331\" data-col-size=\"sm\">48<\/td>\n<td data-start=\"1331\" data-end=\"1346\" data-col-size=\"sm\">Feder<\/td>\n<td data-start=\"1346\" data-end=\"1356\" data-col-size=\"sm\">60 g<\/td>\n<td data-start=\"1356\" data-end=\"1368\" data-col-size=\"sm\">Matt<\/td>\n<\/tr>\n<tr data-start=\"1412\" data-end=\"1537\">\n<td data-start=\"1412\" data-end=\"1446\" data-col-size=\"sm\">Standard Magnetisch UV<\/td>\n<td data-start=\"1446\" data-end=\"1457\" data-col-size=\"sm\">48<\/td>\n<td data-start=\"1457\" data-end=\"1472\" data-col-size=\"sm\">Feder<\/td>\n<td data-start=\"1472\" data-end=\"1482\" data-col-size=\"sm\">61 g<\/td>\n<td data-start=\"1482\" data-end=\"1494\" data-col-size=\"sm\">UV<\/td>\n<\/tr>\n<tr data-start=\"1538\" data-end=\"1664\">\n<td data-start=\"1538\" data-end=\"1573\" data-col-size=\"sm\">8M Ball-Core UV<\/td>\n<td data-start=\"1573\" data-end=\"1584\" data-col-size=\"sm\">64<\/td>\n<td data-start=\"1584\" data-end=\"1599\" data-col-size=\"sm\">Feder<\/td>\n<td data-col-size=\"sm\" data-start=\"1599\" data-end=\"1609\">63 g<\/td>\n<td data-col-size=\"sm\" data-start=\"1609\" data-end=\"1621\">UV<\/td>\n<\/tr>\n<tr data-start=\"1665\" data-end=\"1790\">\n<td data-start=\"1665\" data-end=\"1699\" data-col-size=\"sm\">20M Kugelkern MagLev UV<\/td>\n<td data-col-size=\"sm\" data-start=\"1699\" data-end=\"1710\">100<\/td>\n<td data-col-size=\"sm\" data-start=\"1710\" data-end=\"1725\">MagLev<\/td>\n<td data-col-size=\"sm\" data-start=\"1725\" data-end=\"1735\">67 g<\/td>\n<td data-col-size=\"sm\" data-start=\"1735\" data-end=\"1747\">UV<\/td>\n<\/tr>\n<\/tbody>\n<\/table>\n<div class=\"sticky end-(--thread-content-margin) h-0 self-end select-none\">\n<div class=\"absolute end-0 flex items-end\"><\/div>\n<\/div>\n<\/div>\n<\/div>\n<ul data-start=\"1792\" data-end=\"1957\">\n<li data-start=\"1792\" data-end=\"1875\">\n<p data-start=\"1794\" data-end=\"1875\"><span class=\"relative -mx-px my-[-0.2rem] rounded px-px py-[0.2rem] transition-colors duration-100 ease-in-out\"><strong data-start=\"0\" data-end=\"12\" data-is-only-node=\"\">Abmessungen<\/strong>: 55,5 \u00d7 55,5 \u00d7 55,5 mm f\u00fcr alle Varianten<\/span><\/p>\n<\/li>\n<li data-start=\"1876\" data-end=\"1957\">\n<p data-start=\"1878\" data-end=\"1957\"><span class=\"relative -mx-px my-[-0.2rem] rounded px-px py-[0.2rem] transition-colors duration-100 ease-in-out\"><strong data-start=\"0\" data-end=\"17\" data-is-only-node=\"\">Bruttogewicht<\/strong>: ~200 g einschlie\u00dflich Verpackung<\/span><\/p>\n<\/li>\n<\/ul>\n","protected":false},"excerpt":{"rendered":"<p>MOYU<\/p>\n","protected":false},"featured_media":507399,"template":"","meta":{"_improvement_type_select":"improve_an_existing","_thumb_yes_seoaic":false,"_frame_yes_seoaic":false,"seoaic_generate_description":"","seoaic_improve_instructions_prompt":"","seoaic_rollback_content_improvement":"","seoaic_idea_thumbnail_generator":"","thumbnail_generated":false,"thumbnail_generate_prompt":"","seoaic_article_description":"","product-afmeting-lengte-mm":"","product-afmeting-breedte-mm":"","product-afmeting-hoogte-mm":""},"product_brand":[],"product_cat":[1221,1332,1211],"product_tag":[],"class_list":{"0":"post-507440","1":"product","2":"type-product","3":"status-publish","4":"has-post-thumbnail","6":"product_cat-3x3-de","7":"product_cat-moyu-de","8":"product_cat-speedcube-de","10":"first","11":"outofstock","12":"taxable","13":"shipping-taxable","14":"purchasable","15":"product-type-variable"},"df_price":19.99,"df_sale_price":"","df_regular_price":19.99,"df_image_link":"https:\/\/www.speedcube.nl\/wp-content\/uploads\/2025\/07\/Productvisuals_Speedcubes-MoYu-WeiLong-WRM-V11-11-1-285x300.jpg","_links":{"self":[{"href":"https:\/\/www.speedcube.nl\/de\/wp-json\/wp\/v2\/product\/507440","targetHints":{"allow":["GET"]}}],"collection":[{"href":"https:\/\/www.speedcube.nl\/de\/wp-json\/wp\/v2\/product"}],"about":[{"href":"https:\/\/www.speedcube.nl\/de\/wp-json\/wp\/v2\/types\/product"}],"version-history":[{"count":0,"href":"https:\/\/www.speedcube.nl\/de\/wp-json\/wp\/v2\/product\/507440\/revisions"}],"wp:featuredmedia":[{"embeddable":true,"href":"https:\/\/www.speedcube.nl\/de\/wp-json\/wp\/v2\/media\/507399"}],"wp:attachment":[{"href":"https:\/\/www.speedcube.nl\/de\/wp-json\/wp\/v2\/media?parent=507440"}],"wp:term":[{"taxonomy":"product_brand","embeddable":true,"href":"https:\/\/www.speedcube.nl\/de\/wp-json\/wp\/v2\/product_brand?post=507440"},{"taxonomy":"product_cat","embeddable":true,"href":"https:\/\/www.speedcube.nl\/de\/wp-json\/wp\/v2\/product_cat?post=507440"},{"taxonomy":"product_tag","embeddable":true,"href":"https:\/\/www.speedcube.nl\/de\/wp-json\/wp\/v2\/product_tag?post=507440"}],"curies":[{"name":"wp","href":"https:\/\/api.w.org\/{rel}","templated":true}]}}