{"id":507436,"date":"2025-07-06T17:36:37","date_gmt":"2025-07-06T15:36:37","guid":{"rendered":"https:\/\/www.speedcube.nl\/unkategorisiert\/dayan-skewb-v2m\/"},"modified":"2026-04-20T05:04:35","modified_gmt":"2026-04-20T03:04:35","slug":"dayan-skewb-v2m","status":"publish","type":"product","link":"https:\/\/www.speedcube.nl\/de\/speedcube-de\/dayan-de\/dayan-skewb-v2m\/","title":{"rendered":"Dayan Skewb V2M"},"content":{"rendered":"<p data-start=\"166\" data-end=\"203\"><span class=\"relative -mx-px my-[-0.2rem] rounded px-px py-[0.2rem] transition-colors duration-100 ease-in-out\">Der <strong data-start=\"3\" data-end=\"22\">Dayan Skewb V2M<\/strong> ist der fortschrittlichste Skewb auf dem Markt, entwickelt f\u00fcr ernsthafte Speedcuber. Ausgestattet mit einem <strong data-start=\"130\" data-end=\"143\">Premium-Kugelkern-<\/strong> und <strong data-start=\"147\" data-end=\"169\">Kernmagnetsystem<\/strong> und einstellbar \u00fcber ein Dual-Adjust-System, bietet dieser Skewb optimale Stabilit\u00e4t und Pr\u00e4zision. <\/span><\/p>\n<p data-start=\"205\" data-end=\"242\"><span class=\"relative -mx-px my-[-0.2rem] rounded px-px py-[0.2rem] transition-colors duration-100 ease-in-out\">Sie k\u00f6nnen zwischen zwei Varianten w\u00e4hlen:<\/span><\/p>\n<ul data-start=\"244\" data-end=\"363\">\n<li data-start=\"244\" data-end=\"285\">\n<p data-start=\"246\" data-end=\"285\"><span class=\"relative -mx-px my-[-0.2rem] rounded px-px py-[0.2rem] transition-colors duration-100 ease-in-out\">Standard &#8211; mit Kugelkern &amp; Kernmagnetsystem, traditionelle Feder<\/span><\/p>\n<\/li>\n<li data-start=\"286\" data-end=\"363\">\n<p data-start=\"288\" data-end=\"363\"><span class=\"relative -mx-px my-[-0.2rem] rounded px-px py-[0.2rem] transition-colors duration-100 ease-in-out\">MagLev + UV &#8211; innovative magnetische Aufh\u00e4ngung (ohne Feder) und kratzfeste UV-Beschichtung f\u00fcr zus\u00e4tzlichen Halt und Haltbarkeit<\/span><\/p>\n<\/li>\n<\/ul>\n<p data-start=\"409\" data-end=\"443\"><strong>Wesentliche Merkmale<\/strong><\/p>\n<ul data-start=\"445\" data-end=\"772\">\n<li data-start=\"445\" data-end=\"524\">\n<p data-start=\"447\" data-end=\"524\"><span class=\"relative -mx-px my-[-0.2rem] rounded px-px py-[0.2rem] transition-colors duration-100 ease-in-out\">Ball-Core + Kernmagnetsystem &#8211; f\u00fcr perfekte Ausrichtung und zus\u00e4tzliche Stabilit\u00e4t<\/span><\/p>\n<\/li>\n<li data-start=\"525\" data-end=\"606\">\n<p data-start=\"527\" data-end=\"606\"><span class=\"relative -mx-px my-[-0.2rem] rounded px-px py-[0.2rem] transition-colors duration-100 ease-in-out\">Einstellbares duales System &#8211; 6 Kompressionspositionen, 8 Spannpositionen und einstellbare Eckmagnete (5 Positionen)<\/span><\/p>\n<\/li>\n<li data-start=\"607\" data-end=\"690\">\n<p data-start=\"609\" data-end=\"690\"><span class=\"relative -mx-px my-[-0.2rem] rounded px-px py-[0.2rem] transition-colors duration-100 ease-in-out\">MagLev-Version &#8211; ersetzt die Feder durch magnetische Absto\u00dfung f\u00fcr \u00dcberschall-Leichtg\u00e4ngigkeit.<\/span><\/p>\n<\/li>\n<li data-start=\"691\" data-end=\"772\">\n<p data-start=\"693\" data-end=\"772\"><span class=\"relative -mx-px my-[-0.2rem] rounded px-px py-[0.2rem] transition-colors duration-100 ease-in-out\">UV-Beschichtung (nur MagLev-Variante) &#8211; gl\u00e4nzende, kratzfeste Oberfl\u00e4che f\u00fcr besseren Halt<\/span><\/p>\n<\/li>\n<\/ul>\n<p data-start=\"779\" data-end=\"803\"><strong>Spezifikationen<\/strong><\/p>\n<div class=\"_tableContainer_80l1q_1\">\n<div class=\"_tableWrapper_80l1q_14 group flex w-fit flex-col-reverse\" tabindex=\"-1\">\n<table class=\"w-fit min-w-(--thread-content-width)\" data-start=\"805\" data-end=\"1248\">\n<thead data-start=\"805\" data-end=\"863\">\n<tr data-start=\"805\" data-end=\"863\">\n<th data-start=\"805\" data-end=\"823\" data-col-size=\"sm\">Eigenschaft<\/th>\n<th data-start=\"823\" data-end=\"863\" data-col-size=\"md\">Wert<\/th>\n<\/tr>\n<\/thead>\n<tbody data-start=\"925\" data-end=\"1248\">\n<tr data-start=\"925\" data-end=\"1009\">\n<td data-start=\"925\" data-end=\"943\" data-col-size=\"sm\">Abmessungen<\/td>\n<td data-start=\"943\" data-end=\"1009\" data-col-size=\"md\"><span class=\"relative -mx-px my-[-0.2rem] rounded px-px py-[0.2rem] transition-colors duration-100 ease-in-out\">56 \u00d7 56 \u00d7 56 mm<\/span><\/td>\n<\/tr>\n<tr data-start=\"1010\" data-end=\"1111\">\n<td data-start=\"1010\" data-end=\"1028\" data-col-size=\"sm\">Gewicht<\/td>\n<td data-start=\"1028\" data-end=\"1111\" data-col-size=\"md\"><span class=\"relative -mx-px my-[-0.2rem] rounded px-px py-[0.2rem] transition-colors duration-100 ease-in-out\">~73 g (Standard), ~79,5 g (MagLev)<\/span><\/td>\n<\/tr>\n<tr data-start=\"1112\" data-end=\"1177\">\n<td data-start=\"1112\" data-end=\"1130\" data-col-size=\"sm\">Material<\/td>\n<td data-start=\"1130\" data-end=\"1177\" data-col-size=\"md\">ABS-Kunststoff, magnetisch + Kugelkernsystem<\/td>\n<\/tr>\n<tr data-start=\"1178\" data-end=\"1248\">\n<td data-start=\"1178\" data-end=\"1196\" data-col-size=\"sm\">Optionen zur Auswahl<\/td>\n<td data-start=\"1196\" data-end=\"1248\" data-col-size=\"md\">Standard &#8211; Feder; MagLev &#8211; magnetisch + UV-beschichtet<\/td>\n<\/tr>\n<\/tbody>\n<\/table>\n<\/div>\n<\/div>\n","protected":false},"excerpt":{"rendered":"<p>DAYAN<\/p>\n","protected":false},"featured_media":507095,"template":"","meta":{"_improvement_type_select":"improve_an_existing","_thumb_yes_seoaic":false,"_frame_yes_seoaic":false,"seoaic_generate_description":"","seoaic_improve_instructions_prompt":"","seoaic_rollback_content_improvement":"","seoaic_idea_thumbnail_generator":"","thumbnail_generated":false,"thumbnail_generate_prompt":"","seoaic_article_description":"","product-afmeting-lengte-mm":"","product-afmeting-breedte-mm":"","product-afmeting-hoogte-mm":""},"product_brand":[],"product_cat":[2392,1339,1279,1211],"product_tag":[],"class_list":{"0":"post-507436","1":"product","2":"type-product","3":"status-publish","4":"has-post-thumbnail","6":"product_cat-dayan-de","7":"product_cat-skewb-de","8":"product_cat-twist-wurfel","9":"product_cat-speedcube-de","11":"first","12":"instock","13":"taxable","14":"shipping-taxable","15":"purchasable","16":"product-type-variable"},"df_price":19.99,"df_sale_price":"","df_regular_price":19.99,"df_image_link":"https:\/\/www.speedcube.nl\/wp-content\/uploads\/2025\/07\/Productvisuals_Speedcubes-Dayan-Dayan-Skewb-V2M-Maglev-UV-4-285x300.jpg","_links":{"self":[{"href":"https:\/\/www.speedcube.nl\/de\/wp-json\/wp\/v2\/product\/507436","targetHints":{"allow":["GET"]}}],"collection":[{"href":"https:\/\/www.speedcube.nl\/de\/wp-json\/wp\/v2\/product"}],"about":[{"href":"https:\/\/www.speedcube.nl\/de\/wp-json\/wp\/v2\/types\/product"}],"version-history":[{"count":0,"href":"https:\/\/www.speedcube.nl\/de\/wp-json\/wp\/v2\/product\/507436\/revisions"}],"wp:featuredmedia":[{"embeddable":true,"href":"https:\/\/www.speedcube.nl\/de\/wp-json\/wp\/v2\/media\/507095"}],"wp:attachment":[{"href":"https:\/\/www.speedcube.nl\/de\/wp-json\/wp\/v2\/media?parent=507436"}],"wp:term":[{"taxonomy":"product_brand","embeddable":true,"href":"https:\/\/www.speedcube.nl\/de\/wp-json\/wp\/v2\/product_brand?post=507436"},{"taxonomy":"product_cat","embeddable":true,"href":"https:\/\/www.speedcube.nl\/de\/wp-json\/wp\/v2\/product_cat?post=507436"},{"taxonomy":"product_tag","embeddable":true,"href":"https:\/\/www.speedcube.nl\/de\/wp-json\/wp\/v2\/product_tag?post=507436"}],"curies":[{"name":"wp","href":"https:\/\/api.w.org\/{rel}","templated":true}]}}