{"id":507432,"date":"2025-07-06T17:36:38","date_gmt":"2025-07-06T15:36:38","guid":{"rendered":"https:\/\/www.speedcube.nl\/unkategorisiert\/z-wuerfel-1x2x2\/"},"modified":"2026-04-22T05:04:56","modified_gmt":"2026-04-22T03:04:56","slug":"z-wuerfel-1x2x2","status":"publish","type":"product","link":"https:\/\/www.speedcube.nl\/de\/speedcube-de\/z-wurfel\/z-wuerfel-1x2x2\/","title":{"rendered":"Z-W\u00fcrfel 1\u00d72\u00d72"},"content":{"rendered":"<p data-start=\"176\" data-end=\"213\"><span class=\"relative -mx-px my-[-0.2rem] rounded px-px py-[0.2rem] transition-colors duration-100 ease-in-out\">Der <strong data-start=\"3\" data-end=\"19\">Z-Cube 1\u00d72\u00d72<\/strong> ist eine lustige und kompakte Version des klassischen 2\u00d72-W\u00fcrfels. Ideal zum schnellen Auspacken, leicht zu transportieren und perfekt f\u00fcr Puzzle-Liebhaber, die etwas anderes wollen &#8211; oder f\u00fcr Kinder und Anf\u00e4nger zum \u00dcben mit Quaderpuzzles. <\/span><\/p>\n<p data-start=\"215\" data-end=\"252\"><span class=\"relative -mx-px my-[-0.2rem] rounded px-px py-[0.2rem] transition-colors duration-100 ease-in-out\">Standardm\u00e4\u00dfig aus <strong data-start=\"22\" data-end=\"37\">ABS-Kunststoff<\/strong>, erh\u00e4ltlich in <strong data-start=\"55\" data-end=\"69\">schwarz, wei\u00df<\/strong> und manchmal halbtransparent, mit fr\u00f6hlichen farbigen Aufklebern.<\/span><\/p>\n","protected":false},"excerpt":{"rendered":"<p>Z-CUBE<\/p>\n","protected":false},"featured_media":507411,"template":"","meta":{"_improvement_type_select":"improve_an_existing","_thumb_yes_seoaic":false,"_frame_yes_seoaic":false,"seoaic_generate_description":"","seoaic_improve_instructions_prompt":"","seoaic_rollback_content_improvement":"","seoaic_idea_thumbnail_generator":"","thumbnail_generated":false,"thumbnail_generate_prompt":"","seoaic_article_description":"","product-afmeting-lengte-mm":"","product-afmeting-breedte-mm":"","product-afmeting-hoogte-mm":""},"product_brand":[],"product_cat":[2016,1267,1279,2017,1211],"product_tag":[],"class_list":{"0":"post-507432","1":"product","2":"type-product","3":"status-publish","4":"has-post-thumbnail","6":"product_cat-1x1-de","7":"product_cat-2x2-de","8":"product_cat-twist-wurfel","9":"product_cat-z-wurfel","10":"product_cat-speedcube-de","12":"first","13":"instock","14":"taxable","15":"shipping-taxable","16":"purchasable","17":"product-type-simple"},"df_price":7.99,"df_sale_price":"","df_regular_price":7.99,"df_image_link":"https:\/\/www.speedcube.nl\/wp-content\/uploads\/2025\/07\/Productvisuals_Speedcubes-Z-Cube-1\u00d72\u00d72-2-285x300.jpg","_links":{"self":[{"href":"https:\/\/www.speedcube.nl\/de\/wp-json\/wp\/v2\/product\/507432","targetHints":{"allow":["GET"]}}],"collection":[{"href":"https:\/\/www.speedcube.nl\/de\/wp-json\/wp\/v2\/product"}],"about":[{"href":"https:\/\/www.speedcube.nl\/de\/wp-json\/wp\/v2\/types\/product"}],"version-history":[{"count":0,"href":"https:\/\/www.speedcube.nl\/de\/wp-json\/wp\/v2\/product\/507432\/revisions"}],"wp:featuredmedia":[{"embeddable":true,"href":"https:\/\/www.speedcube.nl\/de\/wp-json\/wp\/v2\/media\/507411"}],"wp:attachment":[{"href":"https:\/\/www.speedcube.nl\/de\/wp-json\/wp\/v2\/media?parent=507432"}],"wp:term":[{"taxonomy":"product_brand","embeddable":true,"href":"https:\/\/www.speedcube.nl\/de\/wp-json\/wp\/v2\/product_brand?post=507432"},{"taxonomy":"product_cat","embeddable":true,"href":"https:\/\/www.speedcube.nl\/de\/wp-json\/wp\/v2\/product_cat?post=507432"},{"taxonomy":"product_tag","embeddable":true,"href":"https:\/\/www.speedcube.nl\/de\/wp-json\/wp\/v2\/product_tag?post=507432"}],"curies":[{"name":"wp","href":"https:\/\/api.w.org\/{rel}","templated":true}]}}