{"id":505776,"date":"2025-06-08T11:47:23","date_gmt":"2025-06-08T09:47:23","guid":{"rendered":"https:\/\/www.speedcube.nl\/unkategorisiert\/huzzle-cast-jam\/"},"modified":"2026-05-10T05:05:10","modified_gmt":"2026-05-10T03:05:10","slug":"huzzle-cast-jam","status":"publish","type":"product","link":"https:\/\/www.speedcube.nl\/de\/aanbieding-de\/huzzle-cast-jam\/","title":{"rendered":"Huzzle Cast Jam"},"content":{"rendered":"<p><span class=\"relative -mx-px my-[-0.2rem] rounded px-px py-[0.2rem] transition-colors duration-100 ease-in-out\">Das <strong data-start=\"3\" data-end=\"31\">Hanayama Huzzle Cast Jam<\/strong> ist ein geniales Metallpuzzle, das von dem japanischen Puzzlermeister <strong data-start=\"105\" data-end=\"118\">Yuu Asaka<\/strong> entworfen wurde.<\/span> <span class=\"relative -mx-px my-[-0.2rem] rounded px-px py-[0.2rem] transition-colors duration-100 ease-in-out\">Dieses Puzzle besteht aus zwei goldfarbenen Ringen, die sich frei \u00fcber eine Scheibe mit verschlungenen Rillen bewegen.<\/span><span class=\"relative -mx-px my-[-0.2rem] rounded px-px py-[0.2rem] transition-colors duration-100 ease-in-out\">Jeder Versuch, die Ringe zu trennen, f\u00fchrt dazu, dass sie sich gegenseitig blockieren.<\/span> <span class=\"relative -mx-px my-[-0.2rem] rounded px-px py-[0.2rem] transition-colors duration-100 ease-in-out\">Wenn Sie beide Seiten der Scheibe sorgf\u00e4ltig untersuchen und die versteckte Logik entr\u00e4tseln, k\u00f6nnen Sie die Ringe schlie\u00dflich befreien. <\/span> <\/p>\n<p><span class=\"relative -mx-px my-[-0.2rem] rounded px-px py-[0.2rem] transition-colors duration-100 ease-in-out\">Mit einem Schwierigkeitsgrad von <strong data-start=\"31\" data-end=\"41\">3 von 6<\/strong> bietet das Cast Jam eine herausfordernde, aber dennoch zug\u00e4ngliche Erfahrung f\u00fcr R\u00e4tselfreunde aller Stufen.<\/span> <span class=\"relative -mx-px my-[-0.2rem] rounded px-px py-[0.2rem] transition-colors duration-100 ease-in-out\">Seine kompakte Gr\u00f6\u00dfe und das hochwertige Metalldesign machen es zur perfekten Wahl f\u00fcr unterwegs oder als stilvolles Schreibtisch-Accessoire.<\/span><\/p>\n<table>\n<thead>\n<tr>\n<th>Eigenschaft<\/th>\n<th>Wert<\/th>\n<\/tr>\n<\/thead>\n<tbody>\n<tr>\n<td><strong>Schwierigkeitsgrad<\/strong><\/td>\n<td>3 (Normal)<\/td>\n<\/tr>\n<tr>\n<td><strong>Designer<\/strong><\/td>\n<td>Yuu Asaka<\/td>\n<\/tr>\n<tr>\n<td><strong>Abmessungen<\/strong><\/td>\n<td>75 mm x 75 mm x 45 mm<\/td>\n<\/tr>\n<tr>\n<td><strong>Material<\/strong><\/td>\n<td>Hochwertiges Metall<\/td>\n<\/tr>\n<tr>\n<td><strong>Empfohlenes Alter<\/strong><\/td>\n<td>12 Jahre und \u00e4lter<\/td>\n<\/tr>\n<\/tbody>\n<\/table>\n<p>&nbsp;<\/p>\n","protected":false},"excerpt":{"rendered":"<p>HUZZLE<\/p>\n","protected":false},"featured_media":505747,"template":"","meta":{"_improvement_type_select":"improve_an_existing","_thumb_yes_seoaic":false,"_frame_yes_seoaic":false,"seoaic_generate_description":"","seoaic_improve_instructions_prompt":"","seoaic_rollback_content_improvement":"","seoaic_idea_thumbnail_generator":"","thumbnail_generated":false,"thumbnail_generate_prompt":"","seoaic_article_description":"","product-afmeting-lengte-mm":"75","product-afmeting-breedte-mm":"45","product-afmeting-hoogte-mm":"75"},"product_brand":[],"product_cat":[1227,2558,1489],"product_tag":[],"class_list":{"0":"post-505776","1":"product","2":"type-product","3":"status-publish","4":"has-post-thumbnail","6":"product_cat-knobelaufgaben","7":"product_cat-aanbieding-de","8":"product_cat-ratsel","10":"first","11":"instock","12":"sale","13":"taxable","14":"shipping-taxable","15":"purchasable","16":"product-type-simple"},"df_price":8.97,"df_sale_price":8.97,"df_regular_price":14.95,"df_image_link":"https:\/\/www.speedcube.nl\/wp-content\/uploads\/2025\/06\/Productvisuals_Breinbrekers-Huzzle-Cast-Jam--285x300.jpg","_links":{"self":[{"href":"https:\/\/www.speedcube.nl\/de\/wp-json\/wp\/v2\/product\/505776","targetHints":{"allow":["GET"]}}],"collection":[{"href":"https:\/\/www.speedcube.nl\/de\/wp-json\/wp\/v2\/product"}],"about":[{"href":"https:\/\/www.speedcube.nl\/de\/wp-json\/wp\/v2\/types\/product"}],"version-history":[{"count":0,"href":"https:\/\/www.speedcube.nl\/de\/wp-json\/wp\/v2\/product\/505776\/revisions"}],"wp:featuredmedia":[{"embeddable":true,"href":"https:\/\/www.speedcube.nl\/de\/wp-json\/wp\/v2\/media\/505747"}],"wp:attachment":[{"href":"https:\/\/www.speedcube.nl\/de\/wp-json\/wp\/v2\/media?parent=505776"}],"wp:term":[{"taxonomy":"product_brand","embeddable":true,"href":"https:\/\/www.speedcube.nl\/de\/wp-json\/wp\/v2\/product_brand?post=505776"},{"taxonomy":"product_cat","embeddable":true,"href":"https:\/\/www.speedcube.nl\/de\/wp-json\/wp\/v2\/product_cat?post=505776"},{"taxonomy":"product_tag","embeddable":true,"href":"https:\/\/www.speedcube.nl\/de\/wp-json\/wp\/v2\/product_tag?post=505776"}],"curies":[{"name":"wp","href":"https:\/\/api.w.org\/{rel}","templated":true}]}}