{"id":505768,"date":"2025-06-08T11:37:12","date_gmt":"2025-06-08T09:37:12","guid":{"rendered":"https:\/\/www.speedcube.nl\/unkategorisiert\/yoyofactory-hubstack\/"},"modified":"2026-04-08T05:04:28","modified_gmt":"2026-04-08T03:04:28","slug":"yoyofactory-hubstack","status":"publish","type":"product","link":"https:\/\/www.speedcube.nl\/de\/yo-yos\/yoyofactory-de\/yoyofactory-hubstack\/","title":{"rendered":"YoYoFactory Hubstack"},"content":{"rendered":"<p data-start=\"320\" data-end=\"582\">Das <strong data-start=\"323\" data-end=\"347\">YoYoFactory Hubstack<\/strong> ist ein innovatives Yo-Yo, mit dem Sie buchst\u00e4blich die Kontrolle haben. Dank der <strong data-start=\"439\" data-end=\"463\">Hubstack-Technologie<\/strong> k\u00f6nnen Sie das Yo-Yo an der Seite halten, w\u00e4hrend es sich weiterdreht &#8211; ideal f\u00fcr coole Tricks und neue Spielweisen. <\/p>\n<p data-start=\"584\" data-end=\"783\">Dieses Yo-Yo ist perfekt f\u00fcr <strong data-start=\"617\" data-end=\"654\">Anf\u00e4nger und fortgeschrittene Spieler<\/strong>. Das Yo-Yo wird standardm\u00e4\u00dfig mit einem <strong data-start=\"683\" data-end=\"703\">reaktionsf\u00e4higen Lager<\/strong> geliefert, kann aber mit dem mitgelieferten zus\u00e4tzlichen Lager leicht auf unempfindlich umger\u00fcstet werden. <\/p>\n<p data-start=\"785\" data-end=\"829\">Erh\u00e4ltlich in zwei frischen Farbkombinationen:<\/p>\n<ul data-start=\"830\" data-end=\"861\">\n<li data-start=\"830\" data-end=\"845\">\n<p data-start=\"832\" data-end=\"845\"><strong data-start=\"832\" data-end=\"845\">Gr\u00fcn\/Wei\u00df<\/strong><\/p>\n<\/li>\n<li data-start=\"846\" data-end=\"861\">\n<p data-start=\"848\" data-end=\"861\"><strong data-start=\"848\" data-end=\"861\">Blau\/Wei\u00df<\/strong><\/p>\n<\/li>\n<\/ul>\n<table>\n<thead>\n<tr>\n<th>Eigenschaft<\/th>\n<th>Wert<\/th>\n<\/tr>\n<\/thead>\n<tbody>\n<tr>\n<td><strong>Durchmesser<\/strong><\/td>\n<td>58,36 mm<\/td>\n<\/tr>\n<tr>\n<td><strong>Breite<\/strong><\/td>\n<td>40,30 mm<\/td>\n<\/tr>\n<tr>\n<td><strong>Spaltbreite<\/strong><\/td>\n<td>4,80 mm<\/td>\n<\/tr>\n<tr>\n<td><strong>Gewicht<\/strong><\/td>\n<td>63,2 Gramm<\/td>\n<\/tr>\n<tr>\n<td><strong>Material<\/strong><\/td>\n<td>Polycarbonat<\/td>\n<\/tr>\n<tr>\n<td><strong>Lager<\/strong><\/td>\n<td>Slim Gr\u00f6\u00dfe C (im Jo-Jo), Large Gr\u00f6\u00dfe C (enthalten)<\/td>\n<\/tr>\n<tr>\n<td><strong>Ansprechendes System<\/strong><\/td>\n<td>19mm schlanke Pads<\/td>\n<\/tr>\n<tr>\n<td><strong>Typ<\/strong><\/td>\n<td>Responsive (Unresponsive \u00fcber Upgrade m\u00f6glich)<\/td>\n<\/tr>\n<\/tbody>\n<\/table>\n","protected":false},"excerpt":{"rendered":"<p>YOYOFACTORY<\/p>\n","protected":false},"featured_media":505723,"template":"","meta":{"_improvement_type_select":"improve_an_existing","_thumb_yes_seoaic":false,"_frame_yes_seoaic":false,"seoaic_generate_description":"","seoaic_improve_instructions_prompt":"","seoaic_rollback_content_improvement":"","seoaic_idea_thumbnail_generator":"","thumbnail_generated":false,"thumbnail_generate_prompt":"","seoaic_article_description":"","product-afmeting-lengte-mm":"58","product-afmeting-breedte-mm":"40","product-afmeting-hoogte-mm":"58"},"product_brand":[],"product_cat":[1419,1418,1238,1462],"product_tag":[],"class_list":{"0":"post-505768","1":"product","2":"type-product","3":"status-publish","4":"has-post-thumbnail","6":"product_cat-ansprechbar","7":"product_cat-kunststoff","8":"product_cat-yo-yos","9":"product_cat-yoyofactory-de","11":"first","12":"outofstock","13":"sale","14":"taxable","15":"shipping-taxable","16":"purchasable","17":"product-type-variable"},"df_price":7.5,"df_sale_price":"","df_regular_price":7.5,"df_image_link":"https:\/\/www.speedcube.nl\/wp-content\/uploads\/2025\/06\/Productvisuals_yoyo-YoYoFactory-Hubstack-2--285x300.jpg","_links":{"self":[{"href":"https:\/\/www.speedcube.nl\/de\/wp-json\/wp\/v2\/product\/505768","targetHints":{"allow":["GET"]}}],"collection":[{"href":"https:\/\/www.speedcube.nl\/de\/wp-json\/wp\/v2\/product"}],"about":[{"href":"https:\/\/www.speedcube.nl\/de\/wp-json\/wp\/v2\/types\/product"}],"version-history":[{"count":0,"href":"https:\/\/www.speedcube.nl\/de\/wp-json\/wp\/v2\/product\/505768\/revisions"}],"wp:featuredmedia":[{"embeddable":true,"href":"https:\/\/www.speedcube.nl\/de\/wp-json\/wp\/v2\/media\/505723"}],"wp:attachment":[{"href":"https:\/\/www.speedcube.nl\/de\/wp-json\/wp\/v2\/media?parent=505768"}],"wp:term":[{"taxonomy":"product_brand","embeddable":true,"href":"https:\/\/www.speedcube.nl\/de\/wp-json\/wp\/v2\/product_brand?post=505768"},{"taxonomy":"product_cat","embeddable":true,"href":"https:\/\/www.speedcube.nl\/de\/wp-json\/wp\/v2\/product_cat?post=505768"},{"taxonomy":"product_tag","embeddable":true,"href":"https:\/\/www.speedcube.nl\/de\/wp-json\/wp\/v2\/product_tag?post=505768"}],"curies":[{"name":"wp","href":"https:\/\/api.w.org\/{rel}","templated":true}]}}