{"id":505762,"date":"2025-06-08T11:26:45","date_gmt":"2025-06-08T09:26:45","guid":{"rendered":"https:\/\/www.speedcube.nl\/unkategorisiert\/yoyofactory-neun-drachen\/"},"modified":"2026-05-03T05:29:28","modified_gmt":"2026-05-03T03:29:28","slug":"yoyofactory-neun-drachen","status":"publish","type":"product","link":"https:\/\/www.speedcube.nl\/de\/yo-yos\/aluminium-de\/yoyofactory-neun-drachen\/","title":{"rendered":"YoYoFactory Neun Drachen"},"content":{"rendered":"<p data-start=\"309\" data-end=\"604\">Das <strong data-start=\"312\" data-end=\"340\">YoYoFactory Nine Dragons<\/strong> ist ein revolution\u00e4res Yo-Yo, das die Grenzen des traditionellen Yo-Yo-Spiels sprengt. Seine einzigartigen <strong data-start=\"437\" data-end=\"467\">frei drehenden Au\u00dfenkappen<\/strong> (\u201eDragon Caps\u201c) erm\u00f6glichen es Ihnen, das Yo-Yo zu halten, w\u00e4hrend es sich weiterdreht &#8211; ideal f\u00fcr innovative Tricks, Finger-Spins und horizontales Spiel. <\/p>\n<p data-start=\"606\" data-end=\"660\">Dieses Yo-Yo ist in zwei verschiedenen Editionen erh\u00e4ltlich:<\/p>\n<ul data-start=\"661\" data-end=\"814\">\n<li data-start=\"661\" data-end=\"724\">\n<p data-start=\"663\" data-end=\"724\"><strong data-start=\"663\" data-end=\"683\">Aqua\/Red Edition<\/strong> &#8211; frischer Look mit auff\u00e4lligen roten Kappen<\/p>\n<\/li>\n<li data-start=\"725\" data-end=\"814\">\n<p data-start=\"727\" data-end=\"814\"><strong data-start=\"727\" data-end=\"750\">Galaxy Glow Edition<\/strong> &#8211; bietet Licht im Dunkeln f\u00fcr spektakul\u00e4re visuelle Effekte<\/p>\n<\/li>\n<\/ul>\n<p data-start=\"816\" data-end=\"884\">Perfekt f\u00fcr fortgeschrittene Spieler, die neue Stile erkunden wollen.<\/p>\n<table>\n<thead>\n<tr>\n<th>Eigenschaft<\/th>\n<th>Wert<\/th>\n<\/tr>\n<\/thead>\n<tbody>\n<tr>\n<td><strong>Durchmesser<\/strong><\/td>\n<td>59.11 mm<\/td>\n<\/tr>\n<tr>\n<td><strong>Breite<\/strong><\/td>\n<td>49.05 mm<\/td>\n<\/tr>\n<tr>\n<td><strong>Spaltbreite<\/strong><\/td>\n<td>4.00 mm<\/td>\n<\/tr>\n<tr>\n<td><strong>Gewicht<\/strong><\/td>\n<td>82,4 Gramm<\/td>\n<\/tr>\n<tr>\n<td><strong>Material<\/strong><\/td>\n<td>Aluminium mit Kunststoff Dragon Caps<\/td>\n<\/tr>\n<tr>\n<td><strong>Lager<\/strong><\/td>\n<td>Center Trac C (3-Lager-System)<\/td>\n<\/tr>\n<tr>\n<td><strong>Reaktionssystem<\/strong><\/td>\n<td>CBC 19 mm Slim Pads<\/td>\n<\/tr>\n<tr>\n<td><strong>Typ<\/strong><\/td>\n<td>Nicht reagierend (Bindung erforderlich)<\/td>\n<\/tr>\n<\/tbody>\n<\/table>\n","protected":false},"excerpt":{"rendered":"<p>YOYOFACTORY<\/p>\n","protected":false},"featured_media":505697,"template":"","meta":{"_improvement_type_select":"improve_an_existing","_thumb_yes_seoaic":false,"_frame_yes_seoaic":false,"seoaic_generate_description":"","seoaic_improve_instructions_prompt":"","seoaic_rollback_content_improvement":"","seoaic_idea_thumbnail_generator":"","thumbnail_generated":false,"thumbnail_generate_prompt":"","seoaic_article_description":"","product-afmeting-lengte-mm":"59.11","product-afmeting-breedte-mm":"49","product-afmeting-hoogte-mm":"59.11"},"product_brand":[],"product_cat":[1572,1418,1255,1238,1462],"product_tag":[],"class_list":{"0":"post-505762","1":"product","2":"type-product","3":"status-publish","4":"has-post-thumbnail","6":"product_cat-aluminium-de","7":"product_cat-kunststoff","8":"product_cat-nicht-ansprechbar","9":"product_cat-yo-yos","10":"product_cat-yoyofactory-de","12":"first","13":"outofstock","14":"sale","15":"taxable","16":"shipping-taxable","17":"purchasable","18":"product-type-variable"},"df_price":35,"df_sale_price":"","df_regular_price":35,"df_image_link":"https:\/\/www.speedcube.nl\/wp-content\/uploads\/2025\/06\/Productvisuals_yoyo-YoYoFactory-Nine-Dragons-2--285x300.jpg","_links":{"self":[{"href":"https:\/\/www.speedcube.nl\/de\/wp-json\/wp\/v2\/product\/505762","targetHints":{"allow":["GET"]}}],"collection":[{"href":"https:\/\/www.speedcube.nl\/de\/wp-json\/wp\/v2\/product"}],"about":[{"href":"https:\/\/www.speedcube.nl\/de\/wp-json\/wp\/v2\/types\/product"}],"version-history":[{"count":0,"href":"https:\/\/www.speedcube.nl\/de\/wp-json\/wp\/v2\/product\/505762\/revisions"}],"wp:featuredmedia":[{"embeddable":true,"href":"https:\/\/www.speedcube.nl\/de\/wp-json\/wp\/v2\/media\/505697"}],"wp:attachment":[{"href":"https:\/\/www.speedcube.nl\/de\/wp-json\/wp\/v2\/media?parent=505762"}],"wp:term":[{"taxonomy":"product_brand","embeddable":true,"href":"https:\/\/www.speedcube.nl\/de\/wp-json\/wp\/v2\/product_brand?post=505762"},{"taxonomy":"product_cat","embeddable":true,"href":"https:\/\/www.speedcube.nl\/de\/wp-json\/wp\/v2\/product_cat?post=505762"},{"taxonomy":"product_tag","embeddable":true,"href":"https:\/\/www.speedcube.nl\/de\/wp-json\/wp\/v2\/product_tag?post=505762"}],"curies":[{"name":"wp","href":"https:\/\/api.w.org\/{rel}","templated":true}]}}