{"id":505760,"date":"2025-06-08T11:08:05","date_gmt":"2025-06-08T09:08:05","guid":{"rendered":"https:\/\/www.speedcube.nl\/unkategorisiert\/yoyofactory-big-deal\/"},"modified":"2026-04-28T05:01:53","modified_gmt":"2026-04-28T03:01:53","slug":"yoyofactory-big-deal","status":"publish","type":"product","link":"https:\/\/www.speedcube.nl\/de\/aanbieding-de\/yoyofactory-big-deal\/","title":{"rendered":"YoYoFactory Big Deal"},"content":{"rendered":"<p><span class=\"relative -mx-px my-[-0.2rem] rounded px-px py-[0.2rem] transition-colors duration-100 ease-in-out\">Das <strong data-start=\"3\" data-end=\"27\">YoYoFactory Big Deal<\/strong> ist ein einzigartiges Mikro-YoYo, das trotz seiner geringen Gr\u00f6\u00dfe eine beeindruckende Leistung bietet.<\/span><span class=\"relative -mx-px my-[-0.2rem] rounded px-px py-[0.2rem] transition-colors duration-100 ease-in-out\">Das Big Deal ist eine verbesserte Version des ber\u00fchmten Mighty Flea und ist mit <strong data-start=\"81\" data-end=\"94\">Hub Stacks<\/strong> ausgestattet, die neue Tricks und Spielweisen erm\u00f6glichen.<\/span> <span class=\"relative -mx-px my-[-0.2rem] rounded px-px py-[0.2rem] transition-colors duration-100 ease-in-out\">Dieses aus <strong data-start=\"30\" data-end=\"49\">rostfreiem Stahl<\/strong> gefertigte Yo-Yo bietet ein unvergleichliches Spielerlebnis f\u00fcr fortgeschrittene Spieler, die ein kompaktes, aber leistungsstarkes Yo-Yo suchen.<\/span><\/p>\n<table>\n<thead>\n<tr>\n<th>Eigenschaft<\/th>\n<th>Wert<\/th>\n<\/tr>\n<\/thead>\n<tbody>\n<tr>\n<td><strong>Durchmesser<\/strong><\/td>\n<td>25,75 mm<\/td>\n<\/tr>\n<tr>\n<td><strong>Breite<\/strong><\/td>\n<td>27,2 mm<\/td>\n<\/tr>\n<tr>\n<td><strong>Breite des Trapezes<\/strong><\/td>\n<td>19 mm<\/td>\n<\/tr>\n<tr>\n<td><strong>Gewicht<\/strong><\/td>\n<td>49.33 Gramm<\/td>\n<\/tr>\n<tr>\n<td><strong>Material<\/strong><\/td>\n<td>Rostfreier Stahl<\/td>\n<\/tr>\n<tr>\n<td><strong>Unter<\/strong><\/td>\n<td>Mighty Flea Gr\u00f6\u00dfe (Gr\u00f6\u00dfe K)<\/td>\n<\/tr>\n<tr>\n<td><strong>Reaktionssystem<\/strong><\/td>\n<td>Mighty Flea Pads<\/td>\n<\/tr>\n<tr>\n<td><strong>Typ<\/strong><\/td>\n<td>Nicht reagierend (Bindung erforderlich)<\/td>\n<\/tr>\n<tr>\n<td><strong>Inklusive<\/strong><\/td>\n<td>2x Mighty Flea Tanga, Aufbewahrungstasche<\/td>\n<\/tr>\n<\/tbody>\n<\/table>\n","protected":false},"excerpt":{"rendered":"<p>YOYOFACTORY<\/p>\n","protected":false},"featured_media":505680,"template":"","meta":{"_improvement_type_select":"improve_an_existing","_thumb_yes_seoaic":false,"_frame_yes_seoaic":false,"seoaic_generate_description":"","seoaic_improve_instructions_prompt":"","seoaic_rollback_content_improvement":"","seoaic_idea_thumbnail_generator":"","thumbnail_generated":false,"thumbnail_generate_prompt":"","seoaic_article_description":"","product-afmeting-lengte-mm":"","product-afmeting-breedte-mm":"","product-afmeting-hoogte-mm":""},"product_brand":[],"product_cat":[1238,1462,2558],"product_tag":[],"class_list":{"0":"post-505760","1":"product","2":"type-product","3":"status-publish","4":"has-post-thumbnail","6":"product_cat-yo-yos","7":"product_cat-yoyofactory-de","8":"product_cat-aanbieding-de","10":"first","11":"instock","12":"sale","13":"taxable","14":"shipping-taxable","15":"purchasable","16":"product-type-simple"},"df_price":32.5,"df_sale_price":32.5,"df_regular_price":64.99,"df_image_link":"https:\/\/www.speedcube.nl\/wp-content\/uploads\/2025\/06\/Productvisuals_yoyo-YoYoFactory-Big-Deal--285x300.jpg","_links":{"self":[{"href":"https:\/\/www.speedcube.nl\/de\/wp-json\/wp\/v2\/product\/505760","targetHints":{"allow":["GET"]}}],"collection":[{"href":"https:\/\/www.speedcube.nl\/de\/wp-json\/wp\/v2\/product"}],"about":[{"href":"https:\/\/www.speedcube.nl\/de\/wp-json\/wp\/v2\/types\/product"}],"version-history":[{"count":0,"href":"https:\/\/www.speedcube.nl\/de\/wp-json\/wp\/v2\/product\/505760\/revisions"}],"wp:featuredmedia":[{"embeddable":true,"href":"https:\/\/www.speedcube.nl\/de\/wp-json\/wp\/v2\/media\/505680"}],"wp:attachment":[{"href":"https:\/\/www.speedcube.nl\/de\/wp-json\/wp\/v2\/media?parent=505760"}],"wp:term":[{"taxonomy":"product_brand","embeddable":true,"href":"https:\/\/www.speedcube.nl\/de\/wp-json\/wp\/v2\/product_brand?post=505760"},{"taxonomy":"product_cat","embeddable":true,"href":"https:\/\/www.speedcube.nl\/de\/wp-json\/wp\/v2\/product_cat?post=505760"},{"taxonomy":"product_tag","embeddable":true,"href":"https:\/\/www.speedcube.nl\/de\/wp-json\/wp\/v2\/product_tag?post=505760"}],"curies":[{"name":"wp","href":"https:\/\/api.w.org\/{rel}","templated":true}]}}