{"id":502962,"date":"2025-04-13T09:16:24","date_gmt":"2025-04-13T07:16:24","guid":{"rendered":"https:\/\/www.speedcube.nl\/unkategorisiert\/gan-356-me-lny-2025\/"},"modified":"2026-04-28T05:01:52","modified_gmt":"2026-04-28T03:01:52","slug":"gan-356-me-lny-2025","status":"publish","type":"product","link":"https:\/\/www.speedcube.nl\/de\/aanbieding-de\/gan-356-me-lny-2025\/","title":{"rendered":"GAN 356 ME LNY 2025"},"content":{"rendered":"<p data-start=\"81\" data-end=\"144\"><strong data-start=\"85\" data-end=\"144\">Feiern Sie das Jahr der Holzschlange<\/strong><\/p>\n<p class=\"\" data-start=\"146\" data-end=\"341\">Der <strong data-start=\"149\" data-end=\"172\">GAN 356 ME LNY 2025<\/strong> ist ein 3&#215;3 Speed Cube in limitierter Auflage, der das chinesische Neujahrsfest feiert. Mit seinem einzigartigen Design und seinen besonderen Eigenschaften vereint dieser W\u00fcrfel \u00c4sthetik und Leistung. <\/p>\n<p data-start=\"343\" data-end=\"368\">\ud83c\udfa8 <strong data-start=\"351\" data-end=\"368\">Einzigartiges Design<\/strong><\/p>\n<ul data-start=\"369\" data-end=\"651\">\n<li class=\"\" data-start=\"369\" data-end=\"455\">\n<p class=\"\" data-start=\"371\" data-end=\"455\"><strong data-start=\"371\" data-end=\"390\">Interne Farben<\/strong>: Leuchtend gelbe interne Komponenten f\u00fcr einen lebendigen Look.<\/p>\n<\/li>\n<li class=\"\" data-start=\"456\" data-end=\"532\">\n<p class=\"\" data-start=\"458\" data-end=\"532\"><strong data-start=\"458\" data-end=\"470\">Magnete<\/strong>: Gr\u00fcne Magnetkapseln, die f\u00fcr eine festliche Atmosph\u00e4re sorgen.<\/p>\n<\/li>\n<li class=\"\" data-start=\"533\" data-end=\"651\">\n<p class=\"\" data-start=\"535\" data-end=\"651\"><strong data-start=\"535\" data-end=\"556\">Spezielle Aufkleber<\/strong>: Enth\u00e4lt personalisierte Aufkleber mit einem Schlangenmotiv, passend zum Jahr der Schlange.<\/p>\n<\/li>\n<\/ul>\n<p data-start=\"653\" data-end=\"687\">\ud83e\udde9 <strong data-start=\"661\" data-end=\"687\">Ausgezeichnete Leistung<\/strong><\/p>\n<ul data-start=\"688\" data-end=\"883\">\n<li class=\"\" data-start=\"688\" data-end=\"797\">\n<p class=\"\" data-start=\"690\" data-end=\"797\"><strong data-start=\"690\" data-end=\"712\">Magnetisches System<\/strong>: Vorkonfiguriert mit Magneten f\u00fcr ein sanfteres und kontrollierbares Drehen.<\/p>\n<\/li>\n<li class=\"\" data-start=\"798\" data-end=\"883\">\n<p class=\"\" data-start=\"800\" data-end=\"883\"><strong data-start=\"800\" data-end=\"818\">Eckenschnitt<\/strong>: Bietet hervorragende Eckenschnitte f\u00fcr effiziente L\u00f6sungen.<\/p>\n<\/li>\n<\/ul>\n<p data-start=\"885\" data-end=\"919\">\ud83c\udf81 <strong data-start=\"893\" data-end=\"919\">Inklusive Zubeh\u00f6r<\/strong><\/p>\n<ul data-start=\"920\" data-end=\"1071\">\n<li class=\"\" data-start=\"920\" data-end=\"996\">\n<p class=\"\" data-start=\"922\" data-end=\"996\"><strong data-start=\"922\" data-end=\"937\">Aufbewahrungsbeutel<\/strong>: Ein spezieller Aufbewahrungsbeutel f\u00fcr Schutz und Komfort.<\/p>\n<\/li>\n<li class=\"\" data-start=\"997\" data-end=\"1071\">\n<p class=\"\" data-start=\"999\" data-end=\"1071\"><strong data-start=\"999\" data-end=\"1017\">Extra Aufkleber<\/strong>: Ein zus\u00e4tzlicher Satz Aufkleber f\u00fcr die pers\u00f6nliche Gestaltung.<\/p>\n<\/li>\n<\/ul>\n<p class=\"\" data-start=\"1073\" data-end=\"1207\">Mit einem Gewicht von 78 Gramm und den Ma\u00dfen 56 mm x 56 mm x 56 mm ist dieser W\u00fcrfel ideal f\u00fcr den t\u00e4glichen Gebrauch und als Sammlerst\u00fcck geeignet.<\/p>\n","protected":false},"excerpt":{"rendered":"<p>GAN<\/p>\n","protected":false},"featured_media":502945,"template":"","meta":{"_improvement_type_select":"improve_an_existing","_thumb_yes_seoaic":false,"_frame_yes_seoaic":false,"seoaic_generate_description":"","seoaic_improve_instructions_prompt":"","seoaic_rollback_content_improvement":"","seoaic_idea_thumbnail_generator":"","thumbnail_generated":false,"thumbnail_generate_prompt":"","seoaic_article_description":"","product-afmeting-lengte-mm":"56","product-afmeting-breedte-mm":"56","product-afmeting-hoogte-mm":"56"},"product_brand":[],"product_cat":[1270,1211,2558],"product_tag":[],"class_list":{"0":"post-502962","1":"product","2":"type-product","3":"status-publish","4":"has-post-thumbnail","6":"product_cat-gan-de","7":"product_cat-speedcube-de","8":"product_cat-aanbieding-de","10":"first","11":"instock","12":"sale","13":"taxable","14":"shipping-taxable","15":"purchasable","16":"product-type-simple"},"df_price":19.59,"df_sale_price":19.59,"df_regular_price":27.99,"df_image_link":"https:\/\/www.speedcube.nl\/wp-content\/uploads\/2025\/04\/Productvisuals_Speedcubes-GAN-356-ME-LNY-2025-5-285x300.jpg","_links":{"self":[{"href":"https:\/\/www.speedcube.nl\/de\/wp-json\/wp\/v2\/product\/502962","targetHints":{"allow":["GET"]}}],"collection":[{"href":"https:\/\/www.speedcube.nl\/de\/wp-json\/wp\/v2\/product"}],"about":[{"href":"https:\/\/www.speedcube.nl\/de\/wp-json\/wp\/v2\/types\/product"}],"version-history":[{"count":0,"href":"https:\/\/www.speedcube.nl\/de\/wp-json\/wp\/v2\/product\/502962\/revisions"}],"wp:featuredmedia":[{"embeddable":true,"href":"https:\/\/www.speedcube.nl\/de\/wp-json\/wp\/v2\/media\/502945"}],"wp:attachment":[{"href":"https:\/\/www.speedcube.nl\/de\/wp-json\/wp\/v2\/media?parent=502962"}],"wp:term":[{"taxonomy":"product_brand","embeddable":true,"href":"https:\/\/www.speedcube.nl\/de\/wp-json\/wp\/v2\/product_brand?post=502962"},{"taxonomy":"product_cat","embeddable":true,"href":"https:\/\/www.speedcube.nl\/de\/wp-json\/wp\/v2\/product_cat?post=502962"},{"taxonomy":"product_tag","embeddable":true,"href":"https:\/\/www.speedcube.nl\/de\/wp-json\/wp\/v2\/product_tag?post=502962"}],"curies":[{"name":"wp","href":"https:\/\/api.w.org\/{rel}","templated":true}]}}